{"id":1147,"date":"2012-06-10T11:09:18","date_gmt":"2012-06-10T09:09:18","guid":{"rendered":"http:\/\/meelis.raume.eu\/?page_id=1147"},"modified":"2012-06-10T11:17:25","modified_gmt":"2012-06-10T09:17:25","slug":"oled-moelnud","status":"publish","type":"page","link":"https:\/\/meelis.raume.eu\/?page_id=1147","title":{"rendered":"Oled m\u00f5elnud &#8230;"},"content":{"rendered":"<p>Oled m\u00f5elnud tihti<br \/>\nkui meis k\u00f5ik \u00fchtib,<br \/>\nkuis sisemuses s\u00fcttib<br \/>\nvikerV\u00e4rvidega kattub!<\/p>\n<p>Oled m\u00f5elnud tihti<br \/>\nkui algamas on p\u00e4ev,<br \/>\ntahaks olla eilses,<br \/>\net Tulevat ei n\u00e4eks!<\/p>\n<p>Oled m\u00f5elnud tihti<br \/>\nkui l\u00f5ppemas on p\u00e4ev,<br \/>\ntahaks olla homses<br \/>\nl\u00f5peks Kannatuste vaev!<\/p>\n<p>Oled m\u00f5elnud tihti<br \/>\nkui meis midagi ei \u00fchti,<br \/>\nmis siis j\u00e4rele veel j\u00e4\u00e4b?<br \/>\nSeotud Okastraati k\u00e4ed!<\/p>\n","protected":false},"excerpt":{"rendered":"<p>Oled m\u00f5elnud tihti kui meis k\u00f5ik \u00fchtib, kuis sisemuses s\u00fcttib vikerV\u00e4rvidega kattub! Oled m\u00f5elnud tihti kui algamas on p\u00e4ev, tahaks olla eilses, et Tulevat ei n\u00e4eks! Oled m\u00f5elnud tihti kui l\u00f5ppemas on p\u00e4ev, tahaks olla homses l\u00f5peks Kannatuste vaev! Oled &hellip; <a href=\"https:\/\/meelis.raume.eu\/?page_id=1147\">J\u00e4tka lugemist <span class=\"meta-nav\">&rarr;<\/span><\/a><\/p>\n","protected":false},"author":1,"featured_media":0,"parent":527,"menu_order":0,"comment_status":"open","ping_status":"open","template":"onecolumn-page.php","meta":{"footnotes":""},"class_list":["post-1147","page","type-page","status-publish","hentry"],"_links":{"self":[{"href":"https:\/\/meelis.raume.eu\/index.php?rest_route=\/wp\/v2\/pages\/1147","targetHints":{"allow":["GET"]}}],"collection":[{"href":"https:\/\/meelis.raume.eu\/index.php?rest_route=\/wp\/v2\/pages"}],"about":[{"href":"https:\/\/meelis.raume.eu\/index.php?rest_route=\/wp\/v2\/types\/page"}],"author":[{"embeddable":true,"href":"https:\/\/meelis.raume.eu\/index.php?rest_route=\/wp\/v2\/users\/1"}],"replies":[{"embeddable":true,"href":"https:\/\/meelis.raume.eu\/index.php?rest_route=%2Fwp%2Fv2%2Fcomments&post=1147"}],"version-history":[{"count":4,"href":"https:\/\/meelis.raume.eu\/index.php?rest_route=\/wp\/v2\/pages\/1147\/revisions"}],"predecessor-version":[{"id":1153,"href":"https:\/\/meelis.raume.eu\/index.php?rest_route=\/wp\/v2\/pages\/1147\/revisions\/1153"}],"up":[{"embeddable":true,"href":"https:\/\/meelis.raume.eu\/index.php?rest_route=\/wp\/v2\/pages\/527"}],"wp:attachment":[{"href":"https:\/\/meelis.raume.eu\/index.php?rest_route=%2Fwp%2Fv2%2Fmedia&parent=1147"}],"curies":[{"name":"wp","href":"https:\/\/api.w.org\/{rel}","templated":true}]}}