{"id":1213,"date":"2013-01-21T06:40:23","date_gmt":"2013-01-21T04:40:23","guid":{"rendered":"http:\/\/meelis.raume.eu\/?page_id=1213"},"modified":"2019-07-03T21:55:15","modified_gmt":"2019-07-03T19:55:15","slug":"usa-vol-2","status":"publish","type":"page","link":"https:\/\/meelis.raume.eu\/?page_id=1213","title":{"rendered":"USA 2"},"content":{"rendered":"<p>Siia katsun kirjutada mis ma n\u00e4gin ja kuulsin selle poole aasta jooksul!<\/p>\n<p>Klikka alammen\u00fc\u00fcdel!<\/p>\n","protected":false},"excerpt":{"rendered":"<p>Siia katsun kirjutada mis ma n\u00e4gin ja kuulsin selle poole aasta jooksul! Klikka alammen\u00fc\u00fcdel!<\/p>\n","protected":false},"author":1,"featured_media":0,"parent":342,"menu_order":3,"comment_status":"open","ping_status":"open","template":"","meta":{"footnotes":""},"class_list":["post-1213","page","type-page","status-publish","hentry"],"_links":{"self":[{"href":"https:\/\/meelis.raume.eu\/index.php?rest_route=\/wp\/v2\/pages\/1213","targetHints":{"allow":["GET"]}}],"collection":[{"href":"https:\/\/meelis.raume.eu\/index.php?rest_route=\/wp\/v2\/pages"}],"about":[{"href":"https:\/\/meelis.raume.eu\/index.php?rest_route=\/wp\/v2\/types\/page"}],"author":[{"embeddable":true,"href":"https:\/\/meelis.raume.eu\/index.php?rest_route=\/wp\/v2\/users\/1"}],"replies":[{"embeddable":true,"href":"https:\/\/meelis.raume.eu\/index.php?rest_route=%2Fwp%2Fv2%2Fcomments&post=1213"}],"version-history":[{"count":4,"href":"https:\/\/meelis.raume.eu\/index.php?rest_route=\/wp\/v2\/pages\/1213\/revisions"}],"predecessor-version":[{"id":5973,"href":"https:\/\/meelis.raume.eu\/index.php?rest_route=\/wp\/v2\/pages\/1213\/revisions\/5973"}],"up":[{"embeddable":true,"href":"https:\/\/meelis.raume.eu\/index.php?rest_route=\/wp\/v2\/pages\/342"}],"wp:attachment":[{"href":"https:\/\/meelis.raume.eu\/index.php?rest_route=%2Fwp%2Fv2%2Fmedia&parent=1213"}],"curies":[{"name":"wp","href":"https:\/\/api.w.org\/{rel}","templated":true}]}}