{"id":1665,"date":"2013-07-18T08:11:25","date_gmt":"2013-07-18T06:11:25","guid":{"rendered":"http:\/\/meelis.raume.eu\/?page_id=1665"},"modified":"2013-07-18T08:11:25","modified_gmt":"2013-07-18T06:11:25","slug":"molekul","status":"publish","type":"page","link":"https:\/\/meelis.raume.eu\/?page_id=1665","title":{"rendered":"Molekul"},"content":{"rendered":"<address>Armasad s\u00f5brad inimketis,<\/address>\n<address>m\u00f5ned ajad pole letis!<\/address>\n<address>Ei ole samuti ma netis,<\/address>\n<address>ei r\u00e4nda avaruste potis!<\/address>\n<address>\u00a0<\/address>\n<address>K\u00fclastan n\u00fc\u00fcd tuttavaid,<\/address>\n<address>p\u00e4evast-p\u00e4eva ruttavaid!<\/address>\n<address>Andestage mulle need<\/address>\n<address>kuhu pole j\u00f5udnud veel!<\/address>\n<address>\u00a0<\/address>\n<address>See p\u00e4ev on kindlalt tulekul<\/address>\n<address>ma justkui ekslev molekul!<\/address>\n<address>P\u00f5rkan siia, p\u00f5rkan sinna,<\/address>\n<address>tahe k\u00f5ikjale ju minna!<\/address>\n","protected":false},"excerpt":{"rendered":"<p>Armasad s\u00f5brad inimketis, m\u00f5ned ajad pole letis! Ei ole samuti ma netis, ei r\u00e4nda avaruste potis! \u00a0 K\u00fclastan n\u00fc\u00fcd tuttavaid, p\u00e4evast-p\u00e4eva ruttavaid! Andestage mulle need kuhu pole j\u00f5udnud veel! \u00a0 See p\u00e4ev on kindlalt tulekul ma justkui ekslev molekul! P\u00f5rkan &hellip; <a href=\"https:\/\/meelis.raume.eu\/?page_id=1665\">J\u00e4tka lugemist <span class=\"meta-nav\">&rarr;<\/span><\/a><\/p>\n","protected":false},"author":1,"featured_media":0,"parent":527,"menu_order":0,"comment_status":"open","ping_status":"open","template":"onecolumn-page.php","meta":{"footnotes":""},"class_list":["post-1665","page","type-page","status-publish","hentry"],"_links":{"self":[{"href":"https:\/\/meelis.raume.eu\/index.php?rest_route=\/wp\/v2\/pages\/1665","targetHints":{"allow":["GET"]}}],"collection":[{"href":"https:\/\/meelis.raume.eu\/index.php?rest_route=\/wp\/v2\/pages"}],"about":[{"href":"https:\/\/meelis.raume.eu\/index.php?rest_route=\/wp\/v2\/types\/page"}],"author":[{"embeddable":true,"href":"https:\/\/meelis.raume.eu\/index.php?rest_route=\/wp\/v2\/users\/1"}],"replies":[{"embeddable":true,"href":"https:\/\/meelis.raume.eu\/index.php?rest_route=%2Fwp%2Fv2%2Fcomments&post=1665"}],"version-history":[{"count":1,"href":"https:\/\/meelis.raume.eu\/index.php?rest_route=\/wp\/v2\/pages\/1665\/revisions"}],"predecessor-version":[{"id":1666,"href":"https:\/\/meelis.raume.eu\/index.php?rest_route=\/wp\/v2\/pages\/1665\/revisions\/1666"}],"up":[{"embeddable":true,"href":"https:\/\/meelis.raume.eu\/index.php?rest_route=\/wp\/v2\/pages\/527"}],"wp:attachment":[{"href":"https:\/\/meelis.raume.eu\/index.php?rest_route=%2Fwp%2Fv2%2Fmedia&parent=1665"}],"curies":[{"name":"wp","href":"https:\/\/api.w.org\/{rel}","templated":true}]}}