{"id":1667,"date":"2013-07-18T08:13:28","date_gmt":"2013-07-18T06:13:28","guid":{"rendered":"http:\/\/meelis.raume.eu\/?page_id=1667"},"modified":"2013-07-18T08:13:28","modified_gmt":"2013-07-18T06:13:28","slug":"klounaad","status":"publish","type":"page","link":"https:\/\/meelis.raume.eu\/?page_id=1667","title":{"rendered":"Klounaad"},"content":{"rendered":"<address>Proovides n\u00e4itlejaid alati v\u00e4he,<\/address>\n<address>tekst ei mahugi k\u00f5igile p\u00e4he!<\/address>\n<address>Ei ole ju s\u00fc\u00fcdi kui aega ei jagu,<\/address>\n<address>ego vajab toitmist ning suuremat plagu!<\/address>\n<address>\u00a0<\/address>\n<address>Valged \u00f6\u00f6d, nii l\u00fchidalt kestavad,<\/address>\n<address>sada ja \u00fcks, veel hommikul vestavad!<\/address>\n<address>K\u00fcpseks saand aeg, l\u00e4biviia peaproov,<\/address>\n<address>n\u00e4itejuhist saamas on n\u00e4idendi kroon!<\/address>\n<address>\u00a0<\/address>\n<address>Elu kui kuulsuse narride narredel,<\/address>\n<address>klounid tagatoas ootamas parredel!<\/address>\n<address>Eesriie t\u00f5useb ja pimeneb tuba<\/address>\n<address>ootuses n\u00e4ha on n\u00e4itlejaid juba!<\/address>\n<address>\u00a0<\/address>\n<address>Paljude teemade l\u00f5pmatus raames<\/address>\n<address>n\u00e4idend meil tsirkuse raudses haardes!<\/address>\n<address>Unised n\u00e4itlejad t\u00fcdinud ammugi<\/address>\n<address>vahepala pausidel viskavad rammugi!<\/address>\n<address>\u00a0<\/address>\n<address>Vaatajaid \u00fcksikuid tuppa on j\u00e4\u00e4nud,<\/address>\n<address>m\u00f5nedki ammu end tudule s\u00e4\u00e4dnud!<\/address>\n<address>Puhates v\u00e4lja, j\u00f5udu aina koguvad,<\/address>\n<address>kirglikkus unes, rammusust jagavad!<\/address>\n<address>\u00a0<\/address>\n<address>Eesriie langes, vaikides, sahinal<\/address>\n<address>\u00fcksiku vaataja norskaval kahinal!<\/address>\n<address>Vaatem\u00e4ng l\u00f5ppes, juhtus ei midagi<\/address>\n<address>tagasi isegi, ei kutsutud kedagi!<\/address>\n<address>\u00a0<\/address>\n<address>Elu on teater ja teater on elu!<\/address>\n<address>Teater on kunst ja kunstist saab melu!<\/address>\n<address>Melu on orgia ja orgiast saab kadu!<\/address>\n<address>Kadu on l\u00e4bu, kus klounist saab k\u00f5du!<\/address>\n","protected":false},"excerpt":{"rendered":"<p>Proovides n\u00e4itlejaid alati v\u00e4he, tekst ei mahugi k\u00f5igile p\u00e4he! Ei ole ju s\u00fc\u00fcdi kui aega ei jagu, ego vajab toitmist ning suuremat plagu! \u00a0 Valged \u00f6\u00f6d, nii l\u00fchidalt kestavad, sada ja \u00fcks, veel hommikul vestavad! K\u00fcpseks saand aeg, l\u00e4biviia peaproov, &hellip; <a href=\"https:\/\/meelis.raume.eu\/?page_id=1667\">J\u00e4tka lugemist <span class=\"meta-nav\">&rarr;<\/span><\/a><\/p>\n","protected":false},"author":1,"featured_media":0,"parent":527,"menu_order":0,"comment_status":"open","ping_status":"open","template":"onecolumn-page.php","meta":{"footnotes":""},"class_list":["post-1667","page","type-page","status-publish","hentry"],"_links":{"self":[{"href":"https:\/\/meelis.raume.eu\/index.php?rest_route=\/wp\/v2\/pages\/1667","targetHints":{"allow":["GET"]}}],"collection":[{"href":"https:\/\/meelis.raume.eu\/index.php?rest_route=\/wp\/v2\/pages"}],"about":[{"href":"https:\/\/meelis.raume.eu\/index.php?rest_route=\/wp\/v2\/types\/page"}],"author":[{"embeddable":true,"href":"https:\/\/meelis.raume.eu\/index.php?rest_route=\/wp\/v2\/users\/1"}],"replies":[{"embeddable":true,"href":"https:\/\/meelis.raume.eu\/index.php?rest_route=%2Fwp%2Fv2%2Fcomments&post=1667"}],"version-history":[{"count":2,"href":"https:\/\/meelis.raume.eu\/index.php?rest_route=\/wp\/v2\/pages\/1667\/revisions"}],"predecessor-version":[{"id":1669,"href":"https:\/\/meelis.raume.eu\/index.php?rest_route=\/wp\/v2\/pages\/1667\/revisions\/1669"}],"up":[{"embeddable":true,"href":"https:\/\/meelis.raume.eu\/index.php?rest_route=\/wp\/v2\/pages\/527"}],"wp:attachment":[{"href":"https:\/\/meelis.raume.eu\/index.php?rest_route=%2Fwp%2Fv2%2Fmedia&parent=1667"}],"curies":[{"name":"wp","href":"https:\/\/api.w.org\/{rel}","templated":true}]}}