{"id":1674,"date":"2013-07-18T10:14:18","date_gmt":"2013-07-18T08:14:18","guid":{"rendered":"http:\/\/meelis.raume.eu\/?page_id=1674"},"modified":"2013-08-13T12:00:25","modified_gmt":"2013-08-13T10:00:25","slug":"ainult-naistele","status":"publish","type":"page","link":"https:\/\/meelis.raume.eu\/?page_id=1674","title":{"rendered":"Tark ja Armastav&#8230;"},"content":{"rendered":"<address style=\"text-align: justify;\">1. Tark ja Armastav naine saab aru, et v\u00f5\u00f5raste naiste vaatamine (isegi kui Sina k\u00f5rval oled) on meestele justkui telekas mida ei saa v\u00e4lja l\u00fclitada puldist kui patareid on t\u00fchjad! \u00c4ra tee sellest v\u00e4ljagi, see on ju sama kui vaadata kokaraamatust ilusaid pilte tortidest!<\/address>\n<address style=\"text-align: justify;\">\u00a0<\/address>\n<address style=\"text-align: justify;\">2. Kui mees l\u00e4heb kodust v\u00e4lja siis algul on tal tunne, et uhh p\u00e4\u00e4sesin l\u00f5puks ja n\u00fc\u00fcd teen k\u00f5ik selle tasa mis tegemata on j\u00e4\u00e4nud, kuid tihti j\u00e4\u00e4bki see unistuseks sest peale 5-6 tundi eemal olekut igatseb Ta juba koju tagasi sest Tark ja Armastav naine on loonud kodus mugavuse ja turvatunde mis kaalub \u00fcles k\u00f5ik muud ahvatlused!<\/address>\n<address style=\"text-align: justify;\">\u00a0<\/address>\n<address style=\"text-align: justify;\">3. Tark ja Armastav naine annab mehele vabaduse k\u00e4ia kus Ta iganes v\u00e4ga tahab ja teha asju mis Ta iganes v\u00e4ga tahab siis t\u00f5en\u00e4osus sattuda petmise ohvriks on tuhat korda v\u00e4iksem kui keelates, k\u00e4skides, puues ning puusalt lastes!<\/address>\n<address style=\"text-align: justify;\">\u00a0<\/address>\n<address style=\"text-align: justify;\"><strong>NAISED! \u00c4RGE VARJAKE OMA TUNDEID!<\/strong><\/address>\n<address style=\"text-align: justify;\"><strong>VAADAKE PIMEDASSE TAEVASSE JA TE N\u00c4ETE,<\/strong><\/address>\n<address style=\"text-align: justify;\"><strong>ET PALJUD T\u00c4HED VILGUVAD JA S\u00c4RAVAD ROHKEM KUI TEISED!\u00a0<\/strong><\/address>\n<address style=\"text-align: justify;\"><strong>TEIE T\u00c4HT S\u00c4RAGU SAMUTI MIS ON TEEJUHIKS KELLELEGI!<\/strong><\/address>\n","protected":false},"excerpt":{"rendered":"<p>1. Tark ja Armastav naine saab aru, et v\u00f5\u00f5raste naiste vaatamine (isegi kui Sina k\u00f5rval oled) on meestele justkui telekas mida ei saa v\u00e4lja l\u00fclitada puldist kui patareid on t\u00fchjad! \u00c4ra tee sellest v\u00e4ljagi, see on ju sama kui vaadata &hellip; <a href=\"https:\/\/meelis.raume.eu\/?page_id=1674\">J\u00e4tka lugemist <span class=\"meta-nav\">&rarr;<\/span><\/a><\/p>\n","protected":false},"author":1,"featured_media":0,"parent":529,"menu_order":0,"comment_status":"open","ping_status":"open","template":"onecolumn-page.php","meta":{"footnotes":""},"class_list":["post-1674","page","type-page","status-publish","hentry"],"_links":{"self":[{"href":"https:\/\/meelis.raume.eu\/index.php?rest_route=\/wp\/v2\/pages\/1674","targetHints":{"allow":["GET"]}}],"collection":[{"href":"https:\/\/meelis.raume.eu\/index.php?rest_route=\/wp\/v2\/pages"}],"about":[{"href":"https:\/\/meelis.raume.eu\/index.php?rest_route=\/wp\/v2\/types\/page"}],"author":[{"embeddable":true,"href":"https:\/\/meelis.raume.eu\/index.php?rest_route=\/wp\/v2\/users\/1"}],"replies":[{"embeddable":true,"href":"https:\/\/meelis.raume.eu\/index.php?rest_route=%2Fwp%2Fv2%2Fcomments&post=1674"}],"version-history":[{"count":6,"href":"https:\/\/meelis.raume.eu\/index.php?rest_route=\/wp\/v2\/pages\/1674\/revisions"}],"predecessor-version":[{"id":1718,"href":"https:\/\/meelis.raume.eu\/index.php?rest_route=\/wp\/v2\/pages\/1674\/revisions\/1718"}],"up":[{"embeddable":true,"href":"https:\/\/meelis.raume.eu\/index.php?rest_route=\/wp\/v2\/pages\/529"}],"wp:attachment":[{"href":"https:\/\/meelis.raume.eu\/index.php?rest_route=%2Fwp%2Fv2%2Fmedia&parent=1674"}],"curies":[{"name":"wp","href":"https:\/\/api.w.org\/{rel}","templated":true}]}}