{"id":1680,"date":"2013-07-31T22:33:17","date_gmt":"2013-07-31T20:33:17","guid":{"rendered":"http:\/\/meelis.raume.eu\/?page_id=1680"},"modified":"2014-04-06T06:28:28","modified_gmt":"2014-04-06T04:28:28","slug":"igatsus","status":"publish","type":"page","link":"https:\/\/meelis.raume.eu\/?page_id=1680","title":{"rendered":"Igatsus"},"content":{"rendered":"<address>P\u00e4ev poole peale alles teel,<\/address>\n<address>Su puudutust tahaks ikka veel!<\/address>\n<address>Su silmi, naeratust ma h\u00e4ngiks,<\/address>\n<address>Su huultega ma veidi m\u00e4ngiks!<\/address>\n<address>\u00a0<\/address>\n<address>Su igatsus toob mulle janu,<\/address>\n<address>Su eemal olek hingevalu!<\/address>\n<address>Kaevu juurde pikk on tee,<\/address>\n<address>k\u00f5rbend s\u00fcda kuivast keeb!<\/address>\n<address>\u00a0<\/address>\n<address>Elu l\u00fchike, ma joobnult hullun,<\/address>\n<address>armu \u00e4mbriga, ma unes kallan!<\/address>\n<address>Koidukiirte paistetustes \u00e4rkan,<\/address>\n<address>m\u00f5te unine veel torkab!<\/address>\n<address>\u00a0<\/address>\n<address>Tahan Sind kohe ja praegu,<\/address>\n<address>minu isud Sinust ei aegu!<\/address>\n<address>Tahan Sind kohe ja praegu,<\/address>\n<address>m\u00f5te sellest ajab mind raevu!<\/address>\n<address>\u00a0<\/address>\n<address>P\u00e4ev poole peale j\u00e4lle teel,<\/address>\n<address>vangistatud kirge ihkan veel!<\/address>\n<address>Su varju n\u00e4en ning j\u00e4rgi k\u00e4in,<\/address>\n<address>ahelates, armuvaim!<\/address>\n","protected":false},"excerpt":{"rendered":"<p>P\u00e4ev poole peale alles teel, Su puudutust tahaks ikka veel! Su silmi, naeratust ma h\u00e4ngiks, Su huultega ma veidi m\u00e4ngiks! \u00a0 Su igatsus toob mulle janu, Su eemal olek hingevalu! Kaevu juurde pikk on tee, k\u00f5rbend s\u00fcda kuivast keeb! \u00a0 &hellip; <a href=\"https:\/\/meelis.raume.eu\/?page_id=1680\">J\u00e4tka lugemist <span class=\"meta-nav\">&rarr;<\/span><\/a><\/p>\n","protected":false},"author":1,"featured_media":0,"parent":527,"menu_order":0,"comment_status":"open","ping_status":"open","template":"onecolumn-page.php","meta":{"footnotes":""},"class_list":["post-1680","page","type-page","status-publish","hentry"],"_links":{"self":[{"href":"https:\/\/meelis.raume.eu\/index.php?rest_route=\/wp\/v2\/pages\/1680","targetHints":{"allow":["GET"]}}],"collection":[{"href":"https:\/\/meelis.raume.eu\/index.php?rest_route=\/wp\/v2\/pages"}],"about":[{"href":"https:\/\/meelis.raume.eu\/index.php?rest_route=\/wp\/v2\/types\/page"}],"author":[{"embeddable":true,"href":"https:\/\/meelis.raume.eu\/index.php?rest_route=\/wp\/v2\/users\/1"}],"replies":[{"embeddable":true,"href":"https:\/\/meelis.raume.eu\/index.php?rest_route=%2Fwp%2Fv2%2Fcomments&post=1680"}],"version-history":[{"count":13,"href":"https:\/\/meelis.raume.eu\/index.php?rest_route=\/wp\/v2\/pages\/1680\/revisions"}],"predecessor-version":[{"id":3551,"href":"https:\/\/meelis.raume.eu\/index.php?rest_route=\/wp\/v2\/pages\/1680\/revisions\/3551"}],"up":[{"embeddable":true,"href":"https:\/\/meelis.raume.eu\/index.php?rest_route=\/wp\/v2\/pages\/527"}],"wp:attachment":[{"href":"https:\/\/meelis.raume.eu\/index.php?rest_route=%2Fwp%2Fv2%2Fmedia&parent=1680"}],"curies":[{"name":"wp","href":"https:\/\/api.w.org\/{rel}","templated":true}]}}