{"id":1689,"date":"2013-08-12T18:38:45","date_gmt":"2013-08-12T16:38:45","guid":{"rendered":"http:\/\/meelis.raume.eu\/?page_id=1689"},"modified":"2013-08-13T12:09:58","modified_gmt":"2013-08-13T10:09:58","slug":"vihkamine","status":"publish","type":"page","link":"https:\/\/meelis.raume.eu\/?page_id=1689","title":{"rendered":"Vihkamine"},"content":{"rendered":"<address style=\"text-align: justify;\">Miks inimesed vihkavad \u00fcksteist? Miks ei suudeta taluda teiste juures muutusi, omadusi ja k\u00e4itumist, mis teistele ei peaks korda minema. Vihkamist on tihti raske m\u00f5ista isegi vihkajal endal sest Ta ei adu selle m\u00f5iste hukutavat sisu enda jaoks. Selle tagaj\u00e4rjed on h\u00e4vitavad ning\u00a0vahel lausa hukutavad. M\u00f5nikord ulatub vihkamise ajalugu juba nii kaugesse minevikku, et enam ei m\u00e4letatagi kuidas vihkamine alguse sai. Teatakse ainult, et ollakse vaenujalal.<\/address>\n<address style=\"text-align: justify;\">\u00a0<\/address>\n<address style=\"text-align: justify;\">Millest on tekkinud vihkamine ja kas vihkaja suudab ennast vaadata peeglist ning selle k\u00fcsimuse endale esitada! Kui Ta julgeb juba k\u00fcsimuse esitada siis tuleb Tal ilmselt leida samuti vastuseid! Olukord on v\u00e4ga keeruline ja keeruline sellep\u00e4rast, et vihkamine pimestab. Vihates kedagi kaotame v\u00f5ime n\u00e4ha teda kui samasugust inimest, hakkame m\u00f5tlema, manipuleerima ja k\u00e4ituma m\u00f5istusevastaselt. Lisaks m\u00f5istusele surmab vihkamine kaastunde ning andeksandmine tundub m\u00f5eldamatu ja alandav! Olukord v\u00f5ib minna nii kaugele, et inimlikkus t\u00e4iesti kaob. N\u00e4eme ainult ebamugavat v\u00f5i halba n\u00e4htust millest on vaja kiiresti lahti saada.\u00a0Selle saab teoks teha ainult endasse t\u00f5mbumise v\u00f5i teise h\u00e4vitamise teel.<\/address>\n<address style=\"text-align: justify;\">\u00a0<\/address>\n<address style=\"text-align: justify;\">Vihkamine ja vihastamine on kaks erinevat tunnet ja viimast ei saa keegi v\u00e4ltida. Vihastamine kaitseb meid situatsioonides, kus \u201ehing saab t\u00e4is\u201c midagi v\u00f5i kedagi, mis sinna \u00e4ra ei mahu. Vihastamine on abituse ja j\u00f5uetusetunne. Kui n\u00e4eme v\u00f5i kuuleme midagi, mis ei mahu meie teatud stampidesse st eirab reegleid, milles arvame end olevat teistega kokku leppinud ja mis \u00fcletab meie talumise piirid ootamatuse, ebameeldivuse v\u00f5i t\u00fclikusega. Samasugune tunne kehtib paraku samuti vihkamise kohta. Erinevus on vaid selles, et hetketundest on saanud pidev seisund. P\u00f5hjused on \u00fchesed, v\u00f5imetus midagi v\u00f5i kedagi m\u00f5ista, tahtmatus end asetada teiste inimeste olukorda ning soov end kaitsta tundmatuse eest.<\/address>\n<address style=\"text-align: justify;\">\u00a0<\/address>\n<address style=\"text-align: justify;\">Vihkaja ei suuda kaua olla \u00fcksi. Eraldatus teistest k\u00e4ib samuti Talle \u00fcle j\u00f5u. Kahjuks t\u00e4hendab see, et vihkamine otsib seltskonda ja inimene oma \u00fcksinduses leiab sageli omasuguseid, kellega hakatakse v\u00f5itlema nende vastu, kellest ei suudeta aru saada. M\u00f5ttekaaslaste leidmine teeb vihkamise veel suuremaks sest pimestatud vihkaja v\u00f5tab omaks k\u00f5ik m\u00f5ttekaaslaste \u00f6eldud pahatahtlikud tarkused, halvad m\u00f5tteterad jne. K\u00e4ttemaksuhuvilise seltskonna parim toit on pime viha sest seltskonnas on samuti teisigi kibestunud vihkajaid ning kadetsejaid! Hautakse pahatahtlikke plaane, meelitatakse, \u00e4hvardatakse, manipuleeritakse ja otsitakse k\u00f5ige n\u00f5rgemaid kohti millele survet avaldada!<\/address>\n<address style=\"text-align: justify;\">\u00a0<\/address>\n<address style=\"text-align: justify;\">A. Sullivan on \u00f6elnud:<\/address>\n<address style=\"text-align: justify;\">1. On vihkamist mis tuleneb hirmust ja vihkamist mis tunneb vaid p\u00f5lgust!<\/address>\n<address style=\"text-align: justify;\">2. On vihkamist milles v\u00e4ljendub j\u00f5ud ja vihkamist mis tekib j\u00f5uetusest!<\/address>\n<address style=\"text-align: justify;\">3. On k\u00e4ttemaksuhimu ning vihkamine mida p\u00f5hjustab kadedus!<\/address>\n<address style=\"text-align: justify;\">4. On olemas r\u00f5huja vihkamine ja ohvri vihkamine!<\/address>\n<address style=\"text-align: justify;\">5. On vihkamist mis h\u00f5\u00f5gub pikka aega ning vihkamist mis raugeb!<\/address>\n<address style=\"text-align: justify;\">6. On vihkamist mis lahvatab p\u00f5lema ja vihkamist mis kunagi ei v\u00f5ta tuld!<\/address>\n<address style=\"text-align: justify;\">\u00a0<\/address>\n<address style=\"text-align: justify;\">Kas oskate \u00f6elda kuhu r\u00fchma v\u00f5iks Teie klassifitseeruda kui Te olete vihanud ja mis oli selle p\u00f5hjus? N\u00e4iteks! Miks kunagine armastaja hakkab vihkama teist v\u00f5i m\u00f5lemad teineteist? Nad klassifitseeruvad ilmselt samuti A. Sullivani \u00f6eldud \u00a0kuude punkti!<\/address>\n<address style=\"text-align: justify;\">\u00a0<\/address>\n<address style=\"text-align: justify;\">Kas ongi nii, et kui inimene hakkab vihkama, siis pole \u00f5iget armastust kunagi olnudki? Vihkamine ja armastamine on \u00fcksteist v\u00e4listavad tunded kuigi v\u00e4idetakse tihti samuti vastupidist. Kuid v\u00e4itjad ei ole aru saanud, et see ei ole \u00e4kki vihkamine vaid hetke vihapuhang ja v\u00f5ib-olla ei ole seegi \u00f5ige sest armastus tekitab samuti viha kui ta on k\u00e4ttesaamatu! Mine v\u00f5ta kinni kus siis see \u00f5ige t\u00f5de on? Igal-juhul on vihkamine ja armastus teineteise vastandid v\u00e4hemalt s\u00f5nades!<\/address>\n<address style=\"text-align: justify;\">\u00a0<\/address>\n<address style=\"text-align: justify;\">Paljuski vist olenebki sellest millele see armastus oli rajatud? Kui armastatakse teist inimest s\u00fcdamest j\u00e4\u00e4b kurbus ja valu! Kui armastatakse ennast ja teisi rohkem kui kaaslast v\u00f5ib asenduda see teatud olukordades kiirelt vihkamisega! Kindel on samuti see, et iga armastus sureb n\u00e4lga mis j\u00e4\u00e4b vastuarmastuseta kuid see ei pane kunagist armastajat veel vihkama! J\u00f5uamegi ringiga tagasi, et j\u00e4relikult ei ole seda \u00f5iget tunnet olnudki! Vihkamises k\u00e4tkeb veel \u00fcks kurb t\u00e4hele-panek, et &#8220;mitte keegi ei saa v\u00f5\u00f5ramaks, kui see, keda Sa kunagi armastasid kui m\u00e4ngu tuli vihkamine&#8221;!<\/address>\n<address style=\"text-align: justify;\">\u00a0<\/address>\n<address style=\"text-align: justify;\">Miks siis ikkagi armastuses vihatakse? Hirm tuleviku ees, \u00fcksindus, saamatus, harjumatus, leppimatus olukorraga, omanditunne, kadedus, \u00fclik\u00f5rge enesehinnang jne. (nimekirja saaks t\u00e4iendada veel paljude omaduss\u00f5nadega)! Kuid miks? Ega vihkamine sellest ei muutu halvemaks ega paremaks!<\/address>\n<address style=\"text-align: justify;\">\u00a0<\/address>\n<address style=\"text-align: justify;\">Tegelikult on vihkamise \u00e4ra defineerinud h\u00e4sti meie filosoofid &#8220;Mis olevat emotsionaalne seisund, mis v\u00e4ljendub aktiivses vastumeelsuses, vaenulikkuses v\u00f5i antipaatias\u00a0isiku, asja v\u00f5i ilmingu vastu ning \u00fcldjuhul tekitab vajaduse seda objekti v\u00e4ltida, h\u00e4vitada v\u00f5i piirata&#8221;.<\/address>\n<address style=\"text-align: justify;\">\u00a0<\/address>\n<address style=\"text-align: justify;\">Vihkamine ongi teatud rahulduse saamine karjuvast emotsionaalsest seisundist!<\/address>\n","protected":false},"excerpt":{"rendered":"<p>Miks inimesed vihkavad \u00fcksteist? Miks ei suudeta taluda teiste juures muutusi, omadusi ja k\u00e4itumist, mis teistele ei peaks korda minema. Vihkamist on tihti raske m\u00f5ista isegi vihkajal endal sest Ta ei adu selle m\u00f5iste hukutavat sisu enda jaoks. Selle tagaj\u00e4rjed &hellip; <a href=\"https:\/\/meelis.raume.eu\/?page_id=1689\">J\u00e4tka lugemist <span class=\"meta-nav\">&rarr;<\/span><\/a><\/p>\n","protected":false},"author":1,"featured_media":0,"parent":529,"menu_order":0,"comment_status":"open","ping_status":"open","template":"onecolumn-page.php","meta":{"footnotes":""},"class_list":["post-1689","page","type-page","status-publish","hentry"],"_links":{"self":[{"href":"https:\/\/meelis.raume.eu\/index.php?rest_route=\/wp\/v2\/pages\/1689","targetHints":{"allow":["GET"]}}],"collection":[{"href":"https:\/\/meelis.raume.eu\/index.php?rest_route=\/wp\/v2\/pages"}],"about":[{"href":"https:\/\/meelis.raume.eu\/index.php?rest_route=\/wp\/v2\/types\/page"}],"author":[{"embeddable":true,"href":"https:\/\/meelis.raume.eu\/index.php?rest_route=\/wp\/v2\/users\/1"}],"replies":[{"embeddable":true,"href":"https:\/\/meelis.raume.eu\/index.php?rest_route=%2Fwp%2Fv2%2Fcomments&post=1689"}],"version-history":[{"count":10,"href":"https:\/\/meelis.raume.eu\/index.php?rest_route=\/wp\/v2\/pages\/1689\/revisions"}],"predecessor-version":[{"id":1723,"href":"https:\/\/meelis.raume.eu\/index.php?rest_route=\/wp\/v2\/pages\/1689\/revisions\/1723"}],"up":[{"embeddable":true,"href":"https:\/\/meelis.raume.eu\/index.php?rest_route=\/wp\/v2\/pages\/529"}],"wp:attachment":[{"href":"https:\/\/meelis.raume.eu\/index.php?rest_route=%2Fwp%2Fv2%2Fmedia&parent=1689"}],"curies":[{"name":"wp","href":"https:\/\/api.w.org\/{rel}","templated":true}]}}