{"id":1698,"date":"2010-08-12T18:43:00","date_gmt":"2010-08-12T16:43:00","guid":{"rendered":"http:\/\/meelis.raume.eu\/?page_id=1698"},"modified":"2022-05-14T14:11:19","modified_gmt":"2022-05-14T12:11:19","slug":"kadedus","status":"publish","type":"page","link":"https:\/\/meelis.raume.eu\/?page_id=1698","title":{"rendered":"Kadedus"},"content":{"rendered":"<address style=\"text-align: justify;\">K\u00f5igist iseloomu vigadest ja puudustest on kadedus k\u00f5ige hullem, vastikum ja egoistlikum. See on k\u00f5igi poolt maha tehtud tunne ja samal ajal k\u00f5igi poolt h\u00e4sti varjatud tunne. See hukutav tunne v\u00f5ib olla Sinu elu allak\u00e4igutrepp &#8211; vastuv\u00f5tu tee enesetunde halvenemisele, haigustele, piinadele ja l\u00f5ppkokkuv\u00f5ttes isegi surmale.<\/address>\n<address>\u00a0<\/address>\n<address style=\"text-align: justify;\">Juba kasvatamise protsessis kujundavad vanemad (endale aru andmata) lapses kadedust.<em>\u00a0<\/em>Nad toovad motiveerivaid n\u00e4iteid teiste laste kohta: &#8220;Vaata, naabrit\u00fcdruk v\u00f5i poiss on nii hea \u00f5pilane ning kuulab ilusti vanemate s\u00f5na, aga Sina?&#8221; Sellised \u00fctlused tekitavad lapses ebameeldivaid ning konkreetseid emotsioone. Laps saab aru, et teda v\u00f5rreldakse edukama naabriga ning temas t\u00e4rkabki kadedus.<\/address>\n<address>\u00a0<\/address>\n<address style=\"text-align: justify;\">V\u00f5tame t\u00e4iskasvanuna olles \u00fche n\u00e4ite, kus see pikaajaline kasvav kadeduse s\u00fcndroom on tihti muutunud juba \u00f5eluseks ning kohati k\u00e4ttemaksuks: &#8220;Olles tuttava, sugulase v\u00f5i s\u00f5bra juures ning n\u00e4hes millises k\u00fclluses Ta elab ja kui h\u00e4sti Tal l\u00e4heb siis kolm \u00f6\u00f6d j\u00e4rjestikku Sa ei saanud korralikult magada, sest \u00f6\u00f6sel \u00e4rgates jooksis j\u00e4lle Su silme eest l\u00e4bi tuttava, sugulase v\u00f5i s\u00f5bra k\u00fclluslik elu, mis andis Sulle ainest tundide kaupa \u00f6\u00f6sel \u00fcleval olla ning juurelda selle \u00fcle.&#8221;\u00a0<\/address>\n<address>\u00a0<\/address>\n<address>Sellele j\u00e4rgnevalt tekib kohe ka Sinu peas k\u00fcsimus: &#8220;Kus kuramuse kohast Ta selle raha v\u00f5tab, kas Ta on ikka aus&#8221;?<\/address>\n<address>\u00a0<\/address>\n<address style=\"text-align: justify;\">V\u00e4ga tihti j\u00e4rgnevadki sellele igasugused kuulujutud kadetseja enda tutvusringkonnas, a la &#8220;Noh, ta petab ju riiki, kogu aeg vusserdab oma rahadega, ta on ju jube liigkasuv\u00f5tja, no see kenasti riietatud ilus naine ei ole k\u00fcll oma mehele truu, ma isegi n\u00e4gin teda \u00fckskord \u00fche v\u00f5\u00f5ra mehega jne, jne.&#8221;<\/address>\n<address>\u00a0<\/address>\n<address style=\"text-align: justify;\">Need magamata \u00f6\u00f6d ning alusetud kuulujutud mida Sa ei suuda t\u00f5estada kui tekib vajadus, ruineerivad Sinu enda elu, sest Sa hoiad seda koguaeg oma alateadvuses, mis ei lase Sul rahulikult ja r\u00f5\u00f5msalt elada ning millele lisandub veel hirm, et kuulujutud v\u00f5ivad mingit ringipidi v\u00e4lja tulla.<\/address>\n<address>\u00a0<\/address>\n<address style=\"text-align: justify;\">Kelle tervis kannatab? Sinu enda tervis!\u00a0<\/address>\n<address style=\"text-align: justify;\">\u00a0<\/address>\n<address style=\"text-align: justify;\">Sellep\u00e4rast \u00e4ra kadestagi, kui Su tuttaval, sugulasel v\u00f5i s\u00f5bral on parem elukoht, perekond, ilusam naine ja tervemad lapsed, uuem auto, suurem t\u00f6\u00f6tasu v\u00f5i k\u00fclluslikum elu. \u00c4ra kadesta midagi, mis Su tuttavatel, sugulastel v\u00f5i s\u00f5pradel on parem, ilusam v\u00f5i k\u00fclluslikum!<\/address>\n<address style=\"text-align: justify;\">\u00a0<\/address>\n<address style=\"text-align: justify;\">Kadedus on k\u00f5ige egoistlikuim ja p\u00f5lastusv\u00e4\u00e4rseim tunne sest kadeduses pole siirust, see on silmakirjalik ja v\u00f5lts. Parem n\u00e4ita v\u00e4lja armastusv\u00e4\u00e4rsust Teiste vastu sest see on avameelne, otsekohene ja t\u00f5siselt v\u00f5etav, meeldiv tunne mis toob Sinu enesetundele r\u00f5\u00f5mu ja head ning ei riku Su tervist &#8211; pigem parandab! Vaata enda sisse ja juuri v\u00e4lja k\u00f5ik koledad m\u00f5tted, mis Sinu elu m\u00fcrgitavad, et seal oleks ruumi vaid headele m\u00f5tetele ja armastusv\u00e4\u00e4rsusele.<\/address>\n<address style=\"text-align: justify;\">\u00a0<\/address>\n<address style=\"text-align: justify;\">L\u00f5ppkokkuv\u00f5ttes pead ikkagi vaatama veelkord enda sisse, et miks Sinul ei ole seda k\u00f5ike mis teistel on, see ei ole saatus, see ei ole eba\u00f5nn, see on ju Sinus endas kinni ja ainult Sina saad seda olukorda muuta ning parandada! \u00c4ra ole rumal, et annad j\u00e4rgi oma kurjadele m\u00f5tetele ning tapad oma tervist enese piinamisega (kadetsemisega) millest v\u00f5ib alguse saada iga parandamatu haiguslugu, mida hiljem t\u00f5lgendad j\u00e4lle saatuse ning eba\u00f5nnena!<\/address>\n<address>\u00a0<\/address>\n<address style=\"text-align: justify;\">\u00c4ra tapa ennast Sa ei ole siia ilma tulnud selleks, et iseennast h\u00e4vitada!<\/address>\n<address>\u00a0<\/address>\n<address>MR 2010<\/address>\n","protected":false},"excerpt":{"rendered":"<p>K\u00f5igist iseloomu vigadest ja puudustest on kadedus k\u00f5ige hullem, vastikum ja egoistlikum. See on k\u00f5igi poolt maha tehtud tunne ja samal ajal k\u00f5igi poolt h\u00e4sti varjatud tunne. See hukutav tunne v\u00f5ib olla Sinu elu allak\u00e4igutrepp &#8211; vastuv\u00f5tu tee enesetunde halvenemisele, &hellip; <a href=\"https:\/\/meelis.raume.eu\/?page_id=1698\">J\u00e4tka lugemist <span class=\"meta-nav\">&rarr;<\/span><\/a><\/p>\n","protected":false},"author":1,"featured_media":0,"parent":529,"menu_order":0,"comment_status":"open","ping_status":"open","template":"onecolumn-page.php","meta":{"footnotes":""},"class_list":["post-1698","page","type-page","status-publish","hentry"],"_links":{"self":[{"href":"https:\/\/meelis.raume.eu\/index.php?rest_route=\/wp\/v2\/pages\/1698","targetHints":{"allow":["GET"]}}],"collection":[{"href":"https:\/\/meelis.raume.eu\/index.php?rest_route=\/wp\/v2\/pages"}],"about":[{"href":"https:\/\/meelis.raume.eu\/index.php?rest_route=\/wp\/v2\/types\/page"}],"author":[{"embeddable":true,"href":"https:\/\/meelis.raume.eu\/index.php?rest_route=\/wp\/v2\/users\/1"}],"replies":[{"embeddable":true,"href":"https:\/\/meelis.raume.eu\/index.php?rest_route=%2Fwp%2Fv2%2Fcomments&post=1698"}],"version-history":[{"count":12,"href":"https:\/\/meelis.raume.eu\/index.php?rest_route=\/wp\/v2\/pages\/1698\/revisions"}],"predecessor-version":[{"id":8069,"href":"https:\/\/meelis.raume.eu\/index.php?rest_route=\/wp\/v2\/pages\/1698\/revisions\/8069"}],"up":[{"embeddable":true,"href":"https:\/\/meelis.raume.eu\/index.php?rest_route=\/wp\/v2\/pages\/529"}],"wp:attachment":[{"href":"https:\/\/meelis.raume.eu\/index.php?rest_route=%2Fwp%2Fv2%2Fmedia&parent=1698"}],"curies":[{"name":"wp","href":"https:\/\/api.w.org\/{rel}","templated":true}]}}