{"id":1726,"date":"2013-08-28T10:55:40","date_gmt":"2013-08-28T08:55:40","guid":{"rendered":"http:\/\/meelis.raume.eu\/?page_id=1726"},"modified":"2013-08-28T11:14:06","modified_gmt":"2013-08-28T09:14:06","slug":"elu","status":"publish","type":"page","link":"https:\/\/meelis.raume.eu\/?page_id=1726","title":{"rendered":"Elu"},"content":{"rendered":"<p style=\"text-align: justify;\">Elu ei ole \u00f5iglane, kuid on ikkagi hea ning alati vali elu st, et elu ei ole kingitusepakk millel ilus pael \u00fcmber, kuid kingituseks j\u00e4\u00e4b Ta ikkagi!<\/p>\n<p style=\"text-align: justify;\">Kui Sa milleski kahtled v\u00f5i oled valesti teinud, astu lihtsalt v\u00e4ike samm tagasi ja palu andeks selle m\u00f5tlematu sammu p\u00e4rast! Kui keegi on Sinu suhtes midagi valesti teinud, anna samuti andeks, sest elu on liiga l\u00fchike, et raisata seda aega solvumistele, k\u00e4ttemaksmistele v\u00f5i kellegi-millegi vihkamisele! Kindlasti s\u00f5lmi rahu minevikuga, et see olevikku ja tulevikku segama ei j\u00e4\u00e4ks! Tee l\u00f5pp k\u00f5igele, mis ei ole kasulik, ilus ega r\u00f5\u00f5mu valmistav, hinga s\u00fcgavalt sisse ja astu reipalt edasi!<\/p>\n<p style=\"text-align: justify;\">Kui Sa p\u00fc\u00fcdled millegi v\u00f5i kellegi poole ja mida v\u00f5i keda Sa t\u00f5esti armastad, siis \u00e4ra lepi eitava vastusega, vaid proovi veel!<\/p>\n<p style=\"text-align: justify;\">S\u00fc\u00fcta k\u00fc\u00fcnlaid millal iganes tahad, maga pidup\u00e4evalinade vahel ja kanna alati k\u00f5ige ilusamaid riideid ning \u00e4ra j\u00e4ta neid erilisteks juhtudeks, sest iga p\u00e4ev on Sinu elus just see eriline p\u00e4ev, sest meie p\u00e4evad v\u00f5ivad l\u00f5ppeda varem kui me seda ise ette oskame aimata!<\/p>\n<p style=\"text-align: justify;\">Mitte keegi teine, t\u00e4na, ei vastuta Sinu \u00f5nne eest peale Sinu enda, sest viie aasta p\u00e4rast ei ole sellel mingisugust t\u00e4htsust enam ning sellep\u00e4rast ei ole samuti Sinu mure, mida teised Sinust t\u00e4na m\u00f5tlevad ja arvavad!<\/p>\n<p style=\"text-align: justify;\">Kui me saaksime omad mured v\u00f5\u00f5raste muredega \u00fchte kuhja panna, siis v\u00f5taksime ilmselt omad mured ruttu tagasi, sest v\u00f5\u00f5raid muresid on palju rohkem kui endi omi st, et \u00e4ra v\u00f5rdle oma elu kunagi teiste eludega, sest Sinul ei ole aimugi kui eba\u00f5iglane see neil v\u00f5ib olla!<\/p>\n","protected":false},"excerpt":{"rendered":"<p>Elu ei ole \u00f5iglane, kuid on ikkagi hea ning alati vali elu st, et elu ei ole kingitusepakk millel ilus pael \u00fcmber, kuid kingituseks j\u00e4\u00e4b Ta ikkagi! Kui Sa milleski kahtled v\u00f5i oled valesti teinud, astu lihtsalt v\u00e4ike samm tagasi &hellip; <a href=\"https:\/\/meelis.raume.eu\/?page_id=1726\">J\u00e4tka lugemist <span class=\"meta-nav\">&rarr;<\/span><\/a><\/p>\n","protected":false},"author":1,"featured_media":0,"parent":529,"menu_order":0,"comment_status":"open","ping_status":"open","template":"onecolumn-page.php","meta":{"footnotes":""},"class_list":["post-1726","page","type-page","status-publish","hentry"],"_links":{"self":[{"href":"https:\/\/meelis.raume.eu\/index.php?rest_route=\/wp\/v2\/pages\/1726","targetHints":{"allow":["GET"]}}],"collection":[{"href":"https:\/\/meelis.raume.eu\/index.php?rest_route=\/wp\/v2\/pages"}],"about":[{"href":"https:\/\/meelis.raume.eu\/index.php?rest_route=\/wp\/v2\/types\/page"}],"author":[{"embeddable":true,"href":"https:\/\/meelis.raume.eu\/index.php?rest_route=\/wp\/v2\/users\/1"}],"replies":[{"embeddable":true,"href":"https:\/\/meelis.raume.eu\/index.php?rest_route=%2Fwp%2Fv2%2Fcomments&post=1726"}],"version-history":[{"count":6,"href":"https:\/\/meelis.raume.eu\/index.php?rest_route=\/wp\/v2\/pages\/1726\/revisions"}],"predecessor-version":[{"id":1729,"href":"https:\/\/meelis.raume.eu\/index.php?rest_route=\/wp\/v2\/pages\/1726\/revisions\/1729"}],"up":[{"embeddable":true,"href":"https:\/\/meelis.raume.eu\/index.php?rest_route=\/wp\/v2\/pages\/529"}],"wp:attachment":[{"href":"https:\/\/meelis.raume.eu\/index.php?rest_route=%2Fwp%2Fv2%2Fmedia&parent=1726"}],"curies":[{"name":"wp","href":"https:\/\/api.w.org\/{rel}","templated":true}]}}