{"id":1739,"date":"2013-09-12T17:09:23","date_gmt":"2013-09-12T15:09:23","guid":{"rendered":"http:\/\/meelis.raume.eu\/?page_id=1739"},"modified":"2013-10-05T12:21:06","modified_gmt":"2013-10-05T10:21:06","slug":"malestus","status":"publish","type":"page","link":"https:\/\/meelis.raume.eu\/?page_id=1739","title":{"rendered":"M\u00e4lukas"},"content":{"rendered":"<address>Minu m\u00e4lus oled Sina,<\/address>\n<address>seda tean ju ainult mina!<\/address>\n<address>Kes Sa oleks mulle olnud,<\/address>\n<address>kui Sa poleks toona tulnud!<\/address>\n<address>\u00a0<\/address>\n<address>M\u00e4lupulgal hoida tahan,<\/address>\n<address>\u00f6id mis veetsime me koos!<\/address>\n<address>Minu puudutust Sa vajad,<\/address>\n<address>et ei n\u00e4rtsiks kirglik roos!<\/address>\n<address>\u00a0<\/address>\n<address>T\u00fchjaks j\u00e4\u00e4nud minu tuba<\/address>\n<address>armastust ta otsib juba!<\/address>\n<address>T\u00fchjaks j\u00e4\u00e4nud minu s\u00e4ng<\/address>\n<address>hinges t\u00fchjus, piin ja \u00e4ng!<\/address>\n<address>\u00a0<\/address>\n<address>M\u00e4lupulgalt taastan faili,<\/address>\n<address>m\u00e4lestustes hulgun ma!<\/address>\n<address>Sinu soovid saadan meili,<\/address>\n<address>varsti joobnud minust Sa!<\/address>\n","protected":false},"excerpt":{"rendered":"<p>Minu m\u00e4lus oled Sina, seda tean ju ainult mina! Kes Sa oleks mulle olnud, kui Sa poleks toona tulnud! \u00a0 M\u00e4lupulgal hoida tahan, \u00f6id mis veetsime me koos! Minu puudutust Sa vajad, et ei n\u00e4rtsiks kirglik roos! \u00a0 T\u00fchjaks j\u00e4\u00e4nud &hellip; <a href=\"https:\/\/meelis.raume.eu\/?page_id=1739\">J\u00e4tka lugemist <span class=\"meta-nav\">&rarr;<\/span><\/a><\/p>\n","protected":false},"author":1,"featured_media":0,"parent":527,"menu_order":0,"comment_status":"open","ping_status":"open","template":"onecolumn-page.php","meta":{"footnotes":""},"class_list":["post-1739","page","type-page","status-publish","hentry"],"_links":{"self":[{"href":"https:\/\/meelis.raume.eu\/index.php?rest_route=\/wp\/v2\/pages\/1739","targetHints":{"allow":["GET"]}}],"collection":[{"href":"https:\/\/meelis.raume.eu\/index.php?rest_route=\/wp\/v2\/pages"}],"about":[{"href":"https:\/\/meelis.raume.eu\/index.php?rest_route=\/wp\/v2\/types\/page"}],"author":[{"embeddable":true,"href":"https:\/\/meelis.raume.eu\/index.php?rest_route=\/wp\/v2\/users\/1"}],"replies":[{"embeddable":true,"href":"https:\/\/meelis.raume.eu\/index.php?rest_route=%2Fwp%2Fv2%2Fcomments&post=1739"}],"version-history":[{"count":12,"href":"https:\/\/meelis.raume.eu\/index.php?rest_route=\/wp\/v2\/pages\/1739\/revisions"}],"predecessor-version":[{"id":1768,"href":"https:\/\/meelis.raume.eu\/index.php?rest_route=\/wp\/v2\/pages\/1739\/revisions\/1768"}],"up":[{"embeddable":true,"href":"https:\/\/meelis.raume.eu\/index.php?rest_route=\/wp\/v2\/pages\/527"}],"wp:attachment":[{"href":"https:\/\/meelis.raume.eu\/index.php?rest_route=%2Fwp%2Fv2%2Fmedia&parent=1739"}],"curies":[{"name":"wp","href":"https:\/\/api.w.org\/{rel}","templated":true}]}}