{"id":1745,"date":"2013-09-17T23:00:59","date_gmt":"2013-09-17T21:00:59","guid":{"rendered":"http:\/\/meelis.raume.eu\/?page_id=1745"},"modified":"2013-09-27T12:01:52","modified_gmt":"2013-09-27T10:01:52","slug":"opetaja","status":"publish","type":"page","link":"https:\/\/meelis.raume.eu\/?page_id=1745","title":{"rendered":"\u00d5petaja"},"content":{"rendered":"<address>Ise \u00f5petas armastama<\/address>\n<address>kuid ise j\u00e4in ilma!<\/address>\n<address>Ise \u00f5petas salatsema<\/address>\n<address>ei pilgutanud silma!<\/address>\n<address>\u00a0<\/address>\n<address>Ise \u00f5petas valetama,<\/address>\n<address>ei teinud seda siiralt!<\/address>\n<address>Ise \u00f5petas m\u00e4letama,<\/address>\n<address>ei ajataju piirand!<\/address>\n<address>\u00a0<\/address>\n<address>Ise \u00f5petas kadestama,<\/address>\n<address>ei uskunud veel keegi!<\/address>\n<address>Ise \u00f5petas andestama,<\/address>\n<address>endal v\u00e4lja tulnud seegi!<\/address>\n<address>\u00a0<\/address>\n<address>Ise \u00f5petas petma,<\/address>\n<address>oli valus t\u00f5deda!<\/address>\n<address>Ise \u00f5petas j\u00e4tma,<\/address>\n<address>ning j\u00e4idki p\u00f5dema!<\/address>\n<p>&nbsp;<\/p>\n","protected":false},"excerpt":{"rendered":"<p>Ise \u00f5petas armastama kuid ise j\u00e4in ilma! Ise \u00f5petas salatsema ei pilgutanud silma! \u00a0 Ise \u00f5petas valetama, ei teinud seda siiralt! Ise \u00f5petas m\u00e4letama, ei ajataju piirand! \u00a0 Ise \u00f5petas kadestama, ei uskunud veel keegi! Ise \u00f5petas andestama, endal v\u00e4lja &hellip; <a href=\"https:\/\/meelis.raume.eu\/?page_id=1745\">J\u00e4tka lugemist <span class=\"meta-nav\">&rarr;<\/span><\/a><\/p>\n","protected":false},"author":1,"featured_media":0,"parent":527,"menu_order":0,"comment_status":"open","ping_status":"open","template":"onecolumn-page.php","meta":{"footnotes":""},"class_list":["post-1745","page","type-page","status-publish","hentry"],"_links":{"self":[{"href":"https:\/\/meelis.raume.eu\/index.php?rest_route=\/wp\/v2\/pages\/1745","targetHints":{"allow":["GET"]}}],"collection":[{"href":"https:\/\/meelis.raume.eu\/index.php?rest_route=\/wp\/v2\/pages"}],"about":[{"href":"https:\/\/meelis.raume.eu\/index.php?rest_route=\/wp\/v2\/types\/page"}],"author":[{"embeddable":true,"href":"https:\/\/meelis.raume.eu\/index.php?rest_route=\/wp\/v2\/users\/1"}],"replies":[{"embeddable":true,"href":"https:\/\/meelis.raume.eu\/index.php?rest_route=%2Fwp%2Fv2%2Fcomments&post=1745"}],"version-history":[{"count":2,"href":"https:\/\/meelis.raume.eu\/index.php?rest_route=\/wp\/v2\/pages\/1745\/revisions"}],"predecessor-version":[{"id":1758,"href":"https:\/\/meelis.raume.eu\/index.php?rest_route=\/wp\/v2\/pages\/1745\/revisions\/1758"}],"up":[{"embeddable":true,"href":"https:\/\/meelis.raume.eu\/index.php?rest_route=\/wp\/v2\/pages\/527"}],"wp:attachment":[{"href":"https:\/\/meelis.raume.eu\/index.php?rest_route=%2Fwp%2Fv2%2Fmedia&parent=1745"}],"curies":[{"name":"wp","href":"https:\/\/api.w.org\/{rel}","templated":true}]}}