{"id":3487,"date":"2013-12-09T06:37:48","date_gmt":"2013-12-09T04:37:48","guid":{"rendered":"http:\/\/meelis.raume.eu\/?page_id=3487"},"modified":"2017-12-09T13:20:02","modified_gmt":"2017-12-09T11:20:02","slug":"50-53-paev-kodutee","status":"publish","type":"page","link":"https:\/\/meelis.raume.eu\/?page_id=3487","title":{"rendered":"50 &#8211; 53 p\u00e4ev (kodutee)"},"content":{"rendered":"<p><strong>La Paz (Bolivia) &#8211; Lima (Peru) &#8211; Santiago (Chile) &#8211; Buenos Aires (Argentina) &#8211; Sao Paulo (Brazil) &#8211; London (UK) &#8211; Helsinki (Finland) &#8211; Tallinn (Estonia)<\/strong><\/p>\n<p>Nagu sellest marsruudist v\u00e4lja v\u00f5ite lugeda on see \u00fcks l\u00f5putu lendamine ja paras piin aga ise ma sellise trajektoori algul paika panin ja seega tuli samuti tagasitee \u00e4ra kannatada. Ette \u00f6eldes, et need p\u00e4evad lennukites ja lennujaamades osutusid ikka parajaks katsumusteks. \u00d5nneks oli meil Peruu pealinnas Lima-s piisavalt aega ja sai v\u00e4heke seda linna samuti vaadatud. Kahjuks oli see meie kannatuste raja algusfaasis ehk siis esimene p\u00e4ev. Aga n\u00fc\u00fcd siis otsast peale!<\/p>\n<p>La Paz-i hottellist pidime lahkuma esmasp\u00e4eval kell 12 p\u00e4eval sest uutele tulijatele on vaja ju tuba kraamida. Ei tahtnud \u00fcheks \u00f6\u00f6ks veel tuba osta sest pidime nagunii \u00f5htul lahkuma lennujaama. \u00d6\u00f6sel l\u00e4ks lennuk 3 ajal ja sinna transporti \u00f6\u00f6sel v\u00e4ga keeruline ja riskantne saada ning maha j\u00e4\u00e4da lennukist ei olnud mingit soovi. J\u00e4tsime oma seljakotid hotelli admini juurde ja l\u00e4ksime veel viimast ringk\u00e4iku linna peale tegema. Ostsime veel isegi nipet-n\u00e4pet asju ja s\u00f5ime \u00f5htul veel k\u00f5vasti k\u00f5hu t\u00e4is \u00fches restoranis kus varemgi paaril korral k\u00e4isime. Seal pakuti seapraadi ja nii rasvast, et v\u00f5ttis lausa k\u00f5hu jaurama. Muidu oli v\u00e4ga hea! \u00dctlesime veel head aega juba tuttavale teenidavale personalile ja seadsime sammud hotelli poole kus olid meie seljakotid. Hotellis samuti viimased kallistused ja edasi kesklinna kuskohast l\u00e4ks siis marsruuttakso lennujaama. Tegelt me kesklinnas olimegi sest asus 5 minuti jalutamise kaugusel. Marsruuttaksod k\u00e4ivad seal tihedamini kui Kopli trammid aga just see \u00f5ige liin on k\u00fcsimus. Kogu aeg pead k\u00fcsima, et kas l\u00e4heb rahvusvahelisse lennujaama, isegi kui vastatakse, et jah pead seda sees istudes veel \u00fcle k\u00fcsima muidu satud jumal teab kuhu veel. \u00d5nneks teavad kohalikud taksojuhid samuti mis t\u00e4hendab \u201einternational airport\u201c ja meie Boliivia avarustesse ei sattunud. Linnas on pidevad ummikud ja liiklus selline, et iga\u00fcks s\u00f5idab kuidas tahab ja siin euroopalikud liiklusreeglid ei kehti. Ronisime selle marsaga La Paz-i kausi servale (linn asub orus mille \u00e4\u00e4relinnad on \u00fcleval). K\u00f5rguste vahe alt orust on kuskil ca 700-800 m v\u00f5i oli tsipa v\u00e4hem v\u00f5i rohkem. \u00dclevalt kausi servalt veel viimased vaated Boliivia mitteametlikule pealinnale l\u00e4bi marsa akna ja nii ta pimedusse j\u00e4i sest all orus oli juba pime. S\u00f5it kestis kokku ca mingi tunnikese sest maad ca 40 km ja meie j\u00f5udsime lennujaama samuti pea pimedas. K\u00f5ik oli juba tuttav sest 2,5 n\u00e4dalat tagasi olime alles siin. Kolasime niisama ringi ning l\u00f5puks tegime check-in \u00e4ra koos passikontrolliga, et istuda juba tsoonis ja vaadata mis seal huvitavat on, no ega midagi ei ole k\u00fcll \u2013 k\u00f5ik on \u00fchtemoodi. \u00d6\u00f6sel kobisime lennukisse ja lend Lima-sse algas. Kell 6 hommikul pidime Lima-s olema. Tegelt olime nii v\u00e4sinud, et j\u00e4ime vist k\u00f5ik kohe magama, mina v\u00e4hemalt. \u00c4rkasin \u00fcles kui lennuk maandus aga aru ei saanud kuhu! V\u00e4ljas hakkas juba valgenema vaikselt. Lima see ei olnud sest lennujaam oli v\u00e4ike ja mingi imelik nimi oli tal. Lennuk j\u00e4i seisma ja inimesed t\u00f5usid p\u00fcsti ning hakkasid oma asju v\u00f5tma. Esialgu ehmatas \u00e4ra, et kas istusime valele lennule? Kiirelt selgus, et ei, see oli vahemaandumine. Lennuk lendas hoopis vastassuunda Brasiilia piiri \u00e4\u00e4rde. Me ei lugenud seda kuskilt v\u00e4lja, et see oli l\u00e4bis\u00f5idu lennuk aga las ta olla peaasi, et l\u00f5puks Lima-sse lendab. Rahvast tuli v\u00e4heke peale tagasi ja j\u00e4lle nina \u00fcles ning mina j\u00e4lle magasin kohe. Lima-sse j\u00f5udsime juba p\u00e4ikesevalguses. J\u00e4lle passikontroll ja uued templid, piirivalvur k\u00fcsis, et mis ma siiberdan edasi-tagasi kogu aeg ehk Peruusse sisse ja v\u00e4lja maad m\u00f6\u00f6da ning j\u00e4lle sisse lennukiga ning kunagi j\u00e4lle v\u00e4lja. Rahustasin ta maha, et \u00f5htul kaon juba minema. Naeratas mulle!<\/p>\n<p>Lennujaamast v\u00e4ljas tervitas meid \u00fcsnagi soe ilm v\u00f5rreldes La Paz-iga, veel ootasid meid seal k\u00fcmned ja k\u00fcmned autobussid kes kuhugile seda rahvast transportisid. Asusime meiegi v\u00e4lja selgitama mis buss kuhu l\u00e4heb ja l\u00f5puks potsatasime mingi bussi peale mis pidi kesklinna minema. Ega meil aimu ei olnud aga usaldasime bussijuhti ja kontuktorit ning rahvast.<\/p>\n<p>J\u00e4rgmine ja eelviimane osa reisist tulebki kojus\u00f5idust ning viimaseks osaks j\u00e4\u00e4b kokkuv\u00f5te reisist!<\/p>\n","protected":false},"excerpt":{"rendered":"<p>La Paz (Bolivia) &#8211; Lima (Peru) &#8211; Santiago (Chile) &#8211; Buenos Aires (Argentina) &#8211; Sao Paulo (Brazil) &#8211; London (UK) &#8211; Helsinki (Finland) &#8211; Tallinn (Estonia) Nagu sellest marsruudist v\u00e4lja v\u00f5ite lugeda on see \u00fcks l\u00f5putu lendamine ja paras piin &hellip; <a href=\"https:\/\/meelis.raume.eu\/?page_id=3487\">J\u00e4tka lugemist <span class=\"meta-nav\">&rarr;<\/span><\/a><\/p>\n","protected":false},"author":1,"featured_media":0,"parent":1771,"menu_order":10,"comment_status":"open","ping_status":"open","template":"onecolumn-page.php","meta":{"footnotes":""},"class_list":["post-3487","page","type-page","status-publish","hentry"],"_links":{"self":[{"href":"https:\/\/meelis.raume.eu\/index.php?rest_route=\/wp\/v2\/pages\/3487","targetHints":{"allow":["GET"]}}],"collection":[{"href":"https:\/\/meelis.raume.eu\/index.php?rest_route=\/wp\/v2\/pages"}],"about":[{"href":"https:\/\/meelis.raume.eu\/index.php?rest_route=\/wp\/v2\/types\/page"}],"author":[{"embeddable":true,"href":"https:\/\/meelis.raume.eu\/index.php?rest_route=\/wp\/v2\/users\/1"}],"replies":[{"embeddable":true,"href":"https:\/\/meelis.raume.eu\/index.php?rest_route=%2Fwp%2Fv2%2Fcomments&post=3487"}],"version-history":[{"count":3,"href":"https:\/\/meelis.raume.eu\/index.php?rest_route=\/wp\/v2\/pages\/3487\/revisions"}],"predecessor-version":[{"id":3779,"href":"https:\/\/meelis.raume.eu\/index.php?rest_route=\/wp\/v2\/pages\/3487\/revisions\/3779"}],"up":[{"embeddable":true,"href":"https:\/\/meelis.raume.eu\/index.php?rest_route=\/wp\/v2\/pages\/1771"}],"wp:attachment":[{"href":"https:\/\/meelis.raume.eu\/index.php?rest_route=%2Fwp%2Fv2%2Fmedia&parent=3487"}],"curies":[{"name":"wp","href":"https:\/\/api.w.org\/{rel}","templated":true}]}}