{"id":3525,"date":"2014-02-12T03:05:24","date_gmt":"2014-02-12T01:05:24","guid":{"rendered":"http:\/\/meelis.raume.eu\/?page_id=3525"},"modified":"2014-02-12T03:05:24","modified_gmt":"2014-02-12T01:05:24","slug":"sobrapaev","status":"publish","type":"page","link":"https:\/\/meelis.raume.eu\/?page_id=3525","title":{"rendered":"S\u00f5brap\u00e4ev"},"content":{"rendered":"<address>See on see p\u00e4ev, mil s\u00f5brad k\u00f5ik on koos,<\/address>\n<address>l\u00f5butsege, naerge ning tehke m\u00f5ni toost!<\/address>\n<address>See on see p\u00e4ev, mil tunne tuleb s\u00fcdamest,<\/address>\n<address>headus ning kiindumus, puhkeb \u00f5ide s\u00e4demest!<\/address>\n<address>\u00a0<\/address>\n<address>See on see p\u00e4ev, mil m\u00f5te m\u00f5lgub armsamast,<\/address>\n<address>kallistage, armastage ning t\u00e4itke m\u00f5ni s\u00fcda tast!<\/address>\n<address>See on see p\u00e4ev, mil s\u00f5brad, armastajad,<\/address>\n<address>embavad ja suudlevad ning vale halastavad!<\/address>\n<address>\u00a0<\/address>\n<address>See on see p\u00e4ev, mil n\u00e4idata saab hoolivust,<\/address>\n<address>kus s\u00fcda valust t\u00e4is, on armastust!<\/address>\n<address>See on see p\u00e4ev, mil m\u00e4lestusi hetkedest,<\/address>\n<address>kus tunded vallanduvad m\u00f6\u00f6dunust!<\/address>\n<address>\u00a0<\/address>\n<address>See on see p\u00e4ev, mil s\u00f5nadega \u00f6elda,<\/address>\n<address>v\u00f5id rohkem, kui halva teoga m\u00f5elda!<\/address>\n<address>See on see p\u00e4ev, mil \u00f5hus tunda tunnetust,<\/address>\n<address>kus s\u00f5bra k\u00e4esoojuses, on n\u00e4ha Sinu j\u00f5uetust!<\/address>\n","protected":false},"excerpt":{"rendered":"<p>See on see p\u00e4ev, mil s\u00f5brad k\u00f5ik on koos, l\u00f5butsege, naerge ning tehke m\u00f5ni toost! See on see p\u00e4ev, mil tunne tuleb s\u00fcdamest, headus ning kiindumus, puhkeb \u00f5ide s\u00e4demest! \u00a0 See on see p\u00e4ev, mil m\u00f5te m\u00f5lgub armsamast, kallistage, armastage &hellip; <a href=\"https:\/\/meelis.raume.eu\/?page_id=3525\">J\u00e4tka lugemist <span class=\"meta-nav\">&rarr;<\/span><\/a><\/p>\n","protected":false},"author":1,"featured_media":0,"parent":527,"menu_order":0,"comment_status":"open","ping_status":"open","template":"onecolumn-page.php","meta":{"footnotes":""},"class_list":["post-3525","page","type-page","status-publish","hentry"],"_links":{"self":[{"href":"https:\/\/meelis.raume.eu\/index.php?rest_route=\/wp\/v2\/pages\/3525","targetHints":{"allow":["GET"]}}],"collection":[{"href":"https:\/\/meelis.raume.eu\/index.php?rest_route=\/wp\/v2\/pages"}],"about":[{"href":"https:\/\/meelis.raume.eu\/index.php?rest_route=\/wp\/v2\/types\/page"}],"author":[{"embeddable":true,"href":"https:\/\/meelis.raume.eu\/index.php?rest_route=\/wp\/v2\/users\/1"}],"replies":[{"embeddable":true,"href":"https:\/\/meelis.raume.eu\/index.php?rest_route=%2Fwp%2Fv2%2Fcomments&post=3525"}],"version-history":[{"count":1,"href":"https:\/\/meelis.raume.eu\/index.php?rest_route=\/wp\/v2\/pages\/3525\/revisions"}],"predecessor-version":[{"id":3526,"href":"https:\/\/meelis.raume.eu\/index.php?rest_route=\/wp\/v2\/pages\/3525\/revisions\/3526"}],"up":[{"embeddable":true,"href":"https:\/\/meelis.raume.eu\/index.php?rest_route=\/wp\/v2\/pages\/527"}],"wp:attachment":[{"href":"https:\/\/meelis.raume.eu\/index.php?rest_route=%2Fwp%2Fv2%2Fmedia&parent=3525"}],"curies":[{"name":"wp","href":"https:\/\/api.w.org\/{rel}","templated":true}]}}