{"id":3554,"date":"2014-04-21T03:47:04","date_gmt":"2014-04-21T01:47:04","guid":{"rendered":"http:\/\/meelis.raume.eu\/?page_id=3554"},"modified":"2025-09-30T17:29:09","modified_gmt":"2025-09-30T15:29:09","slug":"ajamasin","status":"publish","type":"page","link":"https:\/\/meelis.raume.eu\/?page_id=3554","title":{"rendered":"Ajamasin"},"content":{"rendered":"<address>Oled avastanud, see mis v\u00e4\u00e4riks l\u00e4itmist,<\/address>\n<address>ei ole saavutanud tunnetega t\u00e4itmist!<\/address>\n<address>K\u00f5ik on l\u00e4inud, kuhugile t\u00fchja,<\/address>\n<address>kas nutta, ahastada v\u00f5i m\u00e4ngida end p\u00f5hja!<\/address>\n<address>\u00a0<\/address>\n<address>Prisked vormid muutunud on malliks,<\/address>\n<address>peas on karvu mis on l\u00e4inud halliks!<\/address>\n<address>Poes on riided, moekad, kas neid j\u00e4rgid,<\/address>\n<address>kogu teema, vanadus ja n\u00f5trusv\u00e4rgid!<\/address>\n<address>\u00a0<\/address>\n<address>Sinu v\u00f5sukesed tarest l\u00e4inud,<\/address>\n<address>istud \u00fcksi, kuust-kuusse ei ole n\u00e4inud!<\/address>\n<address>V\u00f5sukeste vanem korra huvi tundis,<\/address>\n<address>ajalukku l\u00e4inud tunne, kas j\u00e4tkuvalt veel rendis?<\/address>\n<address>\u00a0<\/address>\n<address>Sulle j\u00e4\u00e4nud, ajamasin,<\/address>\n<address>milles saated, teema kasin!<\/address>\n<address>Enda \u00fcmber vaatad, igatsuse filmi,<\/address>\n<address>nooruses oli vigu, ei j\u00e4tkunud Sul silmi!<\/address>\n","protected":false},"excerpt":{"rendered":"<p>Oled avastanud, see mis v\u00e4\u00e4riks l\u00e4itmist, ei ole saavutanud tunnetega t\u00e4itmist! K\u00f5ik on l\u00e4inud, kuhugile t\u00fchja, kas nutta, ahastada v\u00f5i m\u00e4ngida end p\u00f5hja! \u00a0 Prisked vormid muutunud on malliks, peas on karvu mis on l\u00e4inud halliks! Poes on riided, moekad, &hellip; <a href=\"https:\/\/meelis.raume.eu\/?page_id=3554\">J\u00e4tka lugemist <span class=\"meta-nav\">&rarr;<\/span><\/a><\/p>\n","protected":false},"author":1,"featured_media":0,"parent":527,"menu_order":0,"comment_status":"open","ping_status":"open","template":"onecolumn-page.php","meta":{"footnotes":""},"class_list":["post-3554","page","type-page","status-publish","hentry"],"_links":{"self":[{"href":"https:\/\/meelis.raume.eu\/index.php?rest_route=\/wp\/v2\/pages\/3554","targetHints":{"allow":["GET"]}}],"collection":[{"href":"https:\/\/meelis.raume.eu\/index.php?rest_route=\/wp\/v2\/pages"}],"about":[{"href":"https:\/\/meelis.raume.eu\/index.php?rest_route=\/wp\/v2\/types\/page"}],"author":[{"embeddable":true,"href":"https:\/\/meelis.raume.eu\/index.php?rest_route=\/wp\/v2\/users\/1"}],"replies":[{"embeddable":true,"href":"https:\/\/meelis.raume.eu\/index.php?rest_route=%2Fwp%2Fv2%2Fcomments&post=3554"}],"version-history":[{"count":2,"href":"https:\/\/meelis.raume.eu\/index.php?rest_route=\/wp\/v2\/pages\/3554\/revisions"}],"predecessor-version":[{"id":3556,"href":"https:\/\/meelis.raume.eu\/index.php?rest_route=\/wp\/v2\/pages\/3554\/revisions\/3556"}],"up":[{"embeddable":true,"href":"https:\/\/meelis.raume.eu\/index.php?rest_route=\/wp\/v2\/pages\/527"}],"wp:attachment":[{"href":"https:\/\/meelis.raume.eu\/index.php?rest_route=%2Fwp%2Fv2%2Fmedia&parent=3554"}],"curies":[{"name":"wp","href":"https:\/\/api.w.org\/{rel}","templated":true}]}}