{"id":3558,"date":"2014-05-29T11:13:05","date_gmt":"2014-05-29T09:13:05","guid":{"rendered":"http:\/\/meelis.raume.eu\/?page_id=3558"},"modified":"2014-05-29T11:54:28","modified_gmt":"2014-05-29T09:54:28","slug":"onn","status":"publish","type":"page","link":"https:\/\/meelis.raume.eu\/?page_id=3558","title":{"rendered":"\u00d5nn"},"content":{"rendered":"<p style=\"text-align: justify;\"><span style=\"color: #141823;\">M\u00f5ttej\u00e4tk eelnevale m\u00f5tisklusele mis puudutab poliitilist inimlooma poolt ja asub minu koduka aadressil <a title=\"Valimised (vol 2)\" href=\"http:\/\/meelis.raume.eu\/?page_id=3561\" target=\"_blank\">http:\/\/meelis.raume.eu\/?page_id=3561<\/a> on olemas veel \u00fclej\u00e4\u00e4nud maailm ja inimlooma roll selles. K\u00f5ik inimesed tahavad elada \u00f5nnelikena, kuid v\u00e4ga paljud ei ole endale suutnud defineerida, mis asi see \u00f5nn on ja kuidas Temaga k\u00e4ituda?\u00a0<\/span><br style=\"color: #141823;\" \/><span style=\"color: #141823;\">Kellel peitub \u00f5nn rahas, kellel perekonnas, kellel ministriportfellis, kellel niisama k\u00f5rges kohas, kellel uhkes autos v\u00f5i veel uhkemas majas, kellel ego upitamises ja kiituse tagaajamises, kellel tarkuses, kellel m\u00f5tlematus lolluses jne ja jne v\u00f5iks seda nimekirja pikendada! \u00d5nne saavutamiseks valitakse kahjuks v\u00e4ga erinevaid teekondi! \u00dcle peade, \u00fcle laipade, l\u00e4bi kannatuste teistele, l\u00e4bi kannatuste iseendale, l\u00e4bi kannatuste maailmale, loodusele jne! Kas see k\u00f5ik v\u00e4\u00e4rib l\u00f5puks k\u00fc\u00fcnlaid, usun, et ei! Niisama paljalt kui tulid niisama paljalt ka l\u00e4hed, kuid maha j\u00e4tad muserdatud raja!<\/span><br style=\"color: #141823;\" \/><span style=\"color: #141823;\">Kas keegi on m\u00f5elnud, et kui \u00f5nn on k\u00e4es, kas oled siis n\u00fc\u00fcd \u00f5nnelik? Mingil m\u00e4\u00e4ral k\u00fcll, kui Sa tunned \u00f5nne \u00e4ra! Suures osas m\u00e4ngid Sa aga \u00f5nnelikku ja r\u00fchid edasi, v\u00e4ga tihti eba\u00f5nne poole! Sa ei lepi 1-2 \u00f5nnega vaid tahad k\u00f5iki \u00f5nnesid endale saada, kuid t\u00e4helepanuta j\u00e4\u00e4b Sul see, et need esimesed k\u00f5ige kallimad \u00f5nned Sa l\u00f6mastad j\u00e4rgnevate \u00f5nnedega! Inimloom on ahne ja kadedusest pakatav enesev\u00e4\u00e4rikuse kaotanud olend kes otsib lakkamatult \u00f5nne, \u00e4ratundmata tegelikku \u00f5nne!<\/span><br style=\"color: #141823;\" \/><span style=\"color: #141823;\">See panebki nii m\u00f5tlema kui kuulad inimesi meediakanalites v\u00f5i otseselt suheldes mis on siin maailmas siis Tema jaoks t\u00e4htis? V\u00e4ga paljude inimeste suhtes kehtib k\u00fcll t\u00f5de, et ratas neil k\u00fcll veel p\u00f6\u00f6rleb, kuid hamster ratta sees on juba ammu otsad andnud! Seda t\u00f5de v\u00f5iks veel j\u00e4tkata \u00f5nnelikust l\u00f5pust, et surm ei saabu \u00f5nnede kadumisega ja vanadusega, vaid l\u00e4bielatud m\u00e4lestuste ja selle ainsa \u00f5nne kustutamisega.<\/span><br style=\"color: #141823;\" \/><span style=\"color: #141823;\">K\u00fcsimus \u00f5nnest! Mis siis on \u00f5nn kas valimata vahenditega saavutatud \u00f5nned v\u00f5i \u00f5nnekuhjad kus alumised \u00f5nned \u00e4gavad juba \u00f5nnetuse k\u00fc\u00fcsis v\u00f5i l\u00e4bielatud \u00f5nnelik teekond \u00f5nne juurde kuhu Sa suudad j\u00e4\u00e4da ja tunda ennast \u00f5nnelikuna?<\/span><\/p>\n","protected":false},"excerpt":{"rendered":"<p>M\u00f5ttej\u00e4tk eelnevale m\u00f5tisklusele mis puudutab poliitilist inimlooma poolt ja asub minu koduka aadressil http:\/\/meelis.raume.eu\/?page_id=3561 on olemas veel \u00fclej\u00e4\u00e4nud maailm ja inimlooma roll selles. K\u00f5ik inimesed tahavad elada \u00f5nnelikena, kuid v\u00e4ga paljud ei ole endale suutnud defineerida, mis asi see \u00f5nn &hellip; <a href=\"https:\/\/meelis.raume.eu\/?page_id=3558\">J\u00e4tka lugemist <span class=\"meta-nav\">&rarr;<\/span><\/a><\/p>\n","protected":false},"author":1,"featured_media":0,"parent":529,"menu_order":0,"comment_status":"open","ping_status":"open","template":"onecolumn-page.php","meta":{"footnotes":""},"class_list":["post-3558","page","type-page","status-publish","hentry"],"_links":{"self":[{"href":"https:\/\/meelis.raume.eu\/index.php?rest_route=\/wp\/v2\/pages\/3558","targetHints":{"allow":["GET"]}}],"collection":[{"href":"https:\/\/meelis.raume.eu\/index.php?rest_route=\/wp\/v2\/pages"}],"about":[{"href":"https:\/\/meelis.raume.eu\/index.php?rest_route=\/wp\/v2\/types\/page"}],"author":[{"embeddable":true,"href":"https:\/\/meelis.raume.eu\/index.php?rest_route=\/wp\/v2\/users\/1"}],"replies":[{"embeddable":true,"href":"https:\/\/meelis.raume.eu\/index.php?rest_route=%2Fwp%2Fv2%2Fcomments&post=3558"}],"version-history":[{"count":3,"href":"https:\/\/meelis.raume.eu\/index.php?rest_route=\/wp\/v2\/pages\/3558\/revisions"}],"predecessor-version":[{"id":3567,"href":"https:\/\/meelis.raume.eu\/index.php?rest_route=\/wp\/v2\/pages\/3558\/revisions\/3567"}],"up":[{"embeddable":true,"href":"https:\/\/meelis.raume.eu\/index.php?rest_route=\/wp\/v2\/pages\/529"}],"wp:attachment":[{"href":"https:\/\/meelis.raume.eu\/index.php?rest_route=%2Fwp%2Fv2%2Fmedia&parent=3558"}],"curies":[{"name":"wp","href":"https:\/\/api.w.org\/{rel}","templated":true}]}}