{"id":3568,"date":"2014-05-29T12:01:24","date_gmt":"2014-05-29T10:01:24","guid":{"rendered":"http:\/\/meelis.raume.eu\/?page_id=3568"},"modified":"2014-05-29T12:56:02","modified_gmt":"2014-05-29T10:56:02","slug":"maailm","status":"publish","type":"page","link":"https:\/\/meelis.raume.eu\/?page_id=3568","title":{"rendered":"S\u00f5numi tooja"},"content":{"rendered":"<address>Maailm on imedest ilus,<\/address>\n<address>j\u00f5ed tormakad, m\u00e4gede pihus!<\/address>\n<address>Maailm on imedest ilus,<\/address>\n<address>j\u00e4rved vaikivad, metsade ihus!<\/address>\n<address>\u00a0<\/address>\n<address>Maailm on imedest ilus,<\/address>\n<address>s\u00e4rab kastep\u00e4rl, hommiku udus!<\/address>\n<address>Maailm on imedest ilus,<\/address>\n<address>sirgub vikerkaar, vihmade segus!<\/address>\n<address>\u00a0<\/address>\n<address>Maailm on imedest ilus,<\/address>\n<address>kirev loomaaed, t\u00e4htede melus!<\/address>\n<address>Maailm on imedest ilus,<\/address>\n<address>mustav meri, tuulte puhangu valus!<\/address>\n<address>\u00a0<\/address>\n<address>Maailm on kurbusest valus,<\/address>\n<address>inimkestad, s\u00f5dade jalus!<\/address>\n<address>Maailm on kurbusest valus,<\/address>\n<address>inimreeturite p\u00f6\u00f6rases salus!<\/address>\n<address>\u00a0<\/address>\n<address>Maailm on kurbusest valus,<\/address>\n<address>elud, nagu riitades halud!<\/address>\n<address>Maailm on kurbusest valus,<\/address>\n<address>eksistentsi, nagu piinamist talud!<\/address>\n<address>\u00a0<\/address>\n<address>Maailm on kurbusest valus,<\/address>\n<address>loodus, agoonias palub!<\/address>\n<address>Maailm on kurbusest valus,<\/address>\n<address>tuleb pimedus, k\u00f5ik \u00e4ra kadus!<\/address>\n<address>\u00a0<\/address>\n<address>J\u00e4\u00e4b m\u00e4lestus valguse toojast,<\/address>\n<address>oli p\u00e4ike meie alguse loojaks!<\/address>\n<address>Jagas meile, nii k\u00fclma kui sooja,<\/address>\n<address>j\u00e4i viimaseks s\u00f5numi toojaks!<\/address>\n","protected":false},"excerpt":{"rendered":"<p>Maailm on imedest ilus, j\u00f5ed tormakad, m\u00e4gede pihus! Maailm on imedest ilus, j\u00e4rved vaikivad, metsade ihus! \u00a0 Maailm on imedest ilus, s\u00e4rab kastep\u00e4rl, hommiku udus! Maailm on imedest ilus, sirgub vikerkaar, vihmade segus! \u00a0 Maailm on imedest ilus, kirev loomaaed, &hellip; <a href=\"https:\/\/meelis.raume.eu\/?page_id=3568\">J\u00e4tka lugemist <span class=\"meta-nav\">&rarr;<\/span><\/a><\/p>\n","protected":false},"author":1,"featured_media":0,"parent":527,"menu_order":0,"comment_status":"open","ping_status":"open","template":"onecolumn-page.php","meta":{"footnotes":""},"class_list":["post-3568","page","type-page","status-publish","hentry"],"_links":{"self":[{"href":"https:\/\/meelis.raume.eu\/index.php?rest_route=\/wp\/v2\/pages\/3568","targetHints":{"allow":["GET"]}}],"collection":[{"href":"https:\/\/meelis.raume.eu\/index.php?rest_route=\/wp\/v2\/pages"}],"about":[{"href":"https:\/\/meelis.raume.eu\/index.php?rest_route=\/wp\/v2\/types\/page"}],"author":[{"embeddable":true,"href":"https:\/\/meelis.raume.eu\/index.php?rest_route=\/wp\/v2\/users\/1"}],"replies":[{"embeddable":true,"href":"https:\/\/meelis.raume.eu\/index.php?rest_route=%2Fwp%2Fv2%2Fcomments&post=3568"}],"version-history":[{"count":10,"href":"https:\/\/meelis.raume.eu\/index.php?rest_route=\/wp\/v2\/pages\/3568\/revisions"}],"predecessor-version":[{"id":3578,"href":"https:\/\/meelis.raume.eu\/index.php?rest_route=\/wp\/v2\/pages\/3568\/revisions\/3578"}],"up":[{"embeddable":true,"href":"https:\/\/meelis.raume.eu\/index.php?rest_route=\/wp\/v2\/pages\/527"}],"wp:attachment":[{"href":"https:\/\/meelis.raume.eu\/index.php?rest_route=%2Fwp%2Fv2%2Fmedia&parent=3568"}],"curies":[{"name":"wp","href":"https:\/\/api.w.org\/{rel}","templated":true}]}}