{"id":3582,"date":"2014-09-22T13:21:14","date_gmt":"2014-09-22T11:21:14","guid":{"rendered":"http:\/\/meelis.raume.eu\/?page_id=3582"},"modified":"2014-09-22T13:21:14","modified_gmt":"2014-09-22T11:21:14","slug":"tahan-olla","status":"publish","type":"page","link":"https:\/\/meelis.raume.eu\/?page_id=3582","title":{"rendered":"Tahan olla &#8230;"},"content":{"rendered":"<address>Mitte ainult t\u00e4na! Armastan ma Teid!<\/address>\n<address>Jumaldan ja hoolin! Te v\u00e4ike \u00f5nneleid!<\/address>\n<address>Ei minutitki p\u00e4evas, mil meeles m\u00f5lgute!<\/address>\n<address>Kinnitan vaid seda, sest muidu hangute!<\/address>\n<address>\u00a0<\/address>\n<address>Haruldane kingitus, mida hindan ma!<\/address>\n<address>Oskate mind hoida, r\u00f5\u00f5mutundega!<\/address>\n<address>Hindamatu anne, koost\u00f6\u00f6s hingega!<\/address>\n<address>Olete Te loodud \u00f5nne jagama!<\/address>\n<address>\u00a0<\/address>\n<address>Tahan olla Teie juures,<\/address>\n<address>kui Te ei vaja mind!<\/address>\n<address>Tahan olla Teie juures,<\/address>\n<address>kui Te ei n\u00e4e mind!<\/address>\n<address>Tahan olla Teie juures,<\/address>\n<address>kui Te ei kuule mind!<\/address>\n<address>Tahan olla Teie juures,<\/address>\n<address>kui Te ei tunneks mind!<\/address>\n<address>\u00a0<\/address>\n<address>See on k\u00f5ik mis tahan \u00f6elda,<\/address>\n<address>Te s\u00f5numile pikalt m\u00f5elda!<\/address>\n<address>N\u00fc\u00fcd \u00f5nne j\u00e4tkub kauemaks,<\/address>\n<address>\u00fcks hulkuv hing sai k\u00f5vemaks!<\/address>\n","protected":false},"excerpt":{"rendered":"<p>Mitte ainult t\u00e4na! Armastan ma Teid! Jumaldan ja hoolin! Te v\u00e4ike \u00f5nneleid! Ei minutitki p\u00e4evas, mil meeles m\u00f5lgute! Kinnitan vaid seda, sest muidu hangute! \u00a0 Haruldane kingitus, mida hindan ma! Oskate mind hoida, r\u00f5\u00f5mutundega! Hindamatu anne, koost\u00f6\u00f6s hingega! Olete Te &hellip; <a href=\"https:\/\/meelis.raume.eu\/?page_id=3582\">J\u00e4tka lugemist <span class=\"meta-nav\">&rarr;<\/span><\/a><\/p>\n","protected":false},"author":1,"featured_media":0,"parent":527,"menu_order":0,"comment_status":"open","ping_status":"open","template":"onecolumn-page.php","meta":{"footnotes":""},"class_list":["post-3582","page","type-page","status-publish","hentry"],"_links":{"self":[{"href":"https:\/\/meelis.raume.eu\/index.php?rest_route=\/wp\/v2\/pages\/3582","targetHints":{"allow":["GET"]}}],"collection":[{"href":"https:\/\/meelis.raume.eu\/index.php?rest_route=\/wp\/v2\/pages"}],"about":[{"href":"https:\/\/meelis.raume.eu\/index.php?rest_route=\/wp\/v2\/types\/page"}],"author":[{"embeddable":true,"href":"https:\/\/meelis.raume.eu\/index.php?rest_route=\/wp\/v2\/users\/1"}],"replies":[{"embeddable":true,"href":"https:\/\/meelis.raume.eu\/index.php?rest_route=%2Fwp%2Fv2%2Fcomments&post=3582"}],"version-history":[{"count":1,"href":"https:\/\/meelis.raume.eu\/index.php?rest_route=\/wp\/v2\/pages\/3582\/revisions"}],"predecessor-version":[{"id":3583,"href":"https:\/\/meelis.raume.eu\/index.php?rest_route=\/wp\/v2\/pages\/3582\/revisions\/3583"}],"up":[{"embeddable":true,"href":"https:\/\/meelis.raume.eu\/index.php?rest_route=\/wp\/v2\/pages\/527"}],"wp:attachment":[{"href":"https:\/\/meelis.raume.eu\/index.php?rest_route=%2Fwp%2Fv2%2Fmedia&parent=3582"}],"curies":[{"name":"wp","href":"https:\/\/api.w.org\/{rel}","templated":true}]}}