{"id":3631,"date":"2014-10-01T12:01:52","date_gmt":"2014-10-01T10:01:52","guid":{"rendered":"http:\/\/meelis.raume.eu\/?page_id=3631"},"modified":"2014-10-01T12:02:42","modified_gmt":"2014-10-01T10:02:42","slug":"elumees","status":"publish","type":"page","link":"https:\/\/meelis.raume.eu\/?page_id=3631","title":{"rendered":"Elumees"},"content":{"rendered":"<address>Kas t\u00f5esti on see kiindumus,<br \/>\nv\u00f5i on see m\u00f6\u00f6duv tunne!<br \/>\nEi ole ikka veendunud,<br \/>\nk\u00e4is m\u00f5te l\u00e4bi munne!<\/address>\n<address>\u00a0<\/address>\n<address>Kas see, kuis v\u00e4ga tahad mind,<br \/>\nnii soe ja r\u00f5\u00f5mus naer Su sees!<br \/>\nMis olla v\u00f5iks see \u00f5nne hind,<br \/>\nmu jaoks on k\u00f5ik siis j\u00e4lle pees!<\/address>\n<address>\u00a0<\/address>\n<address>Pean m\u00f5tlema ma endale<\/address>\n<address>kuis alatult saab edasi?<\/address>\n<address>Su voodisse pean lendama,<\/address>\n<address>et petta aega tagasi!<\/address>\n<address>\u00a0<\/address>\n<address>Pikalt \u00f5ndsalt, suudeldes,<br \/>\nmagusalt ma igatsen!<br \/>\nM\u00f5tteis j\u00e4rgmist tuuseldan,<\/address>\n<address>pettes Sind, ma sigatsen!<\/address>\n<address>\u00a0<\/address>\n<address>Su s\u00fcda armust valutab,<br \/>\nm\u00f5eldes kaugel olen ma!<\/address>\n<address>K\u00e4est kinni pargis jalutan,<\/address>\n<address>meelt lahutades teisega!<\/address>\n","protected":false},"excerpt":{"rendered":"<p>Kas t\u00f5esti on see kiindumus, v\u00f5i on see m\u00f6\u00f6duv tunne! Ei ole ikka veendunud, k\u00e4is m\u00f5te l\u00e4bi munne! \u00a0 Kas see, kuis v\u00e4ga tahad mind, nii soe ja r\u00f5\u00f5mus naer Su sees! Mis olla v\u00f5iks see \u00f5nne hind, mu jaoks &hellip; <a href=\"https:\/\/meelis.raume.eu\/?page_id=3631\">J\u00e4tka lugemist <span class=\"meta-nav\">&rarr;<\/span><\/a><\/p>\n","protected":false},"author":1,"featured_media":0,"parent":527,"menu_order":0,"comment_status":"open","ping_status":"open","template":"onecolumn-page.php","meta":{"footnotes":""},"class_list":["post-3631","page","type-page","status-publish","hentry"],"_links":{"self":[{"href":"https:\/\/meelis.raume.eu\/index.php?rest_route=\/wp\/v2\/pages\/3631","targetHints":{"allow":["GET"]}}],"collection":[{"href":"https:\/\/meelis.raume.eu\/index.php?rest_route=\/wp\/v2\/pages"}],"about":[{"href":"https:\/\/meelis.raume.eu\/index.php?rest_route=\/wp\/v2\/types\/page"}],"author":[{"embeddable":true,"href":"https:\/\/meelis.raume.eu\/index.php?rest_route=\/wp\/v2\/users\/1"}],"replies":[{"embeddable":true,"href":"https:\/\/meelis.raume.eu\/index.php?rest_route=%2Fwp%2Fv2%2Fcomments&post=3631"}],"version-history":[{"count":2,"href":"https:\/\/meelis.raume.eu\/index.php?rest_route=\/wp\/v2\/pages\/3631\/revisions"}],"predecessor-version":[{"id":3633,"href":"https:\/\/meelis.raume.eu\/index.php?rest_route=\/wp\/v2\/pages\/3631\/revisions\/3633"}],"up":[{"embeddable":true,"href":"https:\/\/meelis.raume.eu\/index.php?rest_route=\/wp\/v2\/pages\/527"}],"wp:attachment":[{"href":"https:\/\/meelis.raume.eu\/index.php?rest_route=%2Fwp%2Fv2%2Fmedia&parent=3631"}],"curies":[{"name":"wp","href":"https:\/\/api.w.org\/{rel}","templated":true}]}}