{"id":3635,"date":"2014-10-13T23:44:54","date_gmt":"2014-10-13T21:44:54","guid":{"rendered":"http:\/\/meelis.raume.eu\/?page_id=3635"},"modified":"2014-10-15T13:37:24","modified_gmt":"2014-10-15T11:37:24","slug":"tee","status":"publish","type":"page","link":"https:\/\/meelis.raume.eu\/?page_id=3635","title":{"rendered":"Kohtumine"},"content":{"rendered":"<address>\u00dcks lilleke \u00e4rkas,<\/address>\n<address>p\u00e4iksekiirtega t\u00e4rkas!<\/address>\n<address>\u00d5itses suvisel aasal,<\/address>\n<address>kuniks s\u00fcgis viis kaasa!<\/address>\n<address>\u00a0<\/address>\n<address>\u00dcks \u00f5rnus vaatas,<\/address>\n<address>nii ruttasid aastad!<\/address>\n<address>Oli otsind Ta kirge,<\/address>\n<address>elus\u00fcgises virget!<\/address>\n<address>\u00a0<\/address>\n<address>\u00dcks murelik ruttas,<\/address>\n<address>taaka tassides t\u00f5ttas!<\/address>\n<address>Seljakotit\u00e4it rauda,<\/address>\n<address>ei tahtnud Ta hauda!<\/address>\n<address>\u00a0<\/address>\n<address>\u00dcks kivi oli magand<\/address>\n<address>niikaua nii leband!<\/address>\n<address>Kuniks kukuti s\u00fclle<\/address>\n<address>kivist tunnete tulle!<\/address>\n<address>\u00a0<\/address>\n<address>\u00dckskord tuligi p\u00e4ev<\/address>\n<address>aastaid lebatud vaev!<\/address>\n<address>Romantika teos,<\/address>\n<address>s\u00fcgistormide peos!<\/address>\n<address>\u00a0<\/address>\n<address>\u00dcks tormine hetk,<\/address>\n<address>algas \u00f5nnelik retk!<\/address>\n<address>Elust r\u00e4situd vaod,<\/address>\n<address>liitis haavaga praod!<\/address>\n","protected":false},"excerpt":{"rendered":"<p>\u00dcks lilleke \u00e4rkas, p\u00e4iksekiirtega t\u00e4rkas! \u00d5itses suvisel aasal, kuniks s\u00fcgis viis kaasa! \u00a0 \u00dcks \u00f5rnus vaatas, nii ruttasid aastad! Oli otsind Ta kirge, elus\u00fcgises virget! \u00a0 \u00dcks murelik ruttas, taaka tassides t\u00f5ttas! Seljakotit\u00e4it rauda, ei tahtnud Ta hauda! \u00a0 \u00dcks &hellip; <a href=\"https:\/\/meelis.raume.eu\/?page_id=3635\">J\u00e4tka lugemist <span class=\"meta-nav\">&rarr;<\/span><\/a><\/p>\n","protected":false},"author":1,"featured_media":0,"parent":527,"menu_order":0,"comment_status":"open","ping_status":"open","template":"onecolumn-page.php","meta":{"footnotes":""},"class_list":["post-3635","page","type-page","status-publish","hentry"],"_links":{"self":[{"href":"https:\/\/meelis.raume.eu\/index.php?rest_route=\/wp\/v2\/pages\/3635","targetHints":{"allow":["GET"]}}],"collection":[{"href":"https:\/\/meelis.raume.eu\/index.php?rest_route=\/wp\/v2\/pages"}],"about":[{"href":"https:\/\/meelis.raume.eu\/index.php?rest_route=\/wp\/v2\/types\/page"}],"author":[{"embeddable":true,"href":"https:\/\/meelis.raume.eu\/index.php?rest_route=\/wp\/v2\/users\/1"}],"replies":[{"embeddable":true,"href":"https:\/\/meelis.raume.eu\/index.php?rest_route=%2Fwp%2Fv2%2Fcomments&post=3635"}],"version-history":[{"count":7,"href":"https:\/\/meelis.raume.eu\/index.php?rest_route=\/wp\/v2\/pages\/3635\/revisions"}],"predecessor-version":[{"id":3644,"href":"https:\/\/meelis.raume.eu\/index.php?rest_route=\/wp\/v2\/pages\/3635\/revisions\/3644"}],"up":[{"embeddable":true,"href":"https:\/\/meelis.raume.eu\/index.php?rest_route=\/wp\/v2\/pages\/527"}],"wp:attachment":[{"href":"https:\/\/meelis.raume.eu\/index.php?rest_route=%2Fwp%2Fv2%2Fmedia&parent=3635"}],"curies":[{"name":"wp","href":"https:\/\/api.w.org\/{rel}","templated":true}]}}