{"id":3715,"date":"2017-05-15T18:29:23","date_gmt":"2017-05-15T16:29:23","guid":{"rendered":"http:\/\/meelis.raume.eu\/?page_id=3715"},"modified":"2017-05-15T18:29:23","modified_gmt":"2017-05-15T16:29:23","slug":"siiras","status":"publish","type":"page","link":"https:\/\/meelis.raume.eu\/?page_id=3715","title":{"rendered":"Siiras"},"content":{"rendered":"<p>Siiras austab k\u00f5iki,<br \/>\nvale ain\u00b4t v\u00f5imu meiki!<br \/>\nSiiras ei p\u00fc\u00fca meeldida,<br \/>\nvale ain\u00b4t ilusaks end voolida!<\/p>\n<p>Siiras \u00fctleb otse v\u00e4lja,<br \/>\nvale ain\u00b4t vassib palju!<br \/>\nSiiras ei eputa eduga,<br \/>\nvale ain\u00b4t liputab sabaga!<\/p>\n<p>Siiras r\u00e4\u00e4gib k\u00f5ik avalalt,<br \/>\nvale ain\u00b4t salakavalalt!<br \/>\nSiiras imetleb ja kiidab,<br \/>\nVale ain\u00b4t klat\u0161iga niidab!<\/p>\n","protected":false},"excerpt":{"rendered":"<p>Siiras austab k\u00f5iki, vale ain\u00b4t v\u00f5imu meiki! Siiras ei p\u00fc\u00fca meeldida, vale ain\u00b4t ilusaks end voolida! Siiras \u00fctleb otse v\u00e4lja, vale ain\u00b4t vassib palju! Siiras ei eputa eduga, vale ain\u00b4t liputab sabaga! Siiras r\u00e4\u00e4gib k\u00f5ik avalalt, vale ain\u00b4t salakavalalt! Siiras &hellip; <a href=\"https:\/\/meelis.raume.eu\/?page_id=3715\">J\u00e4tka lugemist <span class=\"meta-nav\">&rarr;<\/span><\/a><\/p>\n","protected":false},"author":1,"featured_media":0,"parent":527,"menu_order":0,"comment_status":"closed","ping_status":"closed","template":"onecolumn-page.php","meta":{"footnotes":""},"class_list":["post-3715","page","type-page","status-publish","hentry"],"_links":{"self":[{"href":"https:\/\/meelis.raume.eu\/index.php?rest_route=\/wp\/v2\/pages\/3715","targetHints":{"allow":["GET"]}}],"collection":[{"href":"https:\/\/meelis.raume.eu\/index.php?rest_route=\/wp\/v2\/pages"}],"about":[{"href":"https:\/\/meelis.raume.eu\/index.php?rest_route=\/wp\/v2\/types\/page"}],"author":[{"embeddable":true,"href":"https:\/\/meelis.raume.eu\/index.php?rest_route=\/wp\/v2\/users\/1"}],"replies":[{"embeddable":true,"href":"https:\/\/meelis.raume.eu\/index.php?rest_route=%2Fwp%2Fv2%2Fcomments&post=3715"}],"version-history":[{"count":1,"href":"https:\/\/meelis.raume.eu\/index.php?rest_route=\/wp\/v2\/pages\/3715\/revisions"}],"predecessor-version":[{"id":3716,"href":"https:\/\/meelis.raume.eu\/index.php?rest_route=\/wp\/v2\/pages\/3715\/revisions\/3716"}],"up":[{"embeddable":true,"href":"https:\/\/meelis.raume.eu\/index.php?rest_route=\/wp\/v2\/pages\/527"}],"wp:attachment":[{"href":"https:\/\/meelis.raume.eu\/index.php?rest_route=%2Fwp%2Fv2%2Fmedia&parent=3715"}],"curies":[{"name":"wp","href":"https:\/\/api.w.org\/{rel}","templated":true}]}}