{"id":3717,"date":"2017-05-15T18:30:38","date_gmt":"2017-05-15T16:30:38","guid":{"rendered":"http:\/\/meelis.raume.eu\/?page_id=3717"},"modified":"2017-05-15T18:30:38","modified_gmt":"2017-05-15T16:30:38","slug":"elu-on","status":"publish","type":"page","link":"https:\/\/meelis.raume.eu\/?page_id=3717","title":{"rendered":"Elu on &#8230;"},"content":{"rendered":"<p>Elu on, et jagada,<br \/>\nheadust enda p\u00f5uest!<br \/>\nKaisus, saaks magada,<br \/>\nkui maru kadund \u00f5uest!<\/p>\n<p>Elu on, et elada,<br \/>\narmsa, kuumas pihus!<br \/>\nSeotud, samas vabana,<br \/>\nnagu p\u00e4rl, p\u00e4ikse vihus!<\/p>\n","protected":false},"excerpt":{"rendered":"<p>Elu on, et jagada, headust enda p\u00f5uest! Kaisus, saaks magada, kui maru kadund \u00f5uest! Elu on, et elada, armsa, kuumas pihus! Seotud, samas vabana, nagu p\u00e4rl, p\u00e4ikse vihus!<\/p>\n","protected":false},"author":1,"featured_media":0,"parent":527,"menu_order":0,"comment_status":"closed","ping_status":"closed","template":"onecolumn-page.php","meta":{"footnotes":""},"class_list":["post-3717","page","type-page","status-publish","hentry"],"_links":{"self":[{"href":"https:\/\/meelis.raume.eu\/index.php?rest_route=\/wp\/v2\/pages\/3717","targetHints":{"allow":["GET"]}}],"collection":[{"href":"https:\/\/meelis.raume.eu\/index.php?rest_route=\/wp\/v2\/pages"}],"about":[{"href":"https:\/\/meelis.raume.eu\/index.php?rest_route=\/wp\/v2\/types\/page"}],"author":[{"embeddable":true,"href":"https:\/\/meelis.raume.eu\/index.php?rest_route=\/wp\/v2\/users\/1"}],"replies":[{"embeddable":true,"href":"https:\/\/meelis.raume.eu\/index.php?rest_route=%2Fwp%2Fv2%2Fcomments&post=3717"}],"version-history":[{"count":1,"href":"https:\/\/meelis.raume.eu\/index.php?rest_route=\/wp\/v2\/pages\/3717\/revisions"}],"predecessor-version":[{"id":3718,"href":"https:\/\/meelis.raume.eu\/index.php?rest_route=\/wp\/v2\/pages\/3717\/revisions\/3718"}],"up":[{"embeddable":true,"href":"https:\/\/meelis.raume.eu\/index.php?rest_route=\/wp\/v2\/pages\/527"}],"wp:attachment":[{"href":"https:\/\/meelis.raume.eu\/index.php?rest_route=%2Fwp%2Fv2%2Fmedia&parent=3717"}],"curies":[{"name":"wp","href":"https:\/\/api.w.org\/{rel}","templated":true}]}}