{"id":3723,"date":"2017-05-15T19:08:09","date_gmt":"2017-05-15T17:08:09","guid":{"rendered":"http:\/\/meelis.raume.eu\/?page_id=3723"},"modified":"2017-05-15T19:53:04","modified_gmt":"2017-05-15T17:53:04","slug":"sunnipaevaks","status":"publish","type":"page","link":"https:\/\/meelis.raume.eu\/?page_id=3723","title":{"rendered":"S\u00fcnnip\u00e4evaks"},"content":{"rendered":"<p>Tuuleiili puhangul, v\u00e4iksel!<br \/>\nIstub valges kleidis r\u00f5\u00f5muingel!<br \/>\nPaista laseb, soovip\u00e4iksel!<br \/>\nKeerleb \u00f5hus Sulle, \u00f5nnesingel!<\/p>\n<hr \/>\n<hr \/>\n<blockquote><p>K\u00e4idud tee on lugu nagu rannas mere kohin!<br \/>\nK\u00e4idud tee on helin nagu haava lehe sahin!<br \/>\nK\u00e4idud tee on ilus nagu kuu peegel ojas!<br \/>\nK\u00e4idud tee on \u00f5nn nagu kallis s\u00f5ber kojas!<\/p><\/blockquote>\n<hr \/>\n<hr \/>\n<p>Sul t\u00e4na kodus n\u00f5nda igav,<br \/>\nsaad lugeda vaid \u00f5nnitlust!<br \/>\nSeal iga soov on \u00f5nnest ogar,<br \/>\nsooviks Sulle sedasamust just!<\/p>\n<hr \/>\n<hr \/>\n<blockquote><p>J\u00f5uda tordil saja k\u00fc\u00fcnlani<br \/>\nl\u00e4heb aega v\u00e4ga kaua!<br \/>\nPole sellest mitte midagi<br \/>\nkui katad mulle laua!<\/p><\/blockquote>\n<hr \/>\n<hr \/>\n<p>T\u00e4na \u00f5nnelik \u00e4rkab,<br \/>\nkoidukiirtega t\u00e4rkab!<br \/>\nHomne unistus vaatab,<br \/>\nkuis ruttavad aastad!<\/p>\n<p>Aastaid otsimas kirge,<br \/>\neluvagudes virget!<br \/>\nRomantiline teos,<br \/>\nelutormide peos!<\/p>\n<hr \/>\n<hr \/>\n<p>&nbsp;<\/p>\n","protected":false},"excerpt":{"rendered":"<p>Tuuleiili puhangul, v\u00e4iksel! Istub valges kleidis r\u00f5\u00f5muingel! Paista laseb, soovip\u00e4iksel! Keerleb \u00f5hus Sulle, \u00f5nnesingel! K\u00e4idud tee on lugu nagu rannas mere kohin! K\u00e4idud tee on helin nagu haava lehe sahin! K\u00e4idud tee on ilus nagu kuu peegel ojas! K\u00e4idud tee &hellip; <a href=\"https:\/\/meelis.raume.eu\/?page_id=3723\">J\u00e4tka lugemist <span class=\"meta-nav\">&rarr;<\/span><\/a><\/p>\n","protected":false},"author":1,"featured_media":0,"parent":527,"menu_order":0,"comment_status":"closed","ping_status":"closed","template":"onecolumn-page.php","meta":{"footnotes":""},"class_list":["post-3723","page","type-page","status-publish","hentry"],"_links":{"self":[{"href":"https:\/\/meelis.raume.eu\/index.php?rest_route=\/wp\/v2\/pages\/3723","targetHints":{"allow":["GET"]}}],"collection":[{"href":"https:\/\/meelis.raume.eu\/index.php?rest_route=\/wp\/v2\/pages"}],"about":[{"href":"https:\/\/meelis.raume.eu\/index.php?rest_route=\/wp\/v2\/types\/page"}],"author":[{"embeddable":true,"href":"https:\/\/meelis.raume.eu\/index.php?rest_route=\/wp\/v2\/users\/1"}],"replies":[{"embeddable":true,"href":"https:\/\/meelis.raume.eu\/index.php?rest_route=%2Fwp%2Fv2%2Fcomments&post=3723"}],"version-history":[{"count":3,"href":"https:\/\/meelis.raume.eu\/index.php?rest_route=\/wp\/v2\/pages\/3723\/revisions"}],"predecessor-version":[{"id":3734,"href":"https:\/\/meelis.raume.eu\/index.php?rest_route=\/wp\/v2\/pages\/3723\/revisions\/3734"}],"up":[{"embeddable":true,"href":"https:\/\/meelis.raume.eu\/index.php?rest_route=\/wp\/v2\/pages\/527"}],"wp:attachment":[{"href":"https:\/\/meelis.raume.eu\/index.php?rest_route=%2Fwp%2Fv2%2Fmedia&parent=3723"}],"curies":[{"name":"wp","href":"https:\/\/api.w.org\/{rel}","templated":true}]}}