{"id":3735,"date":"2017-05-15T19:53:52","date_gmt":"2017-05-15T17:53:52","guid":{"rendered":"http:\/\/meelis.raume.eu\/?page_id=3735"},"modified":"2017-05-15T19:53:52","modified_gmt":"2017-05-15T17:53:52","slug":"sobrale","status":"publish","type":"page","link":"https:\/\/meelis.raume.eu\/?page_id=3735","title":{"rendered":"S\u00f5brale"},"content":{"rendered":"<p>Headust eneses kandes<br \/>\nkurjusele maad mitte andes!<br \/>\nS\u00fcdames on mida jagada,<br \/>\nhingi soojendades magada!<\/p>\n<p>Suhe peab j\u00e4\u00e4ma siiraks,<br \/>\net s\u00f5prust n\u00e4ssu ei keeraks!<br \/>\nKahtlusel, kadedusel puudub koht<br \/>\nsee ongi s\u00f5pruse suurim oht!<\/p>\n","protected":false},"excerpt":{"rendered":"<p>Headust eneses kandes kurjusele maad mitte andes! S\u00fcdames on mida jagada, hingi soojendades magada! Suhe peab j\u00e4\u00e4ma siiraks, et s\u00f5prust n\u00e4ssu ei keeraks! Kahtlusel, kadedusel puudub koht see ongi s\u00f5pruse suurim oht!<\/p>\n","protected":false},"author":1,"featured_media":0,"parent":527,"menu_order":0,"comment_status":"closed","ping_status":"closed","template":"onecolumn-page.php","meta":{"footnotes":""},"class_list":["post-3735","page","type-page","status-publish","hentry"],"_links":{"self":[{"href":"https:\/\/meelis.raume.eu\/index.php?rest_route=\/wp\/v2\/pages\/3735","targetHints":{"allow":["GET"]}}],"collection":[{"href":"https:\/\/meelis.raume.eu\/index.php?rest_route=\/wp\/v2\/pages"}],"about":[{"href":"https:\/\/meelis.raume.eu\/index.php?rest_route=\/wp\/v2\/types\/page"}],"author":[{"embeddable":true,"href":"https:\/\/meelis.raume.eu\/index.php?rest_route=\/wp\/v2\/users\/1"}],"replies":[{"embeddable":true,"href":"https:\/\/meelis.raume.eu\/index.php?rest_route=%2Fwp%2Fv2%2Fcomments&post=3735"}],"version-history":[{"count":1,"href":"https:\/\/meelis.raume.eu\/index.php?rest_route=\/wp\/v2\/pages\/3735\/revisions"}],"predecessor-version":[{"id":3736,"href":"https:\/\/meelis.raume.eu\/index.php?rest_route=\/wp\/v2\/pages\/3735\/revisions\/3736"}],"up":[{"embeddable":true,"href":"https:\/\/meelis.raume.eu\/index.php?rest_route=\/wp\/v2\/pages\/527"}],"wp:attachment":[{"href":"https:\/\/meelis.raume.eu\/index.php?rest_route=%2Fwp%2Fv2%2Fmedia&parent=3735"}],"curies":[{"name":"wp","href":"https:\/\/api.w.org\/{rel}","templated":true}]}}