{"id":423,"date":"2012-03-27T16:47:56","date_gmt":"2012-03-27T14:47:56","guid":{"rendered":"http:\/\/meelis.raume.eu\/?page_id=423"},"modified":"2012-03-28T15:41:25","modified_gmt":"2012-03-28T13:41:25","slug":"kingman-hoover-dam-las-vegas-los-angeles-indio","status":"publish","type":"page","link":"https:\/\/meelis.raume.eu\/?page_id=423","title":{"rendered":"Kingman &#8211; Hoover Dam &#8211; Las Vegas &#8211; Los Angeles &#8211; Indio"},"content":{"rendered":"<p>Kingman-ist ma tsipa r\u00e4\u00e4kisin juba ja ega seal rohkemat polegi millest pajatada. T\u00fc\u00fcpiline USA linn m\u00e4gede vahel orus oma kaubanduskeskuste ja veidrate inimestega. Teekond Hoover Dam-ile kulges l\u00e4bi stepi. Ikka keset kaktuseid ja t\u00fchje v\u00e4lju, \u00fcmberringi palistamas mustad ning valged m\u00e4ed. Hoover Dam-is olin ma pettunud! R\u00e4\u00e4gitakse, et suur ja v\u00f5imas aga ei midagi. Kaprun Austrias on ikka 5 korda v\u00f5imsam!<\/p>\n<div>\n<dl id=\"attachment_124\">\n<dt><a href=\"http:\/\/meelis.raume.eu\/?attachment_id=124\" rel=\"attachment wp-att-124\"><img loading=\"lazy\" decoding=\"async\" title=\"Nevada\" src=\"http:\/\/meelis.raume.eu\/wp-content\/uploads\/2010\/04\/DSC04221-1024x576.jpg\" alt=\"\" width=\"608\" height=\"343\" \/><\/a><\/dt>\n<dd>Hoover Dam &#8211; Arizona ja Nevada piiril<\/dd>\n<\/dl>\n<\/div>\n<p>Aga see selleks! Palju suurem mure on selles, et see j\u00e4rv mis \u00fcles on paisutatud kahaneb iga aastaga metsikult. Viimase 30 aastaga on vesi kahanenud 20 meetrit, seda on v\u00f5imalik m\u00f5\u00f5ta kaljude peal. Kui vesi otsa saab, siis lakkab ka Las Vegas-e linn oma eksistentsi! Jook, kastmine ja muud vee m\u00f5nud tulevad ju sellest j\u00e4rvest. Hoover tamm oli minu meelst &#8220;black out&#8221;! Oli seal k\u00f5ikse huvitavaid inimesi! M\u00f5ni naine ei seisnud p\u00fcstigi aga tegi meist pilti. Loomulikult meie endi aparaadiga ja s\u00f5ber oli samuti maani t\u00e4is. Ja nad s\u00f5itsid ise sealt minema oma Cabrioletiga. Allpool tegi meist veel pilti \u00fcks Black kelle pere s\u00f5itis tibukollase Hummeriga.<\/p>\n<p>L\u00f5puks siis Las Vegas! Alustuseks tegin autoga linnale tiiru peale. Liiga varajane aeg oli veel sest kell oli 3 p\u00e4eval ja inimesed ilmselt magasid veel. \u00d6\u00f6elu linn ju!<\/p>\n<div>\n<dl id=\"attachment_127\">\n<dt><a href=\"http:\/\/meelis.raume.eu\/?attachment_id=127\" rel=\"attachment wp-att-127\"><img loading=\"lazy\" decoding=\"async\" title=\"Las Vegas\" src=\"http:\/\/meelis.raume.eu\/wp-content\/uploads\/2010\/04\/DSC04257-1024x576.jpg\" alt=\"\" width=\"645\" height=\"363\" \/><\/a><\/dt>\n<dd>Las Vegas &#8211; t\u00fckike Eiffeli torni<\/dd>\n<\/dl>\n<\/div>\n<p>Donald Trump-i kuldsed majad avaldavad ikka seal muljet k\u00fcll ja \u00fcle\u00fcldse on seda k\u00f5ike s\u00f5nades raske edasi kanda. Lihtsalt k\u00e4ib klientide eest rebimine. Majad kuldsed, plaatinast, pronksist jne. mul ei tule see Mendelejevi v\u00e4\u00e4rismetallide tabel kohe meeldegi.<\/p>\n<div>\n<dl id=\"attachment_130\">\n<dt><a href=\"http:\/\/meelis.raume.eu\/?attachment_id=130\" rel=\"attachment wp-att-130\"><img loading=\"lazy\" decoding=\"async\" title=\"Las Vegas\" src=\"http:\/\/meelis.raume.eu\/wp-content\/uploads\/2010\/04\/DSC04248-1024x576.jpg\" alt=\"\" width=\"645\" height=\"363\" \/><\/a><\/dt>\n<dd>Las Vegas &#8211; Donald Trump kuldsed majad<\/dd>\n<\/dl>\n<\/div>\n<p>Seda k\u00f5ike peab ise n\u00e4gema! Kui Co (mis iganes kasiinofirma) uksest sisse astud ja poodides on ainult firma asjad ning edasi l\u00e4heb sujuvalt \u00fcle m\u00e4ngup\u00f5rguks kus on tuhanded m\u00e4ngulauad siis v\u00f5tab ikka keeletuks k\u00fcll. Ja neid p\u00f5rguid on sadu! Eiffeli torn kohale veetud, Venezia oma gondlitega, idamaad oma sultani lossidega ja p\u00fcramiididega &#8211; see on Las Vegas! Mis veel r\u00e4\u00e4kida Ameerikast endast! Sai siis seal jalgsi 5 tundi t\u00f5mmeldud, minul sai igastahes v\u00e4ga ruttu m\u00f5\u00f5t t\u00e4is. V\u00e4sitavad ikka v\u00e4ga \u00e4ra need sajad kasiinosaalid, meelelahutused ja showd. Inimesed chillivad \u00f6\u00f6 l\u00e4bi, ma ei tea kuidas nad j\u00f5uavad kohe! Eks mul vanust samuti juba.\u00a0 K\u00f5ik on muidugi \u00fcles ehitatud ainult kasiinoturistide peale ja ega seal muud \u00e4ri polegi. Kella 10 ajal \u00f5htul auto juurde j\u00f5udes olid minu jalad igastahes rakkus, ma ei tea kuidas teistel on aga aiman seda.<\/p>\n<p>Linnast sai \u00fcsna ruttu v\u00e4lja, muidugi t\u00e4nu GPS-ile. Ilma vist poleks saanud, oleks j\u00e4\u00e4nud kindalsti nagu ringteele. Viimane kasiinosaar oli veel ennem California osariigi piiri &#8211; seal on juba keelatud! Hakkasime meeleheitlikult otsima \u00f6\u00f6maja, k\u00fctus samuti otsa l\u00f5ppemas. Tee peale j\u00e4i v\u00e4ike linn nimega Baker kus oli 3 motelli 8 bensiinijaama ning k\u00fcmmekond muud osmikut. Igastahes motelli me ei saanud sest keegi uksi ei avanud kell 2 \u00f6\u00f6sel. Bensiin otsas \u00a0ning uni murdis meid maha st t\u00e4hendab, et kuidagi sleep-isime autos hommikuni. Ega kiita ei olnud, kuid j\u00e4rgmine asustatud punkt asus 100 miili kaugusel ja see sihtpunkt oleks mul peale seda 5 tunnist jalutust Las Vega-ses liiast olnud. See polnud nii m\u00f5eldud aga kukkus niimoodi v\u00e4lja lihtsalt. Kell 6 \u00e4rgates olin sama kange kui k\u00fclmutatud kana k\u00fclmast v\u00f5etud, j\u00e4i ainult lootus ennast v\u00e4lja puhata Los Angeles-e beach-il.<\/p>\n<p>Los Angeles (LA), meeletu suur linn oma eeslinnadega ja sildade r\u00e4gastikuga Tegime tiiru kesklinnast l\u00e4bi ja suundusime randa nimega Manhattan Beach. Asub LA l\u00f5unak\u00fcljel, \u00fches\u00f5naga rikkurite ja sellise staffi suvitusrajoon. Poodi polnud m\u00f5tet minnagi! No toidupoodi ikka nats j\u00e4tsime raha. P\u00f5letasime ennast ikka parajalt \u00e4ra sest ookeani tuul nii meeldivalt jahedalt paitas meid! Linnast v\u00e4lja s\u00f5ites ilma GPS seadmeta vist ei saaks sest kui sillad jooksevad 4 ja 5 korruselistena siis orienteeruda selles r\u00e4gastikus on suht v\u00f5imatu! Ilma teeviitateta veel! Aga saime v\u00e4lja, t\u00e4nu GPS-ile ja ridadele kus v\u00f5ivad s\u00f5ita 2 ning enamat reisijat autos! Oled kiirtee rajal omaette rajal kus peab v\u00e4hemalt 2 inimest autos olema ning \u00fcksikud seisavad ummikus! LA-st v\u00e4ljas\u00f5ites on v\u00e4ga ilus loodus ja kui joovastavad m\u00e4ed &#8211; veelkord v\u00e4ga fantastiline!<\/p>\n<p>Indio, linn kus \u00f6\u00f6bime on indiaanlaste reservaat ning k\u00f5ik ongi indiaanlased. Pakuks v\u00e4lja mingi Tartu suurune linn kuid k\u00f5ik on t\u00f5esti ilma rahata st, et odavalt. Ma ei leidnud peaaegu asja mis oleks Eestis kallim olnud n\u00e4it. apelsin 7 eek-u kilo jne. V\u00e4ga soe on siin juba &#8211; p\u00e4ikeseloojangu ajal +28. Homme siis Phoenix-i poole ja meie n\u00e4dalane tuur hakkab otsa saama seekord L\u00f5una Ameerika osariikides! Aga edasi tuleb veel Miami ja Key West!<\/p>\n","protected":false},"excerpt":{"rendered":"<p>Kingman-ist ma tsipa r\u00e4\u00e4kisin juba ja ega seal rohkemat polegi millest pajatada. T\u00fc\u00fcpiline USA linn m\u00e4gede vahel orus oma kaubanduskeskuste ja veidrate inimestega. Teekond Hoover Dam-ile kulges l\u00e4bi stepi. Ikka keset kaktuseid ja t\u00fchje v\u00e4lju, \u00fcmberringi palistamas mustad ning valged &hellip; <a href=\"https:\/\/meelis.raume.eu\/?page_id=423\">J\u00e4tka lugemist <span class=\"meta-nav\">&rarr;<\/span><\/a><\/p>\n","protected":false},"author":1,"featured_media":0,"parent":349,"menu_order":6,"comment_status":"open","ping_status":"open","template":"onecolumn-page.php","meta":{"footnotes":""},"class_list":["post-423","page","type-page","status-publish","hentry"],"_links":{"self":[{"href":"https:\/\/meelis.raume.eu\/index.php?rest_route=\/wp\/v2\/pages\/423","targetHints":{"allow":["GET"]}}],"collection":[{"href":"https:\/\/meelis.raume.eu\/index.php?rest_route=\/wp\/v2\/pages"}],"about":[{"href":"https:\/\/meelis.raume.eu\/index.php?rest_route=\/wp\/v2\/types\/page"}],"author":[{"embeddable":true,"href":"https:\/\/meelis.raume.eu\/index.php?rest_route=\/wp\/v2\/users\/1"}],"replies":[{"embeddable":true,"href":"https:\/\/meelis.raume.eu\/index.php?rest_route=%2Fwp%2Fv2%2Fcomments&post=423"}],"version-history":[{"count":4,"href":"https:\/\/meelis.raume.eu\/index.php?rest_route=\/wp\/v2\/pages\/423\/revisions"}],"predecessor-version":[{"id":442,"href":"https:\/\/meelis.raume.eu\/index.php?rest_route=\/wp\/v2\/pages\/423\/revisions\/442"}],"up":[{"embeddable":true,"href":"https:\/\/meelis.raume.eu\/index.php?rest_route=\/wp\/v2\/pages\/349"}],"wp:attachment":[{"href":"https:\/\/meelis.raume.eu\/index.php?rest_route=%2Fwp%2Fv2%2Fmedia&parent=423"}],"curies":[{"name":"wp","href":"https:\/\/api.w.org\/{rel}","templated":true}]}}