{"id":427,"date":"2012-03-27T16:50:35","date_gmt":"2012-03-27T14:50:35","guid":{"rendered":"http:\/\/meelis.raume.eu\/?page_id=427"},"modified":"2012-03-28T16:21:23","modified_gmt":"2012-03-28T14:21:23","slug":"phoenix-kissimmee-fort-lauderdale-florida-hollywood-miami","status":"publish","type":"page","link":"https:\/\/meelis.raume.eu\/?page_id=427","title":{"rendered":"Phoenix &#8211; Kissimmee &#8211; Fort Lauderdale (Florida Hollywood) &#8211; Miami"},"content":{"rendered":"<p>Olen siis tagasi Florida-s, lend kulges h\u00e4sti kui v\u00e4lja arvata \u00fcks musulmani v\u00e4limusega t\u00e4di. Lennuk lendas \u00f6\u00f6sel kell 12 v\u00e4lja ja j\u00f5udis Atlanta-sse kell 7 hommikul, tegelik lennuaeg oli 4 tundi aga 3 tundi ajavahe, nii, et mu \u00f6\u00f6 j\u00e4i 3 tundi j\u00e4lle l\u00fchemaks. Atlantast startisin 2 tundi hiljem Orlando poole, see lend kestis jupikese 1,5 tundi.<\/p>\n<p><em><strong>N\u00fc\u00fcd siis musulmani t\u00e4dist:\u00a0<\/strong><\/em>Oli \u00fcks v\u00e4ga kummaline tegelane, ei olnud r\u00e4tti peas kuid n\u00e4ojooned reetsid nii m\u00f5ndagi. K\u00f5igepealt otsiti teda l\u00e4bi turvatsoonis sest v\u00e4ravate vahel piuksus midagi, siis tehti eraldi selle pulgaga kontroll. Otsiti l\u00e4bi k\u00f5ik piirkonnad mis naistel on, et ei saaks midagi samuti sees kaasa viia. Trot\u00fc\u00fclipulga v\u00f5id ju igale poole toppida. Ta oli k\u00fcllalt n\u00e4rviline samuti, istus ootesaalis nats eemal ja kaasas oli tal ainult k\u00e4ekott mis mulle tundus imelik! Lennata 3\u00b4000 km taha k\u00e4ekotiga ja 20 $ on ikka imelik. Seda 20 $ lehvitas ta mitmeid kordi n\u00e4pu vahel ja siis t\u00f5stis oma koti sisu mitu korda \u00fcmber ja v\u00f5ttis mitu korda mitmeid tablette &#8211; \u00e4kki rahusteid. Siis k\u00e4is v\u00f5ttis oma t\u00fchja plastpudeli vett t\u00e4is &#8211; teadagi milleks, m\u00f5tlesin. J\u00e4in just spetsiaalselt viimaseks lennuki peale minejaks ja ta oli minu ees! Tahtsin n\u00e4ha kuhu ta istub. J\u00e4rsku tuli tema k\u00f5rvale j\u00e4rjekorda ei tea kus kohast t\u00e4is musulmanist noormees. Ennist ma teda ootesaalis ei m\u00e4rganud. Arvasin kohe, et teoksil on \u00e4kki pere\u00fcritus. Omavahel nad ei vestelnud. Noormehel selline igav n\u00e4gu ees (t\u00fclpinud, v\u00e4sinud). Lennukis istusid nad eraldi. L\u00e4ksime oma kohtade peale ja v\u00e4simus v\u00f5ttis kohe v\u00f5imust, oli siiski kesk\u00f6\u00f6.<\/p>\n<p><em><strong>Tegelt olid need kaks musulmanist inimest jumalast normaalsed ja sama v\u00e4sinud kui meiegi, ilmselt va t\u00e4di ekstra l\u00e4biotsimine (tal oli kulinaid kaelas ja k\u00e4tel terve kilo), millest sai fantaasia kohe oma lennukuse.<\/strong><\/em>\u00a0<em><strong>Aga v\u00e4ike n\u00e4rvik\u00f5di ikkagi!<\/strong><\/em><\/p>\n<p>Orlandost rentisin auto<em><strong>\u00a0<\/strong><\/em>ja tuttava juures avastasin, et olid mulle n\u00e4dala asemel andnud 5 p\u00e4eva. Maksin aga n\u00e4dala eest! L\u00e4hen t\u00e4na siis sinna tagasi asju klaarima sest mailidele nad ei vasta. Saatsin eile kohe maili ja t\u00e4na hommikul korduse samuti. Nothing!<\/p>\n<p>Tegelikult sain peale l\u00f5unat maili-le vastuse, et helistage ja nad siis r\u00e4\u00e4givad minuga. Et mul oli sinna autorenti 19 km s\u00f5ita siis otsustasin ikka ise asja kohapeale uurima minna. Kohapeal selgus, et nad on t\u00f5esti eksinud ja viga parandati m\u00f5ne minutiga, pidin muidugi nats juurde maksma sest meie m\u00f5istes KASKO kindlustus k\u00e4ib p\u00e4evade j\u00e4rgi. Aga l\u00f5ppkokkuv\u00f5ttes p\u00fc\u00fcti mind ikka t\u00f5mmata ja see on siinses \u00fchiskonnas vist \u00fclimalt normaalne kuid l\u00f5ppkokkuv\u00f5ttes on inimesed siiski toredad. Autot rentides k\u00fcsis \u00fcks samasugune rentija, kus me p\u00e4rit oleme? \u00dctlesin siis, et Estonia! Mille peale ta k\u00fcsis, et mis koht see on? \u00dctlesin et Baltic State-s, mille peale kehitas \u00f5lgu! Reageeris alles Sweden-i peale &#8211; j\u00e4lle see kuramu ABBA. Isegi Rootsit teatakse band-i j\u00e4rgi. Peale seda siis hakkame Miami poole s\u00f5itma! Autorentija, st see mees kes kaks p\u00e4eva t\u00e4na juurde andis nagu oleks pidanud esialgu olema k\u00fcsis samuti kus Te p\u00e4rit olete. Estonia oli Tema jaoks v\u00e4gagi tuttav s\u00f5na ja k\u00e4skis tervitada eestlasi kui tagasi j\u00f5uame! Nii, et ilusaid elamusi jagub ka\u00a0 siia!<\/p>\n<p>\u00dche asja unustasin \u00e4ra! T\u00e4na hommikul oli j\u00e4lle madu meie tuttava maja ukse ees kuid mitte keras vaid pea p\u00fcsti klassikaliselt. Kes siis leidis selle mao, pole vaja mitu korda arvata! Videot tehes l\u00e4ks ta juba roomama, nii et midagi ilusat j\u00e4lle ei saanud!<\/p>\n<div>\n<dl id=\"attachment_199\">\n<dt><a href=\"http:\/\/meelis.raume.eu\/?attachment_id=199\" rel=\"attachment wp-att-199\"><img loading=\"lazy\" decoding=\"async\" title=\"Teel\" src=\"http:\/\/meelis.raume.eu\/wp-content\/uploads\/2010\/04\/DSC04335-1024x576.jpg\" alt=\"\" width=\"645\" height=\"363\" \/><\/a><\/dt>\n<dd>Peale meie oli teel veel ilusaid asju!<\/dd>\n<\/dl>\n<\/div>\n<p>Autorendi asjad siis lahendatud ja s\u00f5it l\u00e4ks Miami poole. Loodus on ikka v\u00f5rreldes eelnevate osariikidega kus k\u00e4isime, Floridas ikka ilus. K\u00f5ik on roheline nagu vihmametsades, palmimetsad lausa ja tohutu palju p\u00f5llumajandust. Tee \u00e4\u00e4rde j\u00e4\u00e4vad p\u00f5llumajandustalud kus tee \u00e4\u00e4res pakutakse m\u00fc\u00fca k\u00f5ike, isegi 4 meetriseid palme mis veel r\u00e4\u00e4kida juur- ja puuviljadest ning meeletutest erinevatest lilledest-taimedest. Palm Beach-il hakkasime \u00f6\u00f6maja otsima, sest oli juba \u00f5htu aga v\u00f5ta n\u00e4pust mitte \u00fchtegi motelli. Sai selgeks miks neid seal pole, see ju rikkurite &#8211; conglomerate, kus ainult kirikud ja uhked villad. See on \u00fcks Ameerika k\u00f5ige j\u00f5ukamaid ja elitaarsemaid linnu. Worth Avenue\u00b4l on k\u00f5ik luksuskaupade poed olemas, Gucci pood kus palmidega varjutatud sise\u00f5uel vulisevad purskkaevud. Hindu kaupadel ei ole ning vaid m\u00fc\u00fcja kostab, et Teie jaoks on hind selline ja selline, ennist Sind takseerides. Seal pead Sa omama raha l\u00f5hna k\u00fcljes. See t\u00e4nav ei j\u00e4\u00e4 k\u00fcll alla Pariisi v\u00f5i Londoni luksust\u00e4navatele. Fort Lauderdale-s hakkasime uuesti \u00f6\u00f6maja otsima! See linn on sama mis Veneetsia Itaalias oma kanalite ja jahtidega, puuduvad ainult gondlid. Need linnad asuvad k\u00f5ik ennem Miami-t oma meeletute valgete liivarandadega ja helerohelise Atlandi ookeaniga. See rohelus on tingitud korallidest. Louderdales asub ka Florida enda Hollywood.<\/p>\n<div>\n<dl id=\"attachment_187\">\n<dt><a href=\"http:\/\/meelis.raume.eu\/?attachment_id=187\" rel=\"attachment wp-att-187\"><img loading=\"lazy\" decoding=\"async\" title=\"Miami\" src=\"http:\/\/meelis.raume.eu\/wp-content\/uploads\/2010\/04\/DSC04384-1024x576.jpg\" alt=\"\" width=\"645\" height=\"363\" \/><\/a><\/dt>\n<dd>Miami ja sillad<\/dd>\n<\/dl>\n<\/div>\n<p>Miami, mis ma oskan kosta, tegelt j\u00e4i see eelnevate linnadega v\u00f5rreldes k\u00f5vasti alla, va linna enda pilvel\u00f5hkujatega siluett, 10 korrusteliste sildade r\u00e4gastik ja saar nimega Miami Beach, mis on ikka t\u00f5eline maailmakuulsus. Seal saarel omavad villasid k\u00f5ik maailma superstaarid kaasaarvatud kadunud Michael Jackson. Seal on villa samuti n\u00e4iteks Alla Pugatsova-l. Sai siis ka seal rannal vedeletud 4 tundi koos kuulsustega, nemad oma villarannas, meie \u00fcldrannas kuid ookeani vesi oli meil ikkagi \u00fchine. Vee temperatuur +27 ja \u00f5hk +35.<\/p>\n<div>\n<dl id=\"attachment_190\">\n<dt><a href=\"http:\/\/meelis.raume.eu\/?attachment_id=190\" rel=\"attachment wp-att-190\"><img loading=\"lazy\" decoding=\"async\" title=\"Miami Beach\" src=\"http:\/\/meelis.raume.eu\/wp-content\/uploads\/2010\/04\/DSC04374-1024x576.jpg\" alt=\"\" width=\"645\" height=\"363\" \/><\/a><\/dt>\n<dd>Miami Beach &#8211; teada rand \u00fcle maailma!<\/dd>\n<\/dl>\n<\/div>\n<p>Miami Beach-il ja \u00fcldse Miami-is on v\u00e4ga ohtlik k\u00e4ia \u00f5htul n\u00e4iteks \u00fclikonnaga v\u00f5i siis daamid viisakalt riides (m\u00f5tlen \u00f5htutualette), politsei v\u00f5ib t\u00f5lgendada seda, et oled p\u00e4tt ja kaabakas ja Sul (Teil) on mingi kuritegu teoksil. Peenetes k\u00f5rtsudes kus \u00f5htus\u00f6\u00f6gid ulatuvad tuhandetesse dollaritesse istutakse l\u00fchikestes p\u00fckstes ja botastega ning n\u00e4hakse v\u00e4lja nagu tavainimene, kaasaarvatud see maailma eliit. Las Vegas see on ilueedide paradiis aga mitte Miami. Miami kesklinn ise aga eriti head muljet ei j\u00e4tnud, k\u00e4isime Flagler street-il ja Biscayne Boulevard-il.<\/p>\n<div>\n<dl id=\"attachment_193\">\n<dt><a href=\"http:\/\/meelis.raume.eu\/?attachment_id=193\" rel=\"attachment wp-att-193\"><img loading=\"lazy\" decoding=\"async\" title=\"Miami\" src=\"http:\/\/meelis.raume.eu\/wp-content\/uploads\/2010\/04\/DSC04371-1024x576.jpg\" alt=\"\" width=\"645\" height=\"363\" \/><\/a><\/dt>\n<dd>Selline ta ongi!<\/dd>\n<\/dl>\n<\/div>\n<p>Pisikesed kaubamajad ja butiigit\u00fc\u00fcpi poed, mis rahvast t\u00e4is ja kaupa t\u00e4is, pluss veel segamini, j\u00e4ttis Lasnam\u00e4e butiigibox-ide mulje. K\u00f5ik need poed on \u00fcmbritsetud pilvel\u00f5hkujatega, kus \u00fcles vaadates v\u00f5id oma kaela \u00e4ra nikastada.<\/p>\n<div>\n<dl id=\"attachment_196\">\n<dt><a href=\"http:\/\/meelis.raume.eu\/?attachment_id=196\" rel=\"attachment wp-att-196\"><img loading=\"lazy\" decoding=\"async\" title=\"Miami\" src=\"http:\/\/meelis.raume.eu\/wp-content\/uploads\/2010\/04\/DSC04363-1024x576.jpg\" alt=\"\" width=\"645\" height=\"363\" \/><\/a><\/dt>\n<dd>Miami kesklinn<\/dd>\n<\/dl>\n<\/div>\n<p>Parkimine on ikka v\u00e4ga odav, kesklinnas nende streetide otsas 5 USD ja kaks tundi. Miami Beach-il veel odavam 1,5 USD tund. Linna \u00fchistransport liigub ka t\u00e4navate kohal teisel korrusel. \u00d5htul j\u00e4tsime siis Miami maha ja hakkasime liikuma Key West-i suunas.<\/p>\n","protected":false},"excerpt":{"rendered":"<p>Olen siis tagasi Florida-s, lend kulges h\u00e4sti kui v\u00e4lja arvata \u00fcks musulmani v\u00e4limusega t\u00e4di. Lennuk lendas \u00f6\u00f6sel kell 12 v\u00e4lja ja j\u00f5udis Atlanta-sse kell 7 hommikul, tegelik lennuaeg oli 4 tundi aga 3 tundi ajavahe, nii, et mu \u00f6\u00f6 j\u00e4i &hellip; <a href=\"https:\/\/meelis.raume.eu\/?page_id=427\">J\u00e4tka lugemist <span class=\"meta-nav\">&rarr;<\/span><\/a><\/p>\n","protected":false},"author":1,"featured_media":0,"parent":349,"menu_order":8,"comment_status":"open","ping_status":"open","template":"onecolumn-page.php","meta":{"footnotes":""},"class_list":["post-427","page","type-page","status-publish","hentry"],"_links":{"self":[{"href":"https:\/\/meelis.raume.eu\/index.php?rest_route=\/wp\/v2\/pages\/427","targetHints":{"allow":["GET"]}}],"collection":[{"href":"https:\/\/meelis.raume.eu\/index.php?rest_route=\/wp\/v2\/pages"}],"about":[{"href":"https:\/\/meelis.raume.eu\/index.php?rest_route=\/wp\/v2\/types\/page"}],"author":[{"embeddable":true,"href":"https:\/\/meelis.raume.eu\/index.php?rest_route=\/wp\/v2\/users\/1"}],"replies":[{"embeddable":true,"href":"https:\/\/meelis.raume.eu\/index.php?rest_route=%2Fwp%2Fv2%2Fcomments&post=427"}],"version-history":[{"count":4,"href":"https:\/\/meelis.raume.eu\/index.php?rest_route=\/wp\/v2\/pages\/427\/revisions"}],"predecessor-version":[{"id":446,"href":"https:\/\/meelis.raume.eu\/index.php?rest_route=\/wp\/v2\/pages\/427\/revisions\/446"}],"up":[{"embeddable":true,"href":"https:\/\/meelis.raume.eu\/index.php?rest_route=\/wp\/v2\/pages\/349"}],"wp:attachment":[{"href":"https:\/\/meelis.raume.eu\/index.php?rest_route=%2Fwp%2Fv2%2Fmedia&parent=427"}],"curies":[{"name":"wp","href":"https:\/\/api.w.org\/{rel}","templated":true}]}}