{"id":471,"date":"2012-04-02T13:36:43","date_gmt":"2012-04-02T11:36:43","guid":{"rendered":"http:\/\/meelis.raume.eu\/?page_id=471"},"modified":"2012-04-04T11:41:06","modified_gmt":"2012-04-04T09:41:06","slug":"veel-kutuse-hinnast","status":"publish","type":"page","link":"https:\/\/meelis.raume.eu\/?page_id=471","title":{"rendered":"Veel k\u00fctuse hinnast"},"content":{"rendered":"<p>Ligi 6 USD on naftabarreli hind viimase kahe-kolme n\u00e4dala jooksul kukkunud aasta algusest 2011! Meie k\u00fctuseparunid ei suvatse sellele vist reageerida. N\u00fc\u00fcd hakkab naftabarreli hind j\u00e4lle t\u00f5usma sest USA on j\u00e4\u00e4nud v\u00e4ga k\u00fclma ilma meelevalda ning k\u00fclma l\u00f5ppu pole seal paistagi!<br \/>\nVarsti on oodata meil k\u00fctusehinna t\u00f5usu, p\u00f5hjusel, et maailmaturul naftabarreli hind t\u00f5useb!<br \/>\nHuvitav, et meil j\u00e4\u00e4vad need langemised kahe silma vahele aga t\u00f5usu panevad k\u00f5ik t\u00e4hele! V\u00f5i siis lastakse naftabarreli hinna languse l\u00f5pul 1-2 \u20ac senti k\u00fctusehind alla ja paari p\u00e4eva p\u00e4rast t\u00f5stetakse tagasi v\u00f5i lisatakse veel juurde.<br \/>\nPuudub loomulik intervall ehk t\u00f5usu-languse k\u00f5ver nagu seda on barreli hinnal!<br \/>\nMasendav!<\/p>\n","protected":false},"excerpt":{"rendered":"<p>Ligi 6 USD on naftabarreli hind viimase kahe-kolme n\u00e4dala jooksul kukkunud aasta algusest 2011! Meie k\u00fctuseparunid ei suvatse sellele vist reageerida. N\u00fc\u00fcd hakkab naftabarreli hind j\u00e4lle t\u00f5usma sest USA on j\u00e4\u00e4nud v\u00e4ga k\u00fclma ilma meelevalda ning k\u00fclma l\u00f5ppu pole seal &hellip; <a href=\"https:\/\/meelis.raume.eu\/?page_id=471\">J\u00e4tka lugemist <span class=\"meta-nav\">&rarr;<\/span><\/a><\/p>\n","protected":false},"author":1,"featured_media":0,"parent":507,"menu_order":0,"comment_status":"open","ping_status":"open","template":"onecolumn-page.php","meta":{"footnotes":""},"class_list":["post-471","page","type-page","status-publish","hentry"],"_links":{"self":[{"href":"https:\/\/meelis.raume.eu\/index.php?rest_route=\/wp\/v2\/pages\/471","targetHints":{"allow":["GET"]}}],"collection":[{"href":"https:\/\/meelis.raume.eu\/index.php?rest_route=\/wp\/v2\/pages"}],"about":[{"href":"https:\/\/meelis.raume.eu\/index.php?rest_route=\/wp\/v2\/types\/page"}],"author":[{"embeddable":true,"href":"https:\/\/meelis.raume.eu\/index.php?rest_route=\/wp\/v2\/users\/1"}],"replies":[{"embeddable":true,"href":"https:\/\/meelis.raume.eu\/index.php?rest_route=%2Fwp%2Fv2%2Fcomments&post=471"}],"version-history":[{"count":3,"href":"https:\/\/meelis.raume.eu\/index.php?rest_route=\/wp\/v2\/pages\/471\/revisions"}],"predecessor-version":[{"id":511,"href":"https:\/\/meelis.raume.eu\/index.php?rest_route=\/wp\/v2\/pages\/471\/revisions\/511"}],"up":[{"embeddable":true,"href":"https:\/\/meelis.raume.eu\/index.php?rest_route=\/wp\/v2\/pages\/507"}],"wp:attachment":[{"href":"https:\/\/meelis.raume.eu\/index.php?rest_route=%2Fwp%2Fv2%2Fmedia&parent=471"}],"curies":[{"name":"wp","href":"https:\/\/api.w.org\/{rel}","templated":true}]}}