{"id":540,"date":"2012-04-04T13:10:26","date_gmt":"2012-04-04T11:10:26","guid":{"rendered":"http:\/\/meelis.raume.eu\/?page_id=540"},"modified":"2012-04-04T13:10:26","modified_gmt":"2012-04-04T11:10:26","slug":"moodanik","status":"publish","type":"page","link":"https:\/\/meelis.raume.eu\/?page_id=540","title":{"rendered":"M\u00f6\u00f6danik"},"content":{"rendered":"<p>\u00d6\u00f6 m\u00f6\u00f6dub pimedust enda alla tallates,<br \/>\nhommik tervitab vett kraesse kallates!<br \/>\nK\u00e4eulatuses asjad mis kauged tunduvad,<br \/>\nUnistada, m\u00f5elda m\u00f5tteid mis sumbuvad!<\/p>\n<p>Oleme h\u00e4mmingus erinevaist muutustest,<br \/>\ntehtud vigu varjatud valust ja suutmatust!<br \/>\nMis head tegime, hing naerdes rahule j\u00e4i,<br \/>\niga vea mis tegime, kas Ta andestust sai!<\/p>\n<p>Igal \u00f5htul astud l\u00e4hemale j\u00e4rgnevaks!<br \/>\nIgal \u00f5htul j\u00e4i k\u00e4esolev l\u00fchemaks!<br \/>\nIga mure v\u00f5i pisar j\u00e4\u00e4gu m\u00f6\u00f6danikku!<br \/>\nIga mure teenib paremat tulevikku!<\/p>\n","protected":false},"excerpt":{"rendered":"<p>\u00d6\u00f6 m\u00f6\u00f6dub pimedust enda alla tallates, hommik tervitab vett kraesse kallates! K\u00e4eulatuses asjad mis kauged tunduvad, Unistada, m\u00f5elda m\u00f5tteid mis sumbuvad! Oleme h\u00e4mmingus erinevaist muutustest, tehtud vigu varjatud valust ja suutmatust! Mis head tegime, hing naerdes rahule j\u00e4i, iga vea &hellip; <a href=\"https:\/\/meelis.raume.eu\/?page_id=540\">J\u00e4tka lugemist <span class=\"meta-nav\">&rarr;<\/span><\/a><\/p>\n","protected":false},"author":1,"featured_media":0,"parent":527,"menu_order":0,"comment_status":"open","ping_status":"open","template":"onecolumn-page.php","meta":{"footnotes":""},"class_list":["post-540","page","type-page","status-publish","hentry"],"_links":{"self":[{"href":"https:\/\/meelis.raume.eu\/index.php?rest_route=\/wp\/v2\/pages\/540","targetHints":{"allow":["GET"]}}],"collection":[{"href":"https:\/\/meelis.raume.eu\/index.php?rest_route=\/wp\/v2\/pages"}],"about":[{"href":"https:\/\/meelis.raume.eu\/index.php?rest_route=\/wp\/v2\/types\/page"}],"author":[{"embeddable":true,"href":"https:\/\/meelis.raume.eu\/index.php?rest_route=\/wp\/v2\/users\/1"}],"replies":[{"embeddable":true,"href":"https:\/\/meelis.raume.eu\/index.php?rest_route=%2Fwp%2Fv2%2Fcomments&post=540"}],"version-history":[{"count":1,"href":"https:\/\/meelis.raume.eu\/index.php?rest_route=\/wp\/v2\/pages\/540\/revisions"}],"predecessor-version":[{"id":541,"href":"https:\/\/meelis.raume.eu\/index.php?rest_route=\/wp\/v2\/pages\/540\/revisions\/541"}],"up":[{"embeddable":true,"href":"https:\/\/meelis.raume.eu\/index.php?rest_route=\/wp\/v2\/pages\/527"}],"wp:attachment":[{"href":"https:\/\/meelis.raume.eu\/index.php?rest_route=%2Fwp%2Fv2%2Fmedia&parent=540"}],"curies":[{"name":"wp","href":"https:\/\/api.w.org\/{rel}","templated":true}]}}