{"id":542,"date":"2012-04-04T13:12:38","date_gmt":"2012-04-04T11:12:38","guid":{"rendered":"http:\/\/meelis.raume.eu\/?page_id=542"},"modified":"2012-04-04T13:14:53","modified_gmt":"2012-04-04T11:14:53","slug":"2011-2","status":"publish","type":"page","link":"https:\/\/meelis.raume.eu\/?page_id=542","title":{"rendered":"Vahetus"},"content":{"rendered":"<p>Loendamatu t\u00e4hes\u00e4ra lumel!<br \/>\nH\u00e4rmas metsa kauge kuma!<br \/>\nTunda \u00f5hus j\u00f5ulut\u00e4he h\u00f5ngu!<br \/>\nMuusikalist r\u00f5\u00f5mu t\u00e4is on hing!<\/p>\n<p>Vana aasta kurjalt l\u00e4heb,<br \/>\nTormituul see p\u00fchkinud t\u00e4hed!<br \/>\nAasta uuel samm on raske,<br \/>\nTuul vaibus, n\u00e4hes kummardamas kaske!<\/p>\n","protected":false},"excerpt":{"rendered":"<p>Loendamatu t\u00e4hes\u00e4ra lumel! H\u00e4rmas metsa kauge kuma! Tunda \u00f5hus j\u00f5ulut\u00e4he h\u00f5ngu! Muusikalist r\u00f5\u00f5mu t\u00e4is on hing! Vana aasta kurjalt l\u00e4heb, Tormituul see p\u00fchkinud t\u00e4hed! Aasta uuel samm on raske, Tuul vaibus, n\u00e4hes kummardamas kaske!<\/p>\n","protected":false},"author":1,"featured_media":0,"parent":527,"menu_order":0,"comment_status":"open","ping_status":"open","template":"onecolumn-page.php","meta":{"footnotes":""},"class_list":["post-542","page","type-page","status-publish","hentry"],"_links":{"self":[{"href":"https:\/\/meelis.raume.eu\/index.php?rest_route=\/wp\/v2\/pages\/542","targetHints":{"allow":["GET"]}}],"collection":[{"href":"https:\/\/meelis.raume.eu\/index.php?rest_route=\/wp\/v2\/pages"}],"about":[{"href":"https:\/\/meelis.raume.eu\/index.php?rest_route=\/wp\/v2\/types\/page"}],"author":[{"embeddable":true,"href":"https:\/\/meelis.raume.eu\/index.php?rest_route=\/wp\/v2\/users\/1"}],"replies":[{"embeddable":true,"href":"https:\/\/meelis.raume.eu\/index.php?rest_route=%2Fwp%2Fv2%2Fcomments&post=542"}],"version-history":[{"count":2,"href":"https:\/\/meelis.raume.eu\/index.php?rest_route=\/wp\/v2\/pages\/542\/revisions"}],"predecessor-version":[{"id":546,"href":"https:\/\/meelis.raume.eu\/index.php?rest_route=\/wp\/v2\/pages\/542\/revisions\/546"}],"up":[{"embeddable":true,"href":"https:\/\/meelis.raume.eu\/index.php?rest_route=\/wp\/v2\/pages\/527"}],"wp:attachment":[{"href":"https:\/\/meelis.raume.eu\/index.php?rest_route=%2Fwp%2Fv2%2Fmedia&parent=542"}],"curies":[{"name":"wp","href":"https:\/\/api.w.org\/{rel}","templated":true}]}}