{"id":549,"date":"2012-04-04T13:17:56","date_gmt":"2012-04-04T11:17:56","guid":{"rendered":"http:\/\/meelis.raume.eu\/?page_id=549"},"modified":"2012-04-04T13:17:56","modified_gmt":"2012-04-04T11:17:56","slug":"aratuskell","status":"publish","type":"page","link":"https:\/\/meelis.raume.eu\/?page_id=549","title":{"rendered":"\u00c4ratuskell"},"content":{"rendered":"<p>P\u00e4ikesekiired on soojamas tuba,<br \/>\nv\u00e4simusest eilsest, \u00e4rkamas lill!<br \/>\nV\u00f5ta vastu, Ta kallistus juba,<br \/>\ntahab Ta olla Su \u00e4ratuskell!<\/p>\n<p>Ei soovi Ta olla staarilik kuulsus<br \/>\nvajab ainult Sind, Tema k\u00f6itev teos!<br \/>\nMine Ta kaissu Sa loojangu suudlus,<br \/>\nava oma silmad ning kuumavad peod!<\/p>\n<p>Niikaua kui t\u00e4hed, Ta tahab Sind.<br \/>\nNiikaua kui \u00f6\u00f6, Ta hellitab Sind.<br \/>\nNiikaua kui p\u00e4ike, Ta vajab Sind.<br \/>\nNiikaua kui elu, Ta armastab Sind.<\/p>\n<p>Virgunud suu, \u00f5nnest on naermas,<br \/>\n\u00f5nneks pole vajagi midagi muud!<br \/>\nOled Ta t\u00e4ht purpurses taevas,<br \/>\nsosistab tasa, huuled puutumas suud!<\/p>\n","protected":false},"excerpt":{"rendered":"<p>P\u00e4ikesekiired on soojamas tuba, v\u00e4simusest eilsest, \u00e4rkamas lill! V\u00f5ta vastu, Ta kallistus juba, tahab Ta olla Su \u00e4ratuskell! Ei soovi Ta olla staarilik kuulsus vajab ainult Sind, Tema k\u00f6itev teos! Mine Ta kaissu Sa loojangu suudlus, ava oma silmad ning &hellip; <a href=\"https:\/\/meelis.raume.eu\/?page_id=549\">J\u00e4tka lugemist <span class=\"meta-nav\">&rarr;<\/span><\/a><\/p>\n","protected":false},"author":1,"featured_media":0,"parent":527,"menu_order":0,"comment_status":"open","ping_status":"open","template":"onecolumn-page.php","meta":{"footnotes":""},"class_list":["post-549","page","type-page","status-publish","hentry"],"_links":{"self":[{"href":"https:\/\/meelis.raume.eu\/index.php?rest_route=\/wp\/v2\/pages\/549","targetHints":{"allow":["GET"]}}],"collection":[{"href":"https:\/\/meelis.raume.eu\/index.php?rest_route=\/wp\/v2\/pages"}],"about":[{"href":"https:\/\/meelis.raume.eu\/index.php?rest_route=\/wp\/v2\/types\/page"}],"author":[{"embeddable":true,"href":"https:\/\/meelis.raume.eu\/index.php?rest_route=\/wp\/v2\/users\/1"}],"replies":[{"embeddable":true,"href":"https:\/\/meelis.raume.eu\/index.php?rest_route=%2Fwp%2Fv2%2Fcomments&post=549"}],"version-history":[{"count":1,"href":"https:\/\/meelis.raume.eu\/index.php?rest_route=\/wp\/v2\/pages\/549\/revisions"}],"predecessor-version":[{"id":550,"href":"https:\/\/meelis.raume.eu\/index.php?rest_route=\/wp\/v2\/pages\/549\/revisions\/550"}],"up":[{"embeddable":true,"href":"https:\/\/meelis.raume.eu\/index.php?rest_route=\/wp\/v2\/pages\/527"}],"wp:attachment":[{"href":"https:\/\/meelis.raume.eu\/index.php?rest_route=%2Fwp%2Fv2%2Fmedia&parent=549"}],"curies":[{"name":"wp","href":"https:\/\/api.w.org\/{rel}","templated":true}]}}