{"id":553,"date":"2012-04-04T13:20:56","date_gmt":"2012-04-04T11:20:56","guid":{"rendered":"http:\/\/meelis.raume.eu\/?page_id=553"},"modified":"2012-04-04T13:20:56","modified_gmt":"2012-04-04T11:20:56","slug":"joulusoov","status":"publish","type":"page","link":"https:\/\/meelis.raume.eu\/?page_id=553","title":{"rendered":"J\u00f5ulusoov"},"content":{"rendered":"<p>S\u00fcdamesse palju r\u00f5\u00f5mu,<br \/>\npaledesse s\u00fcdamlikku naeru!<br \/>\nPalju pakke, p\u00e4kapikke<br \/>\nj\u00f5ulutaat teeb t\u00e4na trikke!<\/p>\n","protected":false},"excerpt":{"rendered":"<p>S\u00fcdamesse palju r\u00f5\u00f5mu, paledesse s\u00fcdamlikku naeru! Palju pakke, p\u00e4kapikke j\u00f5ulutaat teeb t\u00e4na trikke!<\/p>\n","protected":false},"author":1,"featured_media":0,"parent":527,"menu_order":0,"comment_status":"open","ping_status":"open","template":"onecolumn-page.php","meta":{"footnotes":""},"class_list":["post-553","page","type-page","status-publish","hentry"],"_links":{"self":[{"href":"https:\/\/meelis.raume.eu\/index.php?rest_route=\/wp\/v2\/pages\/553","targetHints":{"allow":["GET"]}}],"collection":[{"href":"https:\/\/meelis.raume.eu\/index.php?rest_route=\/wp\/v2\/pages"}],"about":[{"href":"https:\/\/meelis.raume.eu\/index.php?rest_route=\/wp\/v2\/types\/page"}],"author":[{"embeddable":true,"href":"https:\/\/meelis.raume.eu\/index.php?rest_route=\/wp\/v2\/users\/1"}],"replies":[{"embeddable":true,"href":"https:\/\/meelis.raume.eu\/index.php?rest_route=%2Fwp%2Fv2%2Fcomments&post=553"}],"version-history":[{"count":1,"href":"https:\/\/meelis.raume.eu\/index.php?rest_route=\/wp\/v2\/pages\/553\/revisions"}],"predecessor-version":[{"id":554,"href":"https:\/\/meelis.raume.eu\/index.php?rest_route=\/wp\/v2\/pages\/553\/revisions\/554"}],"up":[{"embeddable":true,"href":"https:\/\/meelis.raume.eu\/index.php?rest_route=\/wp\/v2\/pages\/527"}],"wp:attachment":[{"href":"https:\/\/meelis.raume.eu\/index.php?rest_route=%2Fwp%2Fv2%2Fmedia&parent=553"}],"curies":[{"name":"wp","href":"https:\/\/api.w.org\/{rel}","templated":true}]}}