{"id":563,"date":"2012-04-04T13:27:01","date_gmt":"2012-04-04T11:27:01","guid":{"rendered":"http:\/\/meelis.raume.eu\/?page_id=563"},"modified":"2012-04-04T13:27:01","modified_gmt":"2012-04-04T11:27:01","slug":"fb","status":"publish","type":"page","link":"https:\/\/meelis.raume.eu\/?page_id=563","title":{"rendered":"FB"},"content":{"rendered":"<p>Kasvav j\u00f5ud mis hoogu kogub,<br \/>\niga\u00fcks meist sellest kosub.<br \/>\nPole vaja kokku tulla,<br \/>\nlase ainult m\u00f5tted valla!<\/p>\n<p>Hommikul kui t\u00f6\u00f6le j\u00f5udnud,<br \/>\nFB r\u00fcppe kiirelt s\u00f5udnud.<br \/>\nP\u00e4ev see lendab nii mis kole,<br \/>\n\u00f5htul Temata me pole!<\/p>\n<p>Tuttavaid on tuhandeid,<br \/>\ntundma ei pea meist keegi neid.<br \/>\nKogumine muutund hobiks,<br \/>\nhiljem kasutada saab ehk lobiks!<\/p>\n<p>FB leia, FB aita<br \/>\nSinuta ei saa me s\u00f5ita.<br \/>\nMeil on tekkind suurim s\u00f5ber,<br \/>\nveel ei tea kes meist on n\u00f5der!<\/p>\n","protected":false},"excerpt":{"rendered":"<p>Kasvav j\u00f5ud mis hoogu kogub, iga\u00fcks meist sellest kosub. Pole vaja kokku tulla, lase ainult m\u00f5tted valla! Hommikul kui t\u00f6\u00f6le j\u00f5udnud, FB r\u00fcppe kiirelt s\u00f5udnud. P\u00e4ev see lendab nii mis kole, \u00f5htul Temata me pole! Tuttavaid on tuhandeid, tundma ei &hellip; <a href=\"https:\/\/meelis.raume.eu\/?page_id=563\">J\u00e4tka lugemist <span class=\"meta-nav\">&rarr;<\/span><\/a><\/p>\n","protected":false},"author":1,"featured_media":0,"parent":527,"menu_order":0,"comment_status":"open","ping_status":"open","template":"onecolumn-page.php","meta":{"footnotes":""},"class_list":["post-563","page","type-page","status-publish","hentry"],"_links":{"self":[{"href":"https:\/\/meelis.raume.eu\/index.php?rest_route=\/wp\/v2\/pages\/563","targetHints":{"allow":["GET"]}}],"collection":[{"href":"https:\/\/meelis.raume.eu\/index.php?rest_route=\/wp\/v2\/pages"}],"about":[{"href":"https:\/\/meelis.raume.eu\/index.php?rest_route=\/wp\/v2\/types\/page"}],"author":[{"embeddable":true,"href":"https:\/\/meelis.raume.eu\/index.php?rest_route=\/wp\/v2\/users\/1"}],"replies":[{"embeddable":true,"href":"https:\/\/meelis.raume.eu\/index.php?rest_route=%2Fwp%2Fv2%2Fcomments&post=563"}],"version-history":[{"count":1,"href":"https:\/\/meelis.raume.eu\/index.php?rest_route=\/wp\/v2\/pages\/563\/revisions"}],"predecessor-version":[{"id":564,"href":"https:\/\/meelis.raume.eu\/index.php?rest_route=\/wp\/v2\/pages\/563\/revisions\/564"}],"up":[{"embeddable":true,"href":"https:\/\/meelis.raume.eu\/index.php?rest_route=\/wp\/v2\/pages\/527"}],"wp:attachment":[{"href":"https:\/\/meelis.raume.eu\/index.php?rest_route=%2Fwp%2Fv2%2Fmedia&parent=563"}],"curies":[{"name":"wp","href":"https:\/\/api.w.org\/{rel}","templated":true}]}}