{"id":575,"date":"2012-04-04T13:34:33","date_gmt":"2012-04-04T11:34:33","guid":{"rendered":"http:\/\/meelis.raume.eu\/?page_id=575"},"modified":"2012-04-04T13:34:40","modified_gmt":"2012-04-04T11:34:40","slug":"peegeldus-vees","status":"publish","type":"page","link":"https:\/\/meelis.raume.eu\/?page_id=575","title":{"rendered":"Peegeldus vees"},"content":{"rendered":"<p>Veepeeglisse s\u00fcgavalt vaadates,<br \/>\nme kujud on otsekui &#8211; aeg.<br \/>\nTormakalt edasi roomates,<br \/>\njustkui l\u00e4hekski &#8211; viimane laev.<\/p>\n<p>Kui kaua, kui kaua on j\u00e4\u00e4nud veel,<br \/>\nhulkpalju aastaid &#8211; v\u00f5i \u00fcks.<br \/>\nNii m\u00f5nigi maha on j\u00e4\u00e4nud sel teel,<br \/>\nkurb on, et niimoodi l\u00e4ks.<\/p>\n<p>Seisame k\u00f5ik &#8211; vana pildi ees<br \/>\nja n\u00e4gime, et keegi sealt viipab.<br \/>\nIstume nurgas ja silmad on vees,<br \/>\niga\u00fcks meist saabuvat r\u00fc\u00fcpab.<\/p>\n<p>Veepeeglis n\u00e4hes aega kadumas,<br \/>\nkuhugi kaugele aastate taha.<br \/>\nVeel kuidagi ei suuda me aduda,<br \/>\net keegi meist sinnagi j\u00e4i maha &#8230;<\/p>\n","protected":false},"excerpt":{"rendered":"<p>Veepeeglisse s\u00fcgavalt vaadates, me kujud on otsekui &#8211; aeg. Tormakalt edasi roomates, justkui l\u00e4hekski &#8211; viimane laev. Kui kaua, kui kaua on j\u00e4\u00e4nud veel, hulkpalju aastaid &#8211; v\u00f5i \u00fcks. Nii m\u00f5nigi maha on j\u00e4\u00e4nud sel teel, kurb on, et niimoodi &hellip; <a href=\"https:\/\/meelis.raume.eu\/?page_id=575\">J\u00e4tka lugemist <span class=\"meta-nav\">&rarr;<\/span><\/a><\/p>\n","protected":false},"author":1,"featured_media":0,"parent":527,"menu_order":0,"comment_status":"open","ping_status":"open","template":"onecolumn-page.php","meta":{"footnotes":""},"class_list":["post-575","page","type-page","status-publish","hentry"],"_links":{"self":[{"href":"https:\/\/meelis.raume.eu\/index.php?rest_route=\/wp\/v2\/pages\/575","targetHints":{"allow":["GET"]}}],"collection":[{"href":"https:\/\/meelis.raume.eu\/index.php?rest_route=\/wp\/v2\/pages"}],"about":[{"href":"https:\/\/meelis.raume.eu\/index.php?rest_route=\/wp\/v2\/types\/page"}],"author":[{"embeddable":true,"href":"https:\/\/meelis.raume.eu\/index.php?rest_route=\/wp\/v2\/users\/1"}],"replies":[{"embeddable":true,"href":"https:\/\/meelis.raume.eu\/index.php?rest_route=%2Fwp%2Fv2%2Fcomments&post=575"}],"version-history":[{"count":2,"href":"https:\/\/meelis.raume.eu\/index.php?rest_route=\/wp\/v2\/pages\/575\/revisions"}],"predecessor-version":[{"id":577,"href":"https:\/\/meelis.raume.eu\/index.php?rest_route=\/wp\/v2\/pages\/575\/revisions\/577"}],"up":[{"embeddable":true,"href":"https:\/\/meelis.raume.eu\/index.php?rest_route=\/wp\/v2\/pages\/527"}],"wp:attachment":[{"href":"https:\/\/meelis.raume.eu\/index.php?rest_route=%2Fwp%2Fv2%2Fmedia&parent=575"}],"curies":[{"name":"wp","href":"https:\/\/api.w.org\/{rel}","templated":true}]}}