{"id":578,"date":"2012-04-04T13:35:51","date_gmt":"2012-04-04T11:35:51","guid":{"rendered":"http:\/\/meelis.raume.eu\/?page_id=578"},"modified":"2012-04-04T13:35:51","modified_gmt":"2012-04-04T11:35:51","slug":"pealik","status":"publish","type":"page","link":"https:\/\/meelis.raume.eu\/?page_id=578","title":{"rendered":"Pealik"},"content":{"rendered":"<p>Alati peame meeles oma tuleku aega,<br \/>\nsee on alguse r\u00f5\u00f5mude p\u00e4ev&#8230;<br \/>\nSeltskond, kes v\u00f5ttis meid vastu<br \/>\nmeie minekut tihti ei n\u00e4e.<\/p>\n<p>Mineku aega ei tea vist meist keegi,<br \/>\nkuskil on Pealik, kes kehtestab reeglid.<br \/>\nPealik on saatnud meid laiali siia<br \/>\ntundma nii valu, kui headust ja piina.<\/p>\n<p>Kas ise Sa m\u00f5istad, miks sattusid siia?<br \/>\nOn kogemused head mida tagasi viia.<br \/>\nOtsid Sa vastuseid l\u00f6\u00f6kide reale,<br \/>\np\u00e4\u00e4sedes kaugele l\u00f5pmatuse peale!<\/p>\n","protected":false},"excerpt":{"rendered":"<p>Alati peame meeles oma tuleku aega, see on alguse r\u00f5\u00f5mude p\u00e4ev&#8230; Seltskond, kes v\u00f5ttis meid vastu meie minekut tihti ei n\u00e4e. Mineku aega ei tea vist meist keegi, kuskil on Pealik, kes kehtestab reeglid. Pealik on saatnud meid laiali siia &hellip; <a href=\"https:\/\/meelis.raume.eu\/?page_id=578\">J\u00e4tka lugemist <span class=\"meta-nav\">&rarr;<\/span><\/a><\/p>\n","protected":false},"author":1,"featured_media":0,"parent":527,"menu_order":0,"comment_status":"open","ping_status":"open","template":"onecolumn-page.php","meta":{"footnotes":""},"class_list":["post-578","page","type-page","status-publish","hentry"],"_links":{"self":[{"href":"https:\/\/meelis.raume.eu\/index.php?rest_route=\/wp\/v2\/pages\/578","targetHints":{"allow":["GET"]}}],"collection":[{"href":"https:\/\/meelis.raume.eu\/index.php?rest_route=\/wp\/v2\/pages"}],"about":[{"href":"https:\/\/meelis.raume.eu\/index.php?rest_route=\/wp\/v2\/types\/page"}],"author":[{"embeddable":true,"href":"https:\/\/meelis.raume.eu\/index.php?rest_route=\/wp\/v2\/users\/1"}],"replies":[{"embeddable":true,"href":"https:\/\/meelis.raume.eu\/index.php?rest_route=%2Fwp%2Fv2%2Fcomments&post=578"}],"version-history":[{"count":1,"href":"https:\/\/meelis.raume.eu\/index.php?rest_route=\/wp\/v2\/pages\/578\/revisions"}],"predecessor-version":[{"id":579,"href":"https:\/\/meelis.raume.eu\/index.php?rest_route=\/wp\/v2\/pages\/578\/revisions\/579"}],"up":[{"embeddable":true,"href":"https:\/\/meelis.raume.eu\/index.php?rest_route=\/wp\/v2\/pages\/527"}],"wp:attachment":[{"href":"https:\/\/meelis.raume.eu\/index.php?rest_route=%2Fwp%2Fv2%2Fmedia&parent=578"}],"curies":[{"name":"wp","href":"https:\/\/api.w.org\/{rel}","templated":true}]}}