{"id":580,"date":"2012-04-04T13:36:59","date_gmt":"2012-04-04T11:36:59","guid":{"rendered":"http:\/\/meelis.raume.eu\/?page_id=580"},"modified":"2014-02-10T02:16:08","modified_gmt":"2014-02-10T00:16:08","slug":"vari","status":"publish","type":"page","link":"https:\/\/meelis.raume.eu\/?page_id=580","title":{"rendered":"Unen\u00e4gu"},"content":{"rendered":"<address>\u00d5htul kui magama l\u00e4hed,<\/address>\n<address>suled silmad ja kustutad t\u00e4hed!<br \/>\nUnen\u00e4gudes oled Sa vaba,<\/address>\n<address>ahelatest kus peidetud taba!<\/address>\n<address>\u00a0<\/address>\n<address>Oodates Sind iga \u00f6\u00f6,<\/address>\n<address>k\u00fc\u00fcnal p\u00f5leb ja tuli on t\u00f6\u00f6l!<\/address>\n<address>Kolistades akna taga<\/address>\n<address>p\u00e4rib tuul, kas Sa ei maga?<\/address>\n<address>\u00a0<\/address>\n<address>Tasa, tasa, ei ma maga,<\/address>\n<address>unen\u00e4gu, ukse taga!<\/address>\n<address>Kuulen juba vaikseid samme,<\/address>\n<address>\u00f5hk t\u00e4is v\u00f5belevat rammu!<\/address>\n<address>\u00a0<\/address>\n<address>Sa tuled ja kustutad tuled,<\/address>\n<address>kohtumas j\u00e4llegi, \u00f5hkuvad paled!<\/address>\n<address>J\u00e4ine k\u00fclmus on h\u00e4rdumas,<\/address>\n<address>pime akna taga tardumas!<\/address>\n<address>\u00a0<\/address>\n<address>Miks nii kauaks j\u00e4id,<\/address>\n<address>r\u00e4\u00e4gi uudiseid h\u00e4id?<\/address>\n<address>Tulin Sulle \u00f5nne tooma,<\/address>\n<address>klaasist veidi armu jooma!<\/address>\n<address>\u00a0<\/address>\n<address>\u00d6\u00f6 t\u00e4is joovastavat \u00f5rnust,<\/address>\n<address>p\u00e4ev kohal justkui p\u00f5rgust!<\/address>\n<address>Meeleheitest ringi k\u00e4in,<\/address>\n<address>et sinna \u00f6\u00f6sse maha j\u00e4id!<\/address>\n","protected":false},"excerpt":{"rendered":"<p>\u00d5htul kui magama l\u00e4hed, suled silmad ja kustutad t\u00e4hed! Unen\u00e4gudes oled Sa vaba, ahelatest kus peidetud taba! \u00a0 Oodates Sind iga \u00f6\u00f6, k\u00fc\u00fcnal p\u00f5leb ja tuli on t\u00f6\u00f6l! Kolistades akna taga p\u00e4rib tuul, kas Sa ei maga? \u00a0 Tasa, tasa, &hellip; <a href=\"https:\/\/meelis.raume.eu\/?page_id=580\">J\u00e4tka lugemist <span class=\"meta-nav\">&rarr;<\/span><\/a><\/p>\n","protected":false},"author":1,"featured_media":0,"parent":527,"menu_order":0,"comment_status":"open","ping_status":"open","template":"onecolumn-page.php","meta":{"footnotes":""},"class_list":["post-580","page","type-page","status-publish","hentry"],"_links":{"self":[{"href":"https:\/\/meelis.raume.eu\/index.php?rest_route=\/wp\/v2\/pages\/580","targetHints":{"allow":["GET"]}}],"collection":[{"href":"https:\/\/meelis.raume.eu\/index.php?rest_route=\/wp\/v2\/pages"}],"about":[{"href":"https:\/\/meelis.raume.eu\/index.php?rest_route=\/wp\/v2\/types\/page"}],"author":[{"embeddable":true,"href":"https:\/\/meelis.raume.eu\/index.php?rest_route=\/wp\/v2\/users\/1"}],"replies":[{"embeddable":true,"href":"https:\/\/meelis.raume.eu\/index.php?rest_route=%2Fwp%2Fv2%2Fcomments&post=580"}],"version-history":[{"count":8,"href":"https:\/\/meelis.raume.eu\/index.php?rest_route=\/wp\/v2\/pages\/580\/revisions"}],"predecessor-version":[{"id":3524,"href":"https:\/\/meelis.raume.eu\/index.php?rest_route=\/wp\/v2\/pages\/580\/revisions\/3524"}],"up":[{"embeddable":true,"href":"https:\/\/meelis.raume.eu\/index.php?rest_route=\/wp\/v2\/pages\/527"}],"wp:attachment":[{"href":"https:\/\/meelis.raume.eu\/index.php?rest_route=%2Fwp%2Fv2%2Fmedia&parent=580"}],"curies":[{"name":"wp","href":"https:\/\/api.w.org\/{rel}","templated":true}]}}