{"id":5850,"date":"2018-12-20T22:23:59","date_gmt":"2018-12-20T20:23:59","guid":{"rendered":"http:\/\/meelis.raume.eu\/?page_id=5850"},"modified":"2018-12-20T22:34:43","modified_gmt":"2018-12-20T20:34:43","slug":"joulud","status":"publish","type":"page","link":"https:\/\/meelis.raume.eu\/?page_id=5850","title":{"rendered":"J\u00f5ulud"},"content":{"rendered":"\n<p>Lumme mattund \u00f5uehoovid,<br \/>t\u00e4hed justkui taevah\u00f5be!<br \/>S\u00fcdamlikud j\u00f5ulusoovid,<br \/>saadan Sulle, kallis s\u00f5ber!<\/p>\n\n\n\n<p>P\u00f5\u00f5sastel on lumekroonid,<br \/>taevast sajab ikka lund!<br \/>Rahulikke j\u00f5ulup\u00fchi,<br \/>k\u00e4es on sugulaste, tund!<\/p>\n\n\n\n<p>J\u00f5uluvana kaotand r\u00fchi,<br \/>p\u00f5der n\u00f5nda kiirelt ruttab!<br \/>S\u00fcdamlikke j\u00f5ulup\u00fchi,<br \/>kulla kauge, armas tuttav!<\/p>\n\n\n\n<p>S\u00fcdame see soojaks tegi,<br \/>kaunis, m\u00f5nus j\u00f5ulutunne!<br \/>R\u00f5\u00f5msaid p\u00fchi nendelegi,<br \/>k\u00f5ikidele, keda ei tunne!<\/p>\n","protected":false},"excerpt":{"rendered":"<p>Lumme mattund \u00f5uehoovid,t\u00e4hed justkui taevah\u00f5be!S\u00fcdamlikud j\u00f5ulusoovid,saadan Sulle, kallis s\u00f5ber! P\u00f5\u00f5sastel on lumekroonid,taevast sajab ikka lund!Rahulikke j\u00f5ulup\u00fchi,k\u00e4es on sugulaste, tund! J\u00f5uluvana kaotand r\u00fchi,p\u00f5der n\u00f5nda kiirelt ruttab!S\u00fcdamlikke j\u00f5ulup\u00fchi,kulla kauge, armas tuttav! S\u00fcdame see soojaks tegi,kaunis, m\u00f5nus j\u00f5ulutunne!R\u00f5\u00f5msaid p\u00fchi nendelegi,k\u00f5ikidele, keda ei tunne!<\/p>\n","protected":false},"author":1,"featured_media":0,"parent":527,"menu_order":0,"comment_status":"closed","ping_status":"closed","template":"onecolumn-page.php","meta":{"footnotes":""},"class_list":["post-5850","page","type-page","status-publish","hentry"],"_links":{"self":[{"href":"https:\/\/meelis.raume.eu\/index.php?rest_route=\/wp\/v2\/pages\/5850","targetHints":{"allow":["GET"]}}],"collection":[{"href":"https:\/\/meelis.raume.eu\/index.php?rest_route=\/wp\/v2\/pages"}],"about":[{"href":"https:\/\/meelis.raume.eu\/index.php?rest_route=\/wp\/v2\/types\/page"}],"author":[{"embeddable":true,"href":"https:\/\/meelis.raume.eu\/index.php?rest_route=\/wp\/v2\/users\/1"}],"replies":[{"embeddable":true,"href":"https:\/\/meelis.raume.eu\/index.php?rest_route=%2Fwp%2Fv2%2Fcomments&post=5850"}],"version-history":[{"count":3,"href":"https:\/\/meelis.raume.eu\/index.php?rest_route=\/wp\/v2\/pages\/5850\/revisions"}],"predecessor-version":[{"id":5853,"href":"https:\/\/meelis.raume.eu\/index.php?rest_route=\/wp\/v2\/pages\/5850\/revisions\/5853"}],"up":[{"embeddable":true,"href":"https:\/\/meelis.raume.eu\/index.php?rest_route=\/wp\/v2\/pages\/527"}],"wp:attachment":[{"href":"https:\/\/meelis.raume.eu\/index.php?rest_route=%2Fwp%2Fv2%2Fmedia&parent=5850"}],"curies":[{"name":"wp","href":"https:\/\/api.w.org\/{rel}","templated":true}]}}