{"id":5883,"date":"2019-07-02T21:05:11","date_gmt":"2019-07-02T19:05:11","guid":{"rendered":"http:\/\/meelis.raume.eu\/?page_id=5883"},"modified":"2019-07-03T21:46:21","modified_gmt":"2019-07-03T19:46:21","slug":"algus","status":"publish","type":"page","link":"https:\/\/meelis.raume.eu\/?page_id=5883","title":{"rendered":"Pikk plaan"},"content":{"rendered":"\n<p><strong>Tere j\u00e4lle, reisihuvilised!<\/strong><\/p>\n\n\n\n<p class=\"has-drop-cap\">K\u00e4tte on j\u00f5udnud uus ja huvitav reis kus ma suundun juba viiendat korda USA pinnale. Seekord valisin juurde veel Canada kus ma ei olegi varem k\u00e4inud. Reisim\u00f5tteid hakkasin m\u00f5lgutama kohe kui naasime Aasia tuurilt \u00fcle aasta tagasi ja peagi sai selgeks, et see on P\u00f5hja-Ameerika. T\u00f6\u00f6 lubab mul juulis pikemaid retki ette v\u00f5tta ja see oligi \u00fcks p\u00f5hjusi, et miks just sinna! S\u00fcgisel ega talvel just Canada ei kipu, sama k\u00fclma ilma saab palju l\u00e4hemalt k\u00e4tte.<\/p>\n\n\n\n<figure class=\"wp-block-image\"><img loading=\"lazy\" decoding=\"async\" width=\"900\" height=\"899\" src=\"http:\/\/meelis.raume.eu\/wp-content\/uploads\/2019\/07\/North_America_on_the_globe_white-red.svg_.png\" alt=\"\" class=\"wp-image-5962\" srcset=\"https:\/\/meelis.raume.eu\/wp-content\/uploads\/2019\/07\/North_America_on_the_globe_white-red.svg_.png 900w, https:\/\/meelis.raume.eu\/wp-content\/uploads\/2019\/07\/North_America_on_the_globe_white-red.svg_-150x150.png 150w, https:\/\/meelis.raume.eu\/wp-content\/uploads\/2019\/07\/North_America_on_the_globe_white-red.svg_-300x300.png 300w, https:\/\/meelis.raume.eu\/wp-content\/uploads\/2019\/07\/North_America_on_the_globe_white-red.svg_-768x767.png 768w\" sizes=\"auto, (max-width: 900px) 100vw, 900px\" \/><figcaption>P\u00f5hja &#8211; Ameerika<\/figcaption><\/figure>\n\n\n\n<p>Piletid sai meil ostetud paar kuud enne v\u00e4ljalendu kus lendame Helsingist Stockholmi, sealt edasi Copenhageni ning sealt \u00fcle Atlandi Bostoni. <\/p>\n\n\n\n<figure class=\"wp-block-image\"><img loading=\"lazy\" decoding=\"async\" width=\"1024\" height=\"576\" src=\"http:\/\/meelis.raume.eu\/wp-content\/uploads\/2019\/07\/Hel-Stock-1024x576.jpg\" alt=\"\" class=\"wp-image-5875\" srcset=\"https:\/\/meelis.raume.eu\/wp-content\/uploads\/2019\/07\/Hel-Stock-1024x576.jpg 1024w, https:\/\/meelis.raume.eu\/wp-content\/uploads\/2019\/07\/Hel-Stock-300x169.jpg 300w, https:\/\/meelis.raume.eu\/wp-content\/uploads\/2019\/07\/Hel-Stock-768x432.jpg 768w, https:\/\/meelis.raume.eu\/wp-content\/uploads\/2019\/07\/Hel-Stock.jpg 1280w\" sizes=\"auto, (max-width: 1024px) 100vw, 1024px\" \/><figcaption>Helsinki &#8211; Stockholm<\/figcaption><\/figure>\n\n\n\n<figure class=\"wp-block-image\"><img loading=\"lazy\" decoding=\"async\" width=\"1024\" height=\"576\" src=\"http:\/\/meelis.raume.eu\/wp-content\/uploads\/2019\/07\/Stock-Cop-1024x576.jpg\" alt=\"\" class=\"wp-image-5877\" srcset=\"https:\/\/meelis.raume.eu\/wp-content\/uploads\/2019\/07\/Stock-Cop-1024x576.jpg 1024w, https:\/\/meelis.raume.eu\/wp-content\/uploads\/2019\/07\/Stock-Cop-300x169.jpg 300w, https:\/\/meelis.raume.eu\/wp-content\/uploads\/2019\/07\/Stock-Cop-768x432.jpg 768w, https:\/\/meelis.raume.eu\/wp-content\/uploads\/2019\/07\/Stock-Cop.jpg 1280w\" sizes=\"auto, (max-width: 1024px) 100vw, 1024px\" \/><figcaption>Stockholm &#8211; Copenhagen<\/figcaption><\/figure>\n\n\n\n<figure class=\"wp-block-image\"><img loading=\"lazy\" decoding=\"async\" width=\"1024\" height=\"576\" src=\"http:\/\/meelis.raume.eu\/wp-content\/uploads\/2019\/07\/Cop-Bos-1024x576.jpg\" alt=\"\" class=\"wp-image-5874\" srcset=\"https:\/\/meelis.raume.eu\/wp-content\/uploads\/2019\/07\/Cop-Bos-1024x576.jpg 1024w, https:\/\/meelis.raume.eu\/wp-content\/uploads\/2019\/07\/Cop-Bos-300x169.jpg 300w, https:\/\/meelis.raume.eu\/wp-content\/uploads\/2019\/07\/Cop-Bos-768x432.jpg 768w, https:\/\/meelis.raume.eu\/wp-content\/uploads\/2019\/07\/Cop-Bos.jpg 1280w\" sizes=\"auto, (max-width: 1024px) 100vw, 1024px\" \/><figcaption>Copenhagen &#8211; Boston<\/figcaption><\/figure>\n\n\n\n<p class=\"has-drop-cap\">Valisin Bostoni just sellep\u00e4rast, et autorendihinnad on seal v\u00e4ga head ehk siis poole odavamad kui New York\u00b4ist. Kui pead pea kuuks ajaks auto rentima siis m\u00e4ngib rendihind juba olulist rolli. NYC\u00b4i oleks k\u00fcll saanud lennupiletid v\u00e4heke odavamalt kuid selle kallima otsa Bostonisse kompenseerib autorent kuhjaga. Samas on Bostonist Montreali (Canada) palju l\u00e4hem s\u00f5ita. L\u00e4hme n\u00fc\u00fcd siis neljakesi: mina, Anneli, s\u00f5ber Edvin ja Anneli vend Kaido. Paras punt autosse seiklema! Auto on meil samuti broneeritud. V\u00f5tsin keskmisest suurema keskklassi auto, et oleks ruumi lahedalt samuti tagaistmel ja neli v\u00e4ikest kohvrit samuti \u00e4ra mahuks.<\/p>\n\n\n\n<p>Pikk lend \u00fcle ookeani toimub just sellise lennukiga kus meid teenindab Scandinavian Airlines System ehk teise s\u00f5naga omak\u00fcla SAS!<\/p>\n\n\n\n<figure class=\"wp-block-image\"><img loading=\"lazy\" decoding=\"async\" width=\"1024\" height=\"682\" src=\"http:\/\/meelis.raume.eu\/wp-content\/uploads\/2019\/07\/SAS-1024x682.jpg\" alt=\"\" class=\"wp-image-5876\" srcset=\"https:\/\/meelis.raume.eu\/wp-content\/uploads\/2019\/07\/SAS-1024x682.jpg 1024w, https:\/\/meelis.raume.eu\/wp-content\/uploads\/2019\/07\/SAS-300x200.jpg 300w, https:\/\/meelis.raume.eu\/wp-content\/uploads\/2019\/07\/SAS-768x512.jpg 768w, https:\/\/meelis.raume.eu\/wp-content\/uploads\/2019\/07\/SAS.jpg 1280w\" sizes=\"auto, (max-width: 1024px) 100vw, 1024px\" \/><figcaption>Airbus Industrie A343 Jet<\/figcaption><\/figure>\n\n\n\n<p class=\"has-drop-cap\">R\u00e4\u00e4gin v\u00e4heke ka meie marsruudist mis kulgeb siis j\u00e4rgnevat rada m\u00f6\u00f6da:&nbsp;<strong>Boston (USA) \u2013 Meredith (USA) \u2013 Montreal (Canada) \u2013 Kingston (Canada) \u2013 Toronto (Canada) \u2013 Niagara Falls (Canada) \u2013 Detroit (USA) \u2013 Dayton (USA jne) \u2013 Cincinnati \u2013 Nashville \u2013 Knoxville \u2013 Cherokee \u2013 Asheville \u2013 Raleigh \u2013 Williamsburg \u2013 Luray Caverns \u2013 Washington \u2013 Philadelphia \u2013 New York \u2013 Boston<\/strong>.<\/p>\n\n\n\n<figure class=\"wp-block-image\"><img loading=\"lazy\" decoding=\"async\" width=\"1024\" height=\"576\" src=\"http:\/\/meelis.raume.eu\/wp-content\/uploads\/2019\/07\/USA-ringreis-1024x576.jpg\" alt=\"\" class=\"wp-image-5878\" srcset=\"https:\/\/meelis.raume.eu\/wp-content\/uploads\/2019\/07\/USA-ringreis-1024x576.jpg 1024w, https:\/\/meelis.raume.eu\/wp-content\/uploads\/2019\/07\/USA-ringreis-300x169.jpg 300w, https:\/\/meelis.raume.eu\/wp-content\/uploads\/2019\/07\/USA-ringreis-768x432.jpg 768w, https:\/\/meelis.raume.eu\/wp-content\/uploads\/2019\/07\/USA-ringreis.jpg 1280w\" sizes=\"auto, (max-width: 1024px) 100vw, 1024px\" \/><figcaption>USA &#8211; Canada ringreis<\/figcaption><\/figure>\n\n\n\n<p>Sai p\u00e4ris aukartust\u00e4ratav nimekiri, kuid mis teha see nurk tuleb ju USA-st \u00e4ra vaadata. Ringi kogupikkuseks on ca 5\u00b4000 km ja s\u00f5ita seda annab, kuigi USA-s on head teed ja saab nats gaasi samuti ikka vajutada. Teepeale olen otsinud v\u00e4lja \u00fcle 50 vaatamisv\u00e4\u00e4rsuse, kas igale poole j\u00f5uab on iseasi ja ei ole t\u00e4htis samuti sest igasse kiriku ja muuseumi ei j\u00f5uagi sisse minna aga 30 punkti on \u00fcsna olulised.<\/p>\n\n\n\n<p class=\"has-drop-cap\">Viisad said meil k\u00f5ik e-viisadena (Canada ja USA), minul on veel 10 aastane USA viisa mis kehtib veel m\u00f5ne aasta. Pean ainult vana passi selle tarbeks kaasa v\u00f5tma, et riiki p\u00e4\u00e4seda. J\u00e4\u00e4nud on veel 1,5 n\u00e4dalat \u00e4ralennuni kui seda jutuosa praegu kirjutan. P\u00f5nev on eriti Annelil ja Kaidol sest nad sinna Ameerika mandrile minemas esimest korda ning ootavad pikisilmi juba. Eks meil Edviniga on samuti p\u00f5nev sest ei ole kumbki Canadas k\u00e4inud ja see Kirde-USA osa on samuti p\u00e4ris omap\u00e4rane. Eks n\u00e4eb!<\/p>\n\n\n\n<blockquote class=\"wp-block-quote is-layout-flow wp-block-quote-is-layout-flow\"><p>J\u00e4rgmises osas &#8220;Teele&#8221; r\u00e4\u00e4gin Teile meie tegemistest lennujaama lab\u00fcrintides, lennukites ja kuulsustest ning tuttavatest keda kohtasime teel! <strong>Let&#8217;s go on!<\/strong><\/p><\/blockquote>\n","protected":false},"excerpt":{"rendered":"<p>Tere j\u00e4lle, reisihuvilised! K\u00e4tte on j\u00f5udnud uus ja huvitav reis kus ma suundun juba viiendat korda USA pinnale. Seekord valisin juurde veel Canada kus ma ei olegi varem k\u00e4inud. Reisim\u00f5tteid hakkasin m\u00f5lgutama kohe kui naasime Aasia tuurilt \u00fcle aasta tagasi &hellip; <a href=\"https:\/\/meelis.raume.eu\/?page_id=5883\">J\u00e4tka lugemist <span class=\"meta-nav\">&rarr;<\/span><\/a><\/p>\n","protected":false},"author":1,"featured_media":5971,"parent":5869,"menu_order":0,"comment_status":"open","ping_status":"closed","template":"onecolumn-page.php","meta":{"footnotes":""},"class_list":["post-5883","page","type-page","status-publish","has-post-thumbnail","hentry"],"_links":{"self":[{"href":"https:\/\/meelis.raume.eu\/index.php?rest_route=\/wp\/v2\/pages\/5883","targetHints":{"allow":["GET"]}}],"collection":[{"href":"https:\/\/meelis.raume.eu\/index.php?rest_route=\/wp\/v2\/pages"}],"about":[{"href":"https:\/\/meelis.raume.eu\/index.php?rest_route=\/wp\/v2\/types\/page"}],"author":[{"embeddable":true,"href":"https:\/\/meelis.raume.eu\/index.php?rest_route=\/wp\/v2\/users\/1"}],"replies":[{"embeddable":true,"href":"https:\/\/meelis.raume.eu\/index.php?rest_route=%2Fwp%2Fv2%2Fcomments&post=5883"}],"version-history":[{"count":22,"href":"https:\/\/meelis.raume.eu\/index.php?rest_route=\/wp\/v2\/pages\/5883\/revisions"}],"predecessor-version":[{"id":5963,"href":"https:\/\/meelis.raume.eu\/index.php?rest_route=\/wp\/v2\/pages\/5883\/revisions\/5963"}],"up":[{"embeddable":true,"href":"https:\/\/meelis.raume.eu\/index.php?rest_route=\/wp\/v2\/pages\/5869"}],"wp:featuredmedia":[{"embeddable":true,"href":"https:\/\/meelis.raume.eu\/index.php?rest_route=\/wp\/v2\/media\/5971"}],"wp:attachment":[{"href":"https:\/\/meelis.raume.eu\/index.php?rest_route=%2Fwp%2Fv2%2Fmedia&parent=5883"}],"curies":[{"name":"wp","href":"https:\/\/api.w.org\/{rel}","templated":true}]}}