{"id":5926,"date":"2019-07-03T19:58:43","date_gmt":"2019-07-03T17:58:43","guid":{"rendered":"http:\/\/meelis.raume.eu\/?page_id=5926"},"modified":"2019-07-15T15:45:10","modified_gmt":"2019-07-15T13:45:10","slug":"boston-tilton-derby-line","status":"publish","type":"page","link":"https:\/\/meelis.raume.eu\/?page_id=5926","title":{"rendered":"Boston &#8211; Tilton &#8211; Derby (US &#8211; Canada piir)"},"content":{"rendered":"\n<p><\/p>\n\n\n\n<p class=\"has-drop-cap\">Lennuk mis korra \u00f5hku on t\u00f5usnud, tuleb reeglina samuti maa peale tagasi. \u00dcles ei ole j\u00e4\u00e4nud \u00fckski veel! Lennuki maandudes hakkasid k\u00f5ik kohe sebima ja juba leidsimegi ennast lennujaama koridoridest. Isegi lollile on seal k\u00f5ik selgeks tehtud ja kuskile \u00e4ra p\u00f6\u00f6rata ei ole v\u00f5imalik kui j\u00f5uad l\u00f5puks oma piirikontrolli automaadi juurde. See oli \u00fcllatav, et suurema t\u00f6\u00f6 teeb \u00e4ra automaat (umbes nagu lennujaamade check\u00b4in post). T\u00e4idad k\u00fcsimused \u00e4ra ja saad paberi, millega suundud piirivalve ametniku juurde. Seal siis vaja s\u00f5rmed, silmad aparaadis tuvastada ja tempel passi, et oled saabunud USA pinnale. Teistel n\u00f5nda l\u00e4kski kuid mind ametnik (nooremapoolne naine) v\u00e4heke peedistas, et miks Sinul on 10 aasta viisa ja teised ESTA\u00b4ga (turistikas). Ei osanudki midagi vastata kohe. Pobisesin, et ma siin juba mitmeid kordi ning siis ei pea igakord ESTA\u00b4t tegema. Siis k\u00fcsis, et kellena ma t\u00f6\u00f6tan? Oma firma vastasin ning peale seda l\u00e4ks tempel passi, et 6 kuud v\u00f5in olla!<\/p>\n\n\n\n<p class=\"has-drop-cap\">Piir \u00fcletatud, otsisime oma omnibussi numbrit mis viiks meid autorendi keskusesse. Bussiga oli p\u00e4ris jupp maad s\u00f5ita sinna. Rendifirma oli meil \u201eAvis\u201c ja seisime sinna j\u00e4rjekorda kus ees oli oma 15 auto rentijat. Kulus ca tunnike kui saime leti ette. Mul oli renditud auto Saksa firma kaudu ja ta saatis paberid mulle mailile mida seal vajasin. Nagu ikka k\u00fcsiti juhilube ja vormistus algas. K\u00fcsis mitu inimest on ja palju kohvreid? 4 inimest ja 4 kohvrit \u00fctlesin. Peale seda l\u00e4ksid t\u00e4dil silmad suureks, et nii suurt autot tal anda ei ole momendil. \u00dctlesin, et broneerisin ju suure keskklassi auto. Sorry, aga k\u00f5ik on v\u00e4ljas praegu, tuli vastus. N\u00e4hes meie imestunud n\u00e4gu, \u00fctles, et makske 5 USD p\u00e4eva eest lisaks saate uhke auto mis t\u00e4is luksust \u2013 ise s\u00f5idab, r\u00e4\u00e4gib ja hoolitseb Teie eest. Ok, nii teemegi oli meie \u00fchine otsus. Maksin siis juurde ja leping vormistatud suunati meid autogaraa\u017ei. Seal ta meid ootas oma numbri all ja v\u00f5tmed armatuurlaua peal. Auto oli t\u00f5esti luksuslik ja v\u00e4ga suur, isegi Edvinil ei ulatanud p\u00f5lved esimese istme vastu. Meil l\u00e4ks seal garaa\u017eis veel tunnike kaduma sest \u00f5ppisime v\u00e4heke autot ja Navi\u00b4t tundma, peeglid paika, istmed m\u00e4llu jne. Nuppe oli palju nagu lennukis juba! Automargiks 2019 aasta mudel \u201eLincoln MKT &#8211; Large Luxury Crossover\u201c. Panen siia lingi samuti kes uudistada tahab  <a href=\"https:\/\/www.lincoln.com\/luxury-crossovers\/mkt\/\">https:\/\/www.lincoln.com\/luxury-crossovers\/mkt<\/a>  Nupud selged ja parameetrid autol paigas ning esimene aadress navisse lisatud (Walmart) hakkasime linnast v\u00e4lja s\u00f5itma. <\/p>\n\n\n\n<figure class=\"wp-block-image\"><img loading=\"lazy\" decoding=\"async\" width=\"1024\" height=\"576\" src=\"http:\/\/meelis.raume.eu\/wp-content\/uploads\/2019\/07\/20190710_122232-1024x576.jpg\" alt=\"\" class=\"wp-image-6000\" srcset=\"https:\/\/meelis.raume.eu\/wp-content\/uploads\/2019\/07\/20190710_122232-1024x576.jpg 1024w, https:\/\/meelis.raume.eu\/wp-content\/uploads\/2019\/07\/20190710_122232-300x169.jpg 300w, https:\/\/meelis.raume.eu\/wp-content\/uploads\/2019\/07\/20190710_122232-768x432.jpg 768w\" sizes=\"auto, (max-width: 1024px) 100vw, 1024px\" \/><\/figure>\n\n\n\n<figure class=\"wp-block-image\"><img loading=\"lazy\" decoding=\"async\" width=\"1024\" height=\"576\" src=\"http:\/\/meelis.raume.eu\/wp-content\/uploads\/2019\/07\/20190710_122245-1024x576.jpg\" alt=\"\" class=\"wp-image-6001\" srcset=\"https:\/\/meelis.raume.eu\/wp-content\/uploads\/2019\/07\/20190710_122245-1024x576.jpg 1024w, https:\/\/meelis.raume.eu\/wp-content\/uploads\/2019\/07\/20190710_122245-300x169.jpg 300w, https:\/\/meelis.raume.eu\/wp-content\/uploads\/2019\/07\/20190710_122245-768x432.jpg 768w\" sizes=\"auto, (max-width: 1024px) 100vw, 1024px\" \/><\/figure>\n\n\n\n<figure class=\"wp-block-image\"><img loading=\"lazy\" decoding=\"async\" width=\"1024\" height=\"576\" src=\"http:\/\/meelis.raume.eu\/wp-content\/uploads\/2019\/07\/20190710_121740-1024x576.jpg\" alt=\"\" class=\"wp-image-5999\" srcset=\"https:\/\/meelis.raume.eu\/wp-content\/uploads\/2019\/07\/20190710_121740-1024x576.jpg 1024w, https:\/\/meelis.raume.eu\/wp-content\/uploads\/2019\/07\/20190710_121740-300x169.jpg 300w, https:\/\/meelis.raume.eu\/wp-content\/uploads\/2019\/07\/20190710_121740-768x432.jpg 768w\" sizes=\"auto, (max-width: 1024px) 100vw, 1024px\" \/><figcaption>&#8230; tagumine rida autos!<\/figcaption><\/figure>\n\n\n\n<p class=\"has-drop-cap\">Walmart\u00b4i just sellep\u00e4rast, et oli vaja osta \u201eprepaid\u201c telefonikaart mis annab meile piiramatu neti ja telefonik\u00f5ned kuuks ajaks. Walmart\u00b4is leidsime kaardim\u00fc\u00fcgi koha \u00fcles kuid m\u00fc\u00fcjaid ei olnud. K\u00fcsides, keegi midagi ei teadnud, et k\u00fcll tuleb keegi, oli vastus. 15 mintsa ootamist, tulemust ei andnud sai j\u00e4lle p\u00f6\u00f6rdutud kellegi poole kes siis leidis kedagi kes tundis kedagi ja kes l\u00f5puks mulle selle ihaldatud kaardi m\u00fc\u00fcs. K\u00fcsisin, et kuidas seda aktiveerida, kehitati ainult \u00f5lgu! Ok, eks s\u00f5idame edasi ja esimeses \u00f6\u00f6bimiskohas nuputame mis saab v\u00f5i k\u00fcsime abi. Oma j\u00f5ududega me seal hakkame ei saanud sest kaardi aktiveerimine osutus tunduvalt keerukamaks kui arvasin. Esiteks oli seal 3 operaatori AT&amp;T, T-Mobile ja Verizone SIM kaardid ja ma ei teadnud mis on parimatest parim. Oma lolli peaga toppisin sisse Verizon kaardi mis hiljem selgus, et ei sobi Android s\u00fcsteemiga, nii v\u00e4itis hotelli admin kes aitas meil selle aktiveerida. Panime siis AT&amp;T kaardi ja saime k\u00f5ik oma aktiveerimised tehtud ning 4G nett jooksis nagu kevadine p\u00f5dravasikas. \u00d5htul k\u00e4isime s\u00f6\u00f6gipoolist otsimas ja ega midagi muud enam ei leidnudki kui bensiinijaama burger ja joogiks m\u00f5ned \u00f5lled. <\/p>\n\n\n\n<figure class=\"wp-block-image\"><img loading=\"lazy\" decoding=\"async\" width=\"1024\" height=\"699\" src=\"http:\/\/meelis.raume.eu\/wp-content\/uploads\/2019\/07\/1280px-Downtown_Tilton_5-1024x699.jpg\" alt=\"\" class=\"wp-image-6012\" srcset=\"https:\/\/meelis.raume.eu\/wp-content\/uploads\/2019\/07\/1280px-Downtown_Tilton_5-1024x699.jpg 1024w, https:\/\/meelis.raume.eu\/wp-content\/uploads\/2019\/07\/1280px-Downtown_Tilton_5-300x205.jpg 300w, https:\/\/meelis.raume.eu\/wp-content\/uploads\/2019\/07\/1280px-Downtown_Tilton_5-768x524.jpg 768w, https:\/\/meelis.raume.eu\/wp-content\/uploads\/2019\/07\/1280px-Downtown_Tilton_5.jpg 1280w\" sizes=\"auto, (max-width: 1024px) 100vw, 1024px\" \/><figcaption>&#8230; Tilton downtown!  <\/figcaption><\/figure>\n\n\n\n<figure class=\"wp-block-image\"><img loading=\"lazy\" decoding=\"async\" width=\"1024\" height=\"576\" src=\"http:\/\/meelis.raume.eu\/wp-content\/uploads\/2019\/07\/20190714_231220-1024x576.jpg\" alt=\"\" class=\"wp-image-5996\" srcset=\"https:\/\/meelis.raume.eu\/wp-content\/uploads\/2019\/07\/20190714_231220-1024x576.jpg 1024w, https:\/\/meelis.raume.eu\/wp-content\/uploads\/2019\/07\/20190714_231220-300x169.jpg 300w, https:\/\/meelis.raume.eu\/wp-content\/uploads\/2019\/07\/20190714_231220-768x432.jpg 768w\" sizes=\"auto, (max-width: 1024px) 100vw, 1024px\" \/><figcaption>&#8230; SIM kaardid!<\/figcaption><\/figure>\n\n\n\n<p class=\"has-drop-cap\">Uni oli hea esimesel \u00f6\u00f6l sest 24 tundi jutti sai eelnevalt \u00fcleval oldud koos lendudega. Hommikul peale s\u00f6\u00f6ki sai v\u00e4lja ennast checkitud ja kohe edasi Canada poole hakatud s\u00f5itma. Vahepeal tegime v\u00e4ikese peatuse suusakeskuse juures, et jalga sirutada. Maastik meenutas midagi Soome taolist, v\u00e4hemalt puud ja m\u00f5ningad kivid, kuid Soomes nii suuri k\u00fcnkaid ei ole. <\/p>\n\n\n\n<figure class=\"wp-block-image\"><img loading=\"lazy\" decoding=\"async\" width=\"1024\" height=\"576\" src=\"http:\/\/meelis.raume.eu\/wp-content\/uploads\/2019\/07\/20190710_122505-1024x576.jpg\" alt=\"\" class=\"wp-image-6002\" srcset=\"https:\/\/meelis.raume.eu\/wp-content\/uploads\/2019\/07\/20190710_122505-1024x576.jpg 1024w, https:\/\/meelis.raume.eu\/wp-content\/uploads\/2019\/07\/20190710_122505-300x169.jpg 300w, https:\/\/meelis.raume.eu\/wp-content\/uploads\/2019\/07\/20190710_122505-768x432.jpg 768w\" sizes=\"auto, (max-width: 1024px) 100vw, 1024px\" \/><figcaption>&#8230; koolikas!<\/figcaption><\/figure>\n\n\n\n<figure class=\"wp-block-image\"><img loading=\"lazy\" decoding=\"async\" width=\"1024\" height=\"576\" src=\"http:\/\/meelis.raume.eu\/wp-content\/uploads\/2019\/07\/20190710_135303-1-1024x576.jpg\" alt=\"\" class=\"wp-image-6005\" srcset=\"https:\/\/meelis.raume.eu\/wp-content\/uploads\/2019\/07\/20190710_135303-1-1024x576.jpg 1024w, https:\/\/meelis.raume.eu\/wp-content\/uploads\/2019\/07\/20190710_135303-1-300x169.jpg 300w, https:\/\/meelis.raume.eu\/wp-content\/uploads\/2019\/07\/20190710_135303-1-768x432.jpg 768w\" sizes=\"auto, (max-width: 1024px) 100vw, 1024px\" \/><figcaption>&#8230; haagissuvila!<\/figcaption><\/figure>\n\n\n\n<figure class=\"wp-block-image\"><img loading=\"lazy\" decoding=\"async\" width=\"1024\" height=\"576\" src=\"http:\/\/meelis.raume.eu\/wp-content\/uploads\/2019\/07\/20190710_1613040-1024x576.jpg\" alt=\"\" class=\"wp-image-6006\" srcset=\"https:\/\/meelis.raume.eu\/wp-content\/uploads\/2019\/07\/20190710_1613040-1024x576.jpg 1024w, https:\/\/meelis.raume.eu\/wp-content\/uploads\/2019\/07\/20190710_1613040-300x169.jpg 300w, https:\/\/meelis.raume.eu\/wp-content\/uploads\/2019\/07\/20190710_1613040-768x432.jpg 768w\" sizes=\"auto, (max-width: 1024px) 100vw, 1024px\" \/><figcaption>&#8230; selline motikas, \u00fcks ratas taga ja kaks ees!<\/figcaption><\/figure>\n\n\n\n<p class=\"has-drop-cap\">J\u00f5udsimegi varsti USA-Canada piirile kus j\u00e4rjekorda ei mingit. Ulatasin l\u00e4bi akna meie passid, piiriametnik lasi need arvutist l\u00e4bi ja k\u00fcsis kuhu l\u00e4hete, miks ja kui kauaks. Ammendava vastuse saanud k\u00fcsis, et ega Teil kahtlast midagi ei ole v\u00f5i narkootikume. Turtsatasin naerma, et muidugi mitte mis ilmselt rahuldas ametnikku kes andis passid tagasi ja t\u00f5stis t\u00f5kkepuu \u00fcles, et saaksime edasi s\u00f5ita. Piiri peal kulus ca 15 minutit koos j\u00e4rjekorras seismisega (2 tsiklimeest oli ees). See oli \u00fcle ootuste v\u00e4ga kiire piiri\u00fcletus meie jaoks.<\/p>\n\n\n\n<p> <em>J\u00e4rgmises osas \u201cTere Canada\u201d kohtume Teiega uues riigis v\u00e4hemalt minu jaoks!<\/em> <\/p>\n\n\n\n<p> <\/p>\n","protected":false},"excerpt":{"rendered":"<p>Lennuk mis korra \u00f5hku on t\u00f5usnud, tuleb reeglina samuti maa peale tagasi. \u00dcles ei ole j\u00e4\u00e4nud \u00fckski veel! Lennuki maandudes hakkasid k\u00f5ik kohe sebima ja juba leidsimegi ennast lennujaama koridoridest. Isegi lollile on seal k\u00f5ik selgeks tehtud ja kuskile \u00e4ra &hellip; <a href=\"https:\/\/meelis.raume.eu\/?page_id=5926\">J\u00e4tka lugemist <span class=\"meta-nav\">&rarr;<\/span><\/a><\/p>\n","protected":false},"author":1,"featured_media":5972,"parent":5905,"menu_order":0,"comment_status":"open","ping_status":"closed","template":"onecolumn-page.php","meta":{"footnotes":""},"class_list":["post-5926","page","type-page","status-publish","has-post-thumbnail","hentry"],"_links":{"self":[{"href":"https:\/\/meelis.raume.eu\/index.php?rest_route=\/wp\/v2\/pages\/5926","targetHints":{"allow":["GET"]}}],"collection":[{"href":"https:\/\/meelis.raume.eu\/index.php?rest_route=\/wp\/v2\/pages"}],"about":[{"href":"https:\/\/meelis.raume.eu\/index.php?rest_route=\/wp\/v2\/types\/page"}],"author":[{"embeddable":true,"href":"https:\/\/meelis.raume.eu\/index.php?rest_route=\/wp\/v2\/users\/1"}],"replies":[{"embeddable":true,"href":"https:\/\/meelis.raume.eu\/index.php?rest_route=%2Fwp%2Fv2%2Fcomments&post=5926"}],"version-history":[{"count":12,"href":"https:\/\/meelis.raume.eu\/index.php?rest_route=\/wp\/v2\/pages\/5926\/revisions"}],"predecessor-version":[{"id":6014,"href":"https:\/\/meelis.raume.eu\/index.php?rest_route=\/wp\/v2\/pages\/5926\/revisions\/6014"}],"up":[{"embeddable":true,"href":"https:\/\/meelis.raume.eu\/index.php?rest_route=\/wp\/v2\/pages\/5905"}],"wp:featuredmedia":[{"embeddable":true,"href":"https:\/\/meelis.raume.eu\/index.php?rest_route=\/wp\/v2\/media\/5972"}],"wp:attachment":[{"href":"https:\/\/meelis.raume.eu\/index.php?rest_route=%2Fwp%2Fv2%2Fmedia&parent=5926"}],"curies":[{"name":"wp","href":"https:\/\/api.w.org\/{rel}","templated":true}]}}