{"id":7975,"date":"2020-02-13T22:27:37","date_gmt":"2020-02-13T20:27:37","guid":{"rendered":"http:\/\/meelis.raume.eu\/?page_id=7975"},"modified":"2020-02-13T22:30:30","modified_gmt":"2020-02-13T20:30:30","slug":"meie-pelgupaik","status":"publish","type":"page","link":"https:\/\/meelis.raume.eu\/?page_id=7975","title":{"rendered":"Pelgupaik"},"content":{"rendered":"\n<p class=\"has-text-align-left\">\u2026 <em>jalutan metsas: Vaatan kuidas k\u00fcmned ja k\u00fcmned, kindlasti isegi sajad puud on ennast peale tugevat tormi sirgeks ajanud. Nad on visad ja tugevad ning ei anna alla! See kaunis p\u00e4eva algus peale tormist \u00f6\u00f6d l\u00f5hnab varajasel hommikutunnil nii j\u00f5uliselt, et kogu mets pannakse sellest aru saama, kaasaarvatud mina. Isegi aurav kohvitass ei suuda neid l\u00f5hnu oma aroomiga \u00fcletada.<\/em><\/p>\n\n\n\n<p>\u2026 <em>jalutan metsas: Vaatan kuidas k\u00fcmned ja k\u00fcmned, kindlasti isegi sajad pisikesed loomakesed toimetavad igap\u00e4evaseid toimetusi ja nad teavad t\u00e4pselt mida teha! Ei ole neid keegi taga sundinud ja neil puuduvad eba\u00f5nnestunud plaanid ning ettev\u00f5tmised, lihtsalt ajavad oma asja. Nad on pisikesed ja visad ning ei anna alla. Nad on selle tormi \u00fcle elanud ning terve mets on nende saginat ja sahistamist t\u00e4is. Isegi k\u00f5rval olev maantee ei suuda neid h\u00e4\u00e4li summutada.<\/em><\/p>\n\n\n\n<p>&#8230; <em>ja siis \u00e4kki, metsas ringi jalutades m\u00f5tlen: Et miks inimesed tihti rasketes olukordades alla annavad? Miks nad ei ole nagu need puud, mis tuules k\u00fcll kannatada said, kuid ei murdunud ning v\u00f5isid tormi ajal \u00f5lg \u00f5la k\u00f5rval \u00fcksteisele tuge pakkuda. Miks nad ei ole nagu need pisikesed loomakesed, kes rasketel hetkedel hoiavad kokku ning aitavad \u00fcksteist. Inimesel on ju m\u00f5istust rohkem kui nendel pisikestel loomakestel. Miks nad ei hoia kokku ja ei aita \u00fcksteist?<\/em><\/p>\n\n\n\n<p>\u2026 <em>jalutan metsas ja m\u00f5tlen: L\u00e4hedaste lahkumine, keerulised haigused, erinevad kannatused, eba\u00f5nnestunud plaanid ja ettev\u00f5tmised on ju inimestega niikaua kaasas k\u00e4inud kui inimkond on eksisteerinud. Miks osad inimesed l\u00e4bielatus karastuvad ja tugevamaks muutuvad, teised aga kohe alla annavad? Ma usun, et vastus ei olegi v\u00e4ga raske ja k\u00fcllap teavad seda v\u00e4ga paljud inimesed!<\/em><\/p>\n\n\n\n<p>\u2026 <em>jalutan metsas ja kuulen ennast m\u00f5tlemas valjusti: L\u00e4hedased suhted s\u00f5pradega tugevdavad ju meie sisemist ilu. Nad tugevdavad meie s\u00fcdant ja kogu meie organismi ning see kannab meid l\u00e4bi raskete aegade, andes meile rahu ja kindluse, et k\u00f5ik on h\u00e4sti olenemata hetkel toimuvast. Nad annavad meile j\u00f5u vastu pidada igas olukorras nii, et paljud ei m\u00e4rkagi meie juures v\u00e4himatki m\u00e4rki raskustest. S\u00f5brad on meie pelgupaigaks, meie v\u00f5imekaks tegijateks, meie r\u00f5\u00f5muks, rahuks ja lootuseks. S\u00f5brad annavad meile k\u00f5ik, et elada v\u00f5idukana mistahes olukorras. Ehk siis, &#8220;Iial \u00e4ra anna alla!&#8221; nagu \u00fctles Joyse Meyer ning toetu s\u00f5pradele nagu m\u00f5tlen mina!<\/em><\/p>\n\n\n\n<p>\u2026 <em>jalutan metsas ja muigan heasoovlikult: K\u00fcsid kindlasti enda k\u00e4est, et miks just Sulle neist asjadest kirjutan. Mida see v\u00f5rdlemine ja arutlemine mulle\/Sulle annab? Ikka vastuseid \u00fctlen ma, mida paljud teisedki kogu oma elus otsivad. Eks me k\u00f5ik proovime k\u00f5rvalt vaadates aru saada, miks m\u00f5ni toimetab, tegutseb nii ja on \u00fcleliia t\u00e4htsust t\u00e4is ning kellele keegi kunagi vastu \u00f6elda ei tohi ja kelle arvamus tema enda arvates on ainu\u00f5ige ning teisalt kuidas suudab m\u00f5ni leebe ja armastavana kogu oma elu \u00e4ra elada. Eks selles peitubki enese avastamise r\u00f5\u00f5m, mis on samuti \u00fcks suurtest r\u00f5\u00f5mudest, eriti siis, kui see enese arengule kasuks tuleb!<\/em><\/p>\n\n\n\n<p>\u2026 <em>jalutan metsas ja m\u00f5tlen: Elu on iga p\u00e4ev ja iga samm t\u00e4is \u00fcllatusi! Keegi on kunagi, isegi kusagil kirjutanud, et k\u00f5ige suurem \u00fcllatus on inimese jaoks Tema ise. Sellest johtuvalt \u00e4ra ole endaski kunagi nii kindel, et Sa ise ei v\u00f5i ootamatult oma meelt muuta! \u00c4ra otsusta kunagi kellegi \u00fcle m\u00f5ne pealiskaudse info v\u00f5i m\u00f5ne muu m\u00fcra p\u00f5hjal, ilma et oleksid Temast &nbsp;rohkem teada saanud ja teda isiklikult tundma \u00f5ppinud.<\/em><\/p>\n\n\n\n<p>\u2026 <em>jalutan metsas ja tuli meelde Marek Sadam, kus Ta \u00fctles: Ei ole vahet, kas inimene k\u00e4ib sada meetrit k\u00fclavaheteed v\u00f5i \u00fchest maailma otsast teise &#8211; kui s\u00fcda ja silmad on lahti, siis \u00f5pib Ta igal juhul.<\/em><\/p>\n","protected":false},"excerpt":{"rendered":"<p>\u2026 jalutan metsas: Vaatan kuidas k\u00fcmned ja k\u00fcmned, kindlasti isegi sajad puud on ennast peale tugevat tormi sirgeks ajanud. Nad on visad ja tugevad ning ei anna alla! See kaunis p\u00e4eva algus peale tormist \u00f6\u00f6d l\u00f5hnab varajasel hommikutunnil nii j\u00f5uliselt, &hellip; <a href=\"https:\/\/meelis.raume.eu\/?page_id=7975\">J\u00e4tka lugemist <span class=\"meta-nav\">&rarr;<\/span><\/a><\/p>\n","protected":false},"author":1,"featured_media":0,"parent":529,"menu_order":0,"comment_status":"closed","ping_status":"closed","template":"onecolumn-page.php","meta":{"footnotes":""},"class_list":["post-7975","page","type-page","status-publish","hentry"],"_links":{"self":[{"href":"https:\/\/meelis.raume.eu\/index.php?rest_route=\/wp\/v2\/pages\/7975","targetHints":{"allow":["GET"]}}],"collection":[{"href":"https:\/\/meelis.raume.eu\/index.php?rest_route=\/wp\/v2\/pages"}],"about":[{"href":"https:\/\/meelis.raume.eu\/index.php?rest_route=\/wp\/v2\/types\/page"}],"author":[{"embeddable":true,"href":"https:\/\/meelis.raume.eu\/index.php?rest_route=\/wp\/v2\/users\/1"}],"replies":[{"embeddable":true,"href":"https:\/\/meelis.raume.eu\/index.php?rest_route=%2Fwp%2Fv2%2Fcomments&post=7975"}],"version-history":[{"count":4,"href":"https:\/\/meelis.raume.eu\/index.php?rest_route=\/wp\/v2\/pages\/7975\/revisions"}],"predecessor-version":[{"id":7979,"href":"https:\/\/meelis.raume.eu\/index.php?rest_route=\/wp\/v2\/pages\/7975\/revisions\/7979"}],"up":[{"embeddable":true,"href":"https:\/\/meelis.raume.eu\/index.php?rest_route=\/wp\/v2\/pages\/529"}],"wp:attachment":[{"href":"https:\/\/meelis.raume.eu\/index.php?rest_route=%2Fwp%2Fv2%2Fmedia&parent=7975"}],"curies":[{"name":"wp","href":"https:\/\/api.w.org\/{rel}","templated":true}]}}