{"id":7990,"date":"2013-10-09T21:44:00","date_gmt":"2013-10-09T19:44:00","guid":{"rendered":"http:\/\/meelis.raume.eu\/?page_id=7990"},"modified":"2020-10-09T22:31:29","modified_gmt":"2020-10-09T20:31:29","slug":"sunnipaev-2","status":"publish","type":"page","link":"https:\/\/meelis.raume.eu\/?page_id=7990","title":{"rendered":"S\u00fcnnip\u00e4ev II"},"content":{"rendered":"\n<pre class=\"wp-block-verse\">\u00d5htul kui magama l\u00e4hed,\nsuled silmad ja kustutad t\u00e4hed!\n\u00d5nn kallistab Sind iga hetk,\nmagusunes saabub p\u00e4evane j\u00e4tk!\n----------------------------\nSeitsme maa ja mere tagant\nlillekimp on teel!\nNende peidus kallistused\nkuumad alles veel!\n-------------------------\nSellel p\u00e4eval Sa s\u00fcndisid!\nSelles elus\u00a0oled Sa leidnud omale koha!\nSellel teel m\u00e4ngid Sa v\u00e4ga erinevaid rolle!\nSelle alguse ja l\u00f5pp-punkti vahel on Sinu maailm!\n\u00d5nne ja r\u00f5\u00f5mu sellel teel!\n------------------------------\n\u00d5nnelik ei saa olla soovides.\n\u00d5nnelik saab olla \u00f5nnelik olles!\nH\u00e4id ja ilusaid soove!\n\n<\/pre>\n","protected":false},"excerpt":{"rendered":"<p>\u00d5htul kui magama l\u00e4hed, suled silmad ja kustutad t\u00e4hed! \u00d5nn kallistab Sind iga hetk, magusunes saabub p\u00e4evane j\u00e4tk! &#8212;&#8212;&#8212;&#8212;&#8212;&#8212;&#8212;&#8212;&#8212;- Seitsme maa ja mere tagant lillekimp on teel! Nende peidus kallistused kuumad alles veel! &#8212;&#8212;&#8212;&#8212;&#8212;&#8212;&#8212;&#8212;- Sellel p\u00e4eval Sa s\u00fcndisid! Selles elus\u00a0oled &hellip; <a href=\"https:\/\/meelis.raume.eu\/?page_id=7990\">J\u00e4tka lugemist <span class=\"meta-nav\">&rarr;<\/span><\/a><\/p>\n","protected":false},"author":1,"featured_media":0,"parent":527,"menu_order":0,"comment_status":"closed","ping_status":"closed","template":"onecolumn-page.php","meta":{"footnotes":""},"class_list":["post-7990","page","type-page","status-publish","hentry"],"_links":{"self":[{"href":"https:\/\/meelis.raume.eu\/index.php?rest_route=\/wp\/v2\/pages\/7990","targetHints":{"allow":["GET"]}}],"collection":[{"href":"https:\/\/meelis.raume.eu\/index.php?rest_route=\/wp\/v2\/pages"}],"about":[{"href":"https:\/\/meelis.raume.eu\/index.php?rest_route=\/wp\/v2\/types\/page"}],"author":[{"embeddable":true,"href":"https:\/\/meelis.raume.eu\/index.php?rest_route=\/wp\/v2\/users\/1"}],"replies":[{"embeddable":true,"href":"https:\/\/meelis.raume.eu\/index.php?rest_route=%2Fwp%2Fv2%2Fcomments&post=7990"}],"version-history":[{"count":4,"href":"https:\/\/meelis.raume.eu\/index.php?rest_route=\/wp\/v2\/pages\/7990\/revisions"}],"predecessor-version":[{"id":8011,"href":"https:\/\/meelis.raume.eu\/index.php?rest_route=\/wp\/v2\/pages\/7990\/revisions\/8011"}],"up":[{"embeddable":true,"href":"https:\/\/meelis.raume.eu\/index.php?rest_route=\/wp\/v2\/pages\/527"}],"wp:attachment":[{"href":"https:\/\/meelis.raume.eu\/index.php?rest_route=%2Fwp%2Fv2%2Fmedia&parent=7990"}],"curies":[{"name":"wp","href":"https:\/\/api.w.org\/{rel}","templated":true}]}}