{"id":8006,"date":"2012-10-09T22:25:00","date_gmt":"2012-10-09T20:25:00","guid":{"rendered":"http:\/\/meelis.raume.eu\/?page_id=8006"},"modified":"2020-10-09T22:26:08","modified_gmt":"2020-10-09T20:26:08","slug":"lapsele","status":"publish","type":"page","link":"https:\/\/meelis.raume.eu\/?page_id=8006","title":{"rendered":"Lapsele"},"content":{"rendered":"\n<pre class=\"wp-block-verse\">Lapsele head ema ja isa!\nEmale ja isale l\u00f5pmatut kisa!\nLapsele t\u00f6\u00f6kat mammat ja papat!\nKes minu m\u00e4hkmed l\u00e4bi k\u00f5ik lappab!<\/pre>\n","protected":false},"excerpt":{"rendered":"<p>Lapsele head ema ja isa! Emale ja isale l\u00f5pmatut kisa! Lapsele t\u00f6\u00f6kat mammat ja papat! Kes minu m\u00e4hkmed l\u00e4bi k\u00f5ik lappab!<\/p>\n","protected":false},"author":1,"featured_media":0,"parent":527,"menu_order":0,"comment_status":"closed","ping_status":"closed","template":"onecolumn-page.php","meta":{"footnotes":""},"class_list":["post-8006","page","type-page","status-publish","hentry"],"_links":{"self":[{"href":"https:\/\/meelis.raume.eu\/index.php?rest_route=\/wp\/v2\/pages\/8006","targetHints":{"allow":["GET"]}}],"collection":[{"href":"https:\/\/meelis.raume.eu\/index.php?rest_route=\/wp\/v2\/pages"}],"about":[{"href":"https:\/\/meelis.raume.eu\/index.php?rest_route=\/wp\/v2\/types\/page"}],"author":[{"embeddable":true,"href":"https:\/\/meelis.raume.eu\/index.php?rest_route=\/wp\/v2\/users\/1"}],"replies":[{"embeddable":true,"href":"https:\/\/meelis.raume.eu\/index.php?rest_route=%2Fwp%2Fv2%2Fcomments&post=8006"}],"version-history":[{"count":1,"href":"https:\/\/meelis.raume.eu\/index.php?rest_route=\/wp\/v2\/pages\/8006\/revisions"}],"predecessor-version":[{"id":8007,"href":"https:\/\/meelis.raume.eu\/index.php?rest_route=\/wp\/v2\/pages\/8006\/revisions\/8007"}],"up":[{"embeddable":true,"href":"https:\/\/meelis.raume.eu\/index.php?rest_route=\/wp\/v2\/pages\/527"}],"wp:attachment":[{"href":"https:\/\/meelis.raume.eu\/index.php?rest_route=%2Fwp%2Fv2%2Fmedia&parent=8006"}],"curies":[{"name":"wp","href":"https:\/\/api.w.org\/{rel}","templated":true}]}}