{"id":8084,"date":"2025-09-30T17:17:04","date_gmt":"2025-09-30T15:17:04","guid":{"rendered":"https:\/\/meelis.raume.eu\/?page_id=8084"},"modified":"2025-09-30T18:15:06","modified_gmt":"2025-09-30T16:15:06","slug":"teed","status":"publish","type":"page","link":"https:\/\/meelis.raume.eu\/?page_id=8084","title":{"rendered":"Teed"},"content":{"rendered":"\n<pre class=\"wp-block-verse\">Iga\u00fcks on omal teel!<br \/>M\u00e4gedes v\u00f5i sillerdaval veel.<br \/>Teel erinevaid peatusi,<br \/>kus ette tuleb kaotusi.<br \/><br \/>Iga\u00fcks on omal teel!<br \/>Juhib teda, enda meel.<br \/>Teed kohtuvad ja ristuvad<br \/>ning aegapidi rohtuvad.<br \/><br \/>Iga\u00fcks on omal teel!<br \/>Palju j\u00e4\u00e4nud k\u00e4ia veel?<br \/>M\u00f5istatame ohates,<br \/>viivuks seistes, puhates.<br \/><br \/>Iga\u00fcks on omal teel!<br \/>P\u00e4ike silmapiiril veel.<br \/>R\u00e4nnak hakkab laabuma<br \/>ja pimedus ka saabuma.<br \/><\/pre>\n","protected":false},"excerpt":{"rendered":"<p>Iga\u00fcks on omal teel!M\u00e4gedes v\u00f5i sillerdaval veel.Teel erinevaid peatusi,kus ette tuleb kaotusi.Iga\u00fcks on omal teel!Juhib teda, enda meel.Teed kohtuvad ja ristuvadning aegapidi rohtuvad.Iga\u00fcks on omal teel!Palju j\u00e4\u00e4nud k\u00e4ia veel?M\u00f5istatame ohates,viivuks seistes, puhates.Iga\u00fcks on omal teel!P\u00e4ike silmapiiril veel.R\u00e4nnak hakkab laabumaja pimedus &hellip; <a href=\"https:\/\/meelis.raume.eu\/?page_id=8084\">J\u00e4tka lugemist <span class=\"meta-nav\">&rarr;<\/span><\/a><\/p>\n","protected":false},"author":1,"featured_media":0,"parent":527,"menu_order":0,"comment_status":"closed","ping_status":"closed","template":"onecolumn-page.php","meta":{"footnotes":""},"class_list":["post-8084","page","type-page","status-publish","hentry"],"_links":{"self":[{"href":"https:\/\/meelis.raume.eu\/index.php?rest_route=\/wp\/v2\/pages\/8084","targetHints":{"allow":["GET"]}}],"collection":[{"href":"https:\/\/meelis.raume.eu\/index.php?rest_route=\/wp\/v2\/pages"}],"about":[{"href":"https:\/\/meelis.raume.eu\/index.php?rest_route=\/wp\/v2\/types\/page"}],"author":[{"embeddable":true,"href":"https:\/\/meelis.raume.eu\/index.php?rest_route=\/wp\/v2\/users\/1"}],"replies":[{"embeddable":true,"href":"https:\/\/meelis.raume.eu\/index.php?rest_route=%2Fwp%2Fv2%2Fcomments&post=8084"}],"version-history":[{"count":3,"href":"https:\/\/meelis.raume.eu\/index.php?rest_route=\/wp\/v2\/pages\/8084\/revisions"}],"predecessor-version":[{"id":8089,"href":"https:\/\/meelis.raume.eu\/index.php?rest_route=\/wp\/v2\/pages\/8084\/revisions\/8089"}],"up":[{"embeddable":true,"href":"https:\/\/meelis.raume.eu\/index.php?rest_route=\/wp\/v2\/pages\/527"}],"wp:attachment":[{"href":"https:\/\/meelis.raume.eu\/index.php?rest_route=%2Fwp%2Fv2%2Fmedia&parent=8084"}],"curies":[{"name":"wp","href":"https:\/\/api.w.org\/{rel}","templated":true}]}}